{"id":54685,"date":"2023-04-01T10:02:32","date_gmt":"2023-04-01T07:02:32","guid":{"rendered":"https:\/\/www.nautical.store\/toode\/tide-polo\/"},"modified":"2026-02-26T14:19:23","modified_gmt":"2026-02-26T12:19:23","slug":"tide-polo","status":"publish","type":"product","link":"https:\/\/nautical.store\/fi\/tuote\/tide-polo\/","title":{"rendered":"Tide Polo"},"content":{"rendered":"<p>Tide Polo on valmistettu 95 % laadukkaasta puuvillasta ja 5 % elastaanista. Piqu\u00e9-kankaassa on yksinkertainen neulottu kaulus sek\u00e4 sivuhalkiot, joissa tyylikk\u00e4\u00e4t t\u00e4htikoristeet. Kaksoisneulotut resorit hihansuissa tuovat kontrastia raidallisella viimeistelyll\u00e4.<\/p>\n<p>Materiaali: 95 % puuvillaa, 5 % elastaania<br \/>\nLaadukas puuvillainen piqu\u00e9-kangas<br \/>\nPiilotettu nappilista<br \/>\nKaksoisneulottu ribbikaulus, jossa kontrastiraita reunassa<br \/>\nKaksoisneulottu ribbiresori hihansuissa kontrastiraidoilla<br \/>\nSivuhalkiot t\u00e4htikoristeilla<br \/>\nKontrastiv\u00e4riset tikkaukset<br \/>\nP-logo kirjailtuna sel\u00e4n puolikuun kohdalla<br \/>\nP-logo huopamerkki vasemmassa hihassa<\/p>\n","protected":false},"excerpt":{"rendered":"<p>Klassinen miesten pikeepaita<\/p>\n","protected":false},"featured_media":80943,"template":"","meta":{"_acf_changed":false},"pwb-brand":[838],"product_brand":[],"product_cat":[777,1259,633],"product_tag":[],"woo-feed-brand":[],"class_list":{"0":"post-54685","1":"product","2":"type-product","3":"status-publish","4":"has-post-thumbnail","6":"pwb-brand-pelle-petterson-fi","7":"product_cat-miehet","8":"product_cat-miesten-golfvaatteet","9":"product_cat-paidat-fi","11":"first","12":"instock","13":"taxable","14":"shipping-taxable","15":"purchasable","16":"product-type-variable","17":"wvs-archive-product-wrapper"},"acf":[],"brands":[{"id":838,"name":"Pelle Petterson","slug":"pelle-petterson-fi"}],"_links":{"self":[{"href":"https:\/\/nautical.store\/fi\/wp-json\/wp\/v2\/product\/54685","targetHints":{"allow":["GET"]}}],"collection":[{"href":"https:\/\/nautical.store\/fi\/wp-json\/wp\/v2\/product"}],"about":[{"href":"https:\/\/nautical.store\/fi\/wp-json\/wp\/v2\/types\/product"}],"wp:featuredmedia":[{"embeddable":true,"href":"https:\/\/nautical.store\/fi\/wp-json\/wp\/v2\/media\/80943"}],"wp:attachment":[{"href":"https:\/\/nautical.store\/fi\/wp-json\/wp\/v2\/media?parent=54685"}],"wp:term":[{"taxonomy":"pwb-brand","embeddable":true,"href":"https:\/\/nautical.store\/fi\/wp-json\/wp\/v2\/pwb-brand?post=54685"},{"taxonomy":"product_brand","embeddable":true,"href":"https:\/\/nautical.store\/fi\/wp-json\/wp\/v2\/product_brand?post=54685"},{"taxonomy":"product_cat","embeddable":true,"href":"https:\/\/nautical.store\/fi\/wp-json\/wp\/v2\/product_cat?post=54685"},{"taxonomy":"product_tag","embeddable":true,"href":"https:\/\/nautical.store\/fi\/wp-json\/wp\/v2\/product_tag?post=54685"},{"taxonomy":"woo-feed-brand","embeddable":true,"href":"https:\/\/nautical.store\/fi\/wp-json\/wp\/v2\/woo-feed-brand?post=54685"}],"curies":[{"name":"wp","href":"https:\/\/api.w.org\/{rel}","templated":true}]}}