{"id":54695,"date":"2023-04-01T09:25:27","date_gmt":"2023-04-01T06:25:27","guid":{"rendered":"https:\/\/www.nautical.store\/toode\/momentum-poolo\/"},"modified":"2026-04-09T16:08:29","modified_gmt":"2026-04-09T13:08:29","slug":"momentum-poolo","status":"publish","type":"product","link":"https:\/\/nautical.store\/fi\/tuote\/momentum-poolo\/","title":{"rendered":"PelleP Miesten Momentum\u2011pikeepaita"},"content":{"rendered":"<p>Suunniteltu liikkumiseen ja suorituskykyyn parhaalla tasolla. Momentum\u2011pikeepaita on joustavasta, kest\u00e4v\u00e4st\u00e4 ja rypistym\u00e4tt\u00f6m\u00e4st\u00e4 materiaalista valmistettu tekninen paita, joka siirt\u00e4\u00e4 kosteutta, kuivuu nopeasti ja s\u00e4ilytt\u00e4\u00e4 hyvin muotonsa. Mallissa on panostettu mukavuuteen ja n\u00e4kyvyyteen.<\/p>\n<ul>\n<li>Materiaali: 100 % polyesteri<\/li>\n<li>Lyhythihainen pikeepaita<\/li>\n<li>Ribbikaulus ja nappilista, jossa kolme Pelle P \u2011logonappia<\/li>\n<li>Siirretyt sivusaumat hiert\u00e4misen v\u00e4hent\u00e4miseksi<\/li>\n<li>Kontrastiv\u00e4riset bartack\u2011tikkaukset nappilistassa ja helmassa<\/li>\n<li>Kontrastinen kauluskantti<\/li>\n<li>Heijastava Pelle P \u2011logopainatus hihassa, vasemmassa olkap\u00e4\u00e4ss\u00e4 ja sel\u00e4ss\u00e4<\/li>\n<li>Heijastava True Experience \u2011logopainatus alasel\u00e4ss\u00e4<\/li>\n<\/ul>\n","protected":false},"excerpt":{"rendered":"<p>Ohut ja mukava miesten pikeepaita<\/p>\n","protected":false},"featured_media":93732,"template":"","meta":{"_acf_changed":false},"pwb-brand":[838],"product_brand":[],"product_cat":[1180,777,1259,1261,633,682],"product_tag":[],"woo-feed-brand":[],"class_list":{"0":"post-54695","1":"product","2":"type-product","3":"status-publish","4":"has-post-thumbnail","6":"pwb-brand-pelle-petterson-fi","7":"product_cat-golf-fi","8":"product_cat-miehet","9":"product_cat-miesten-golfvaatteet","10":"product_cat-miesten-purjehdusvaatteet","11":"product_cat-paidat-fi","12":"product_cat-tekniset-vaatteet","14":"first","15":"instock","16":"sale","17":"taxable","18":"shipping-taxable","19":"purchasable","20":"product-type-variable","21":"wvs-archive-product-wrapper"},"acf":[],"brands":[{"id":838,"name":"Pelle Petterson","slug":"pelle-petterson-fi"}],"_links":{"self":[{"href":"https:\/\/nautical.store\/fi\/wp-json\/wp\/v2\/product\/54695","targetHints":{"allow":["GET"]}}],"collection":[{"href":"https:\/\/nautical.store\/fi\/wp-json\/wp\/v2\/product"}],"about":[{"href":"https:\/\/nautical.store\/fi\/wp-json\/wp\/v2\/types\/product"}],"wp:featuredmedia":[{"embeddable":true,"href":"https:\/\/nautical.store\/fi\/wp-json\/wp\/v2\/media\/93732"}],"wp:attachment":[{"href":"https:\/\/nautical.store\/fi\/wp-json\/wp\/v2\/media?parent=54695"}],"wp:term":[{"taxonomy":"pwb-brand","embeddable":true,"href":"https:\/\/nautical.store\/fi\/wp-json\/wp\/v2\/pwb-brand?post=54695"},{"taxonomy":"product_brand","embeddable":true,"href":"https:\/\/nautical.store\/fi\/wp-json\/wp\/v2\/product_brand?post=54695"},{"taxonomy":"product_cat","embeddable":true,"href":"https:\/\/nautical.store\/fi\/wp-json\/wp\/v2\/product_cat?post=54695"},{"taxonomy":"product_tag","embeddable":true,"href":"https:\/\/nautical.store\/fi\/wp-json\/wp\/v2\/product_tag?post=54695"},{"taxonomy":"woo-feed-brand","embeddable":true,"href":"https:\/\/nautical.store\/fi\/wp-json\/wp\/v2\/woo-feed-brand?post=54695"}],"curies":[{"name":"wp","href":"https:\/\/api.w.org\/{rel}","templated":true}]}}