{"id":54714,"date":"2023-03-30T10:12:44","date_gmt":"2023-03-30T07:12:44","guid":{"rendered":"https:\/\/www.nautical.store\/toode\/1200-housut-3\/"},"modified":"2026-04-06T23:48:07","modified_gmt":"2026-04-06T20:48:07","slug":"1200-housut-3","status":"publish","type":"product","link":"https:\/\/nautical.store\/fi\/tuote\/1200-housut-3\/","title":{"rendered":"PelleP Miesten Housut 1200"},"content":{"rendered":"<p>1200\u2011housut ovat todellinen vaatekaapin perustuote. Ne on valmistettu vett\u00e4hylkiv\u00e4st\u00e4 ja nopeasti kuivuvasta joustavasta materiaalista, ja niit\u00e4 on vahvistettu kest\u00e4v\u00e4ll\u00e4 Xyrplex\u2122\u2011suojauksella juuri niiss\u00e4 kohdissa, joissa sit\u00e4 eniten tarvitaan. Housuissa on suuret tilavat etutaskut sek\u00e4 ulkopuolinen vetoketjullinen lahjetasku. T\u00e4ydellinen kumppani kaikkiin seikkailuihin.<\/p>\n<ul>\n<li>P\u00e4\u00e4materiaali: 89 % nailonia, 11 % elastaania<\/li>\n<li>Vahvikemateriaali: XYRPLEX\u2122 72 % nailonia, 14 % polyesteri\u00e4, 14 % elastaania<\/li>\n<li>Vett\u00e4hylkiv\u00e4 ja nopeasti kuivuva joustokangas XYRPLEX\u2122\u2011vahvikkeet<\/li>\n<li>Kontrastiv\u00e4riset joustavat vahvikkeet mukavaan istuvuuteen ja erinomaiseen liikkuvuuteen<\/li>\n<li>Tilavat etutaskut<\/li>\n<li>Kaksi vetoketjullista lahjetaskua<\/li>\n<li>Kaksi takataskua piilotetulla vetoketjulla<\/li>\n<li>Vetoketjullinen etukiinnitys<\/li>\n<li>Kontrastiv\u00e4riset vahvistetut ompeleet<\/li>\n<li>Pelle P \u2011kirjailu vasemmassa lahkeessa ja takavy\u00f6lenkiss\u00e4 &#8221;Navigare necesse est&#8221; \u2011painatus vy\u00f6t\u00e4r\u00f6n sis\u00e4puolella<\/li>\n<li>Mukana Pelle P \u2011vy\u00f6<\/li>\n<\/ul>\n","protected":false},"excerpt":{"rendered":"<p>Miesten mukavat tekniset housut<\/p>\n","protected":false},"featured_media":41705,"template":"","meta":{"_acf_changed":false},"pwb-brand":[838],"product_brand":[],"product_cat":[610,777,1261,682],"product_tag":[],"woo-feed-brand":[],"class_list":{"0":"post-54714","1":"product","2":"type-product","3":"status-publish","4":"has-post-thumbnail","6":"pwb-brand-pelle-petterson-fi","7":"product_cat-housut","8":"product_cat-miehet","9":"product_cat-miesten-purjehdusvaatteet","10":"product_cat-tekniset-vaatteet","12":"first","13":"instock","14":"taxable","15":"shipping-taxable","16":"purchasable","17":"product-type-variable","18":"wvs-archive-product-wrapper"},"acf":[],"brands":[{"id":838,"name":"Pelle Petterson","slug":"pelle-petterson-fi"}],"_links":{"self":[{"href":"https:\/\/nautical.store\/fi\/wp-json\/wp\/v2\/product\/54714","targetHints":{"allow":["GET"]}}],"collection":[{"href":"https:\/\/nautical.store\/fi\/wp-json\/wp\/v2\/product"}],"about":[{"href":"https:\/\/nautical.store\/fi\/wp-json\/wp\/v2\/types\/product"}],"wp:featuredmedia":[{"embeddable":true,"href":"https:\/\/nautical.store\/fi\/wp-json\/wp\/v2\/media\/41705"}],"wp:attachment":[{"href":"https:\/\/nautical.store\/fi\/wp-json\/wp\/v2\/media?parent=54714"}],"wp:term":[{"taxonomy":"pwb-brand","embeddable":true,"href":"https:\/\/nautical.store\/fi\/wp-json\/wp\/v2\/pwb-brand?post=54714"},{"taxonomy":"product_brand","embeddable":true,"href":"https:\/\/nautical.store\/fi\/wp-json\/wp\/v2\/product_brand?post=54714"},{"taxonomy":"product_cat","embeddable":true,"href":"https:\/\/nautical.store\/fi\/wp-json\/wp\/v2\/product_cat?post=54714"},{"taxonomy":"product_tag","embeddable":true,"href":"https:\/\/nautical.store\/fi\/wp-json\/wp\/v2\/product_tag?post=54714"},{"taxonomy":"woo-feed-brand","embeddable":true,"href":"https:\/\/nautical.store\/fi\/wp-json\/wp\/v2\/woo-feed-brand?post=54714"}],"curies":[{"name":"wp","href":"https:\/\/api.w.org\/{rel}","templated":true}]}}