{"id":54733,"date":"2023-03-30T09:56:43","date_gmt":"2023-03-30T06:56:43","guid":{"rendered":"https:\/\/www.nautical.store\/toode\/1200-housut-4\/"},"modified":"2026-04-02T19:59:19","modified_gmt":"2026-04-02T16:59:19","slug":"1200-housut-4","status":"publish","type":"product","link":"https:\/\/nautical.store\/fi\/tuote\/1200-housut-4\/","title":{"rendered":"PelleP Naisten 1200 -housut"},"content":{"rendered":"<p><!--StartFragment --><\/p>\n<p>PelleP 1200 -housut ovat aktiivisen naisen luottovaate. Ne on valmistettu vett\u00e4 hylkiv\u00e4st\u00e4 ja nopeasti kuivuvasta joustavasta materiaalista, ja niiss\u00e4 on kest\u00e4v\u00e4t Xyrplex\u2122-vahvikkeet juuri siell\u00e4, miss\u00e4 niit\u00e4 eniten tarvitaan. Housuissa on ulkoinen vetoketjullinen lahjetasku \u2013 t\u00e4ydellinen valinta ulkoiluun ja seikkailuihin.<\/p>\n<ul>\n<li>P\u00e4\u00e4materiaali: 89 % nailonia, 11 % elastaania<\/li>\n<li>Vahvikemateriaali: XYRPLEX\u2122 \u2013 72 % nailonia, 14 % polyesteri\u00e4, 14 % elastaania<\/li>\n<li>Vett\u00e4 hylkiv\u00e4 ja nopeasti kuivuva stretch-kangas<\/li>\n<li>XYRPLEX\u2122-vahvikkeet<\/li>\n<li>Kontrastivahvikkeet \u2013 eritt\u00e4in kest\u00e4v\u00e4t ja joustavat, takaavat mukavan istuvuuden ja liikkumisvapauden<\/li>\n<li>Tilavat etutaskut<\/li>\n<li>Kaksi vetoketjullista lahjetaskua<\/li>\n<li>Kaksi piilotettua vetoketjullista takataskua<\/li>\n<li>Vetoketjukiinnitys edess\u00e4<\/li>\n<li>Kontrastivahvistetut tikkaukset<\/li>\n<li>Pelle P -kirjailu vasemmassa lahkeessa ja takavy\u00f6lenkiss\u00e4<\/li>\n<li>\u201dNavigare necesse est\u201d -painatus vy\u00f6t\u00e4r\u00f6n sis\u00e4puolella<\/li>\n<li>Mukana Pelle P -vy\u00f6<\/li>\n<\/ul>\n<p><!--EndFragment --><\/p>\n","protected":false},"excerpt":{"rendered":"<p>Joustavat ja hengitt\u00e4v\u00e4t tekniset housut naisille<\/p>\n","protected":false},"featured_media":93645,"template":"","meta":{"_acf_changed":false},"pwb-brand":[838],"product_brand":[],"product_cat":[640,827,1262,726],"product_tag":[],"woo-feed-brand":[],"class_list":{"0":"post-54733","1":"product","2":"type-product","3":"status-publish","4":"has-post-thumbnail","6":"pwb-brand-pelle-petterson-fi","7":"product_cat-housut-fi","8":"product_cat-naiset","9":"product_cat-naisten-purjehdusvaatteet","10":"product_cat-tekniset-vaatteet-naiset","12":"first","13":"instock","14":"taxable","15":"shipping-taxable","16":"purchasable","17":"product-type-variable","18":"wvs-archive-product-wrapper"},"acf":[],"brands":[{"id":838,"name":"Pelle Petterson","slug":"pelle-petterson-fi"}],"_links":{"self":[{"href":"https:\/\/nautical.store\/fi\/wp-json\/wp\/v2\/product\/54733","targetHints":{"allow":["GET"]}}],"collection":[{"href":"https:\/\/nautical.store\/fi\/wp-json\/wp\/v2\/product"}],"about":[{"href":"https:\/\/nautical.store\/fi\/wp-json\/wp\/v2\/types\/product"}],"wp:featuredmedia":[{"embeddable":true,"href":"https:\/\/nautical.store\/fi\/wp-json\/wp\/v2\/media\/93645"}],"wp:attachment":[{"href":"https:\/\/nautical.store\/fi\/wp-json\/wp\/v2\/media?parent=54733"}],"wp:term":[{"taxonomy":"pwb-brand","embeddable":true,"href":"https:\/\/nautical.store\/fi\/wp-json\/wp\/v2\/pwb-brand?post=54733"},{"taxonomy":"product_brand","embeddable":true,"href":"https:\/\/nautical.store\/fi\/wp-json\/wp\/v2\/product_brand?post=54733"},{"taxonomy":"product_cat","embeddable":true,"href":"https:\/\/nautical.store\/fi\/wp-json\/wp\/v2\/product_cat?post=54733"},{"taxonomy":"product_tag","embeddable":true,"href":"https:\/\/nautical.store\/fi\/wp-json\/wp\/v2\/product_tag?post=54733"},{"taxonomy":"woo-feed-brand","embeddable":true,"href":"https:\/\/nautical.store\/fi\/wp-json\/wp\/v2\/woo-feed-brand?post=54733"}],"curies":[{"name":"wp","href":"https:\/\/api.w.org\/{rel}","templated":true}]}}