{"id":54745,"date":"2023-03-30T09:06:41","date_gmt":"2023-03-30T06:06:41","guid":{"rendered":"https:\/\/www.nautical.store\/toode\/sherpa-overshirt\/"},"modified":"2024-07-31T16:27:53","modified_gmt":"2024-07-31T13:27:53","slug":"sherpa-overshirt","status":"publish","type":"product","link":"https:\/\/nautical.store\/fi\/tuote\/sherpa-overshirt\/","title":{"rendered":"N Sherpa Overshirt"},"content":{"rendered":"<p>Pehme\u00e4st\u00e4 sherpa-fleecest\u00e4 valmistetussa paidassa on s\u00e4\u00e4nn\u00f6llinen istuvuus, l\u00e4pp\u00e4taskut ja kaksinkertaiset rintataskut.<\/p>\n","protected":false},"excerpt":{"rendered":"<p>Pehme\u00e4 sherpa-fleece.<\/p>\n","protected":false},"featured_media":51364,"template":"","meta":{"_acf_changed":false},"pwb-brand":[838],"product_brand":[],"product_cat":[877,688,827],"product_tag":[],"woo-feed-brand":[],"class_list":{"0":"post-54745","1":"product","2":"type-product","3":"status-publish","4":"has-post-thumbnail","6":"pwb-brand-pelle-petterson-fi","7":"product_cat-edullinen-hinta-naiset","8":"product_cat-hupparit-ja-fleecet","9":"product_cat-naiset","11":"first","12":"outofstock","13":"taxable","14":"shipping-taxable","15":"product-type-variable","16":"wvs-archive-product-wrapper"},"acf":[],"brands":[{"id":838,"name":"Pelle Petterson","slug":"pelle-petterson-fi"}],"_links":{"self":[{"href":"https:\/\/nautical.store\/fi\/wp-json\/wp\/v2\/product\/54745","targetHints":{"allow":["GET"]}}],"collection":[{"href":"https:\/\/nautical.store\/fi\/wp-json\/wp\/v2\/product"}],"about":[{"href":"https:\/\/nautical.store\/fi\/wp-json\/wp\/v2\/types\/product"}],"wp:featuredmedia":[{"embeddable":true,"href":"https:\/\/nautical.store\/fi\/wp-json\/wp\/v2\/media\/51364"}],"wp:attachment":[{"href":"https:\/\/nautical.store\/fi\/wp-json\/wp\/v2\/media?parent=54745"}],"wp:term":[{"taxonomy":"pwb-brand","embeddable":true,"href":"https:\/\/nautical.store\/fi\/wp-json\/wp\/v2\/pwb-brand?post=54745"},{"taxonomy":"product_brand","embeddable":true,"href":"https:\/\/nautical.store\/fi\/wp-json\/wp\/v2\/product_brand?post=54745"},{"taxonomy":"product_cat","embeddable":true,"href":"https:\/\/nautical.store\/fi\/wp-json\/wp\/v2\/product_cat?post=54745"},{"taxonomy":"product_tag","embeddable":true,"href":"https:\/\/nautical.store\/fi\/wp-json\/wp\/v2\/product_tag?post=54745"},{"taxonomy":"woo-feed-brand","embeddable":true,"href":"https:\/\/nautical.store\/fi\/wp-json\/wp\/v2\/woo-feed-brand?post=54745"}],"curies":[{"name":"wp","href":"https:\/\/api.w.org\/{rel}","templated":true}]}}