{"id":54763,"date":"2023-03-25T11:37:41","date_gmt":"2023-03-25T09:37:41","guid":{"rendered":"https:\/\/www.nautical.store\/toode\/hjordis-boatneck\/"},"modified":"2024-07-31T16:30:02","modified_gmt":"2024-07-31T13:30:02","slug":"hjordis-boatneck","status":"publish","type":"product","link":"https:\/\/nautical.store\/fi\/tuote\/hjordis-boatneck\/","title":{"rendered":"Hj\u00f6rdis Boatneck"},"content":{"rendered":"<p>Klassinen neulepusero, jossa on ep\u00e4s\u00e4\u00e4nn\u00f6lliset raidat ja venep\u00e4\u00e4ntie, jossa on k\u00e4\u00e4rityt reunat. Valmistettu slub-puuvillasta.<\/p>\n","protected":false},"excerpt":{"rendered":"<p>Klassinen neulepusero, jossa on ep\u00e4s\u00e4\u00e4nn\u00f6lliset raidat ja venep\u00e4\u00e4ntie, jossa on k\u00e4\u00e4rityt reunat. Valmistettu slub-puuvillasta.<\/p>\n","protected":false},"featured_media":41211,"template":"","meta":{"_acf_changed":false},"pwb-brand":[836],"product_brand":[],"product_cat":[877,827,601],"product_tag":[],"woo-feed-brand":[],"class_list":{"0":"post-54763","1":"product","2":"type-product","3":"status-publish","4":"has-post-thumbnail","6":"pwb-brand-holebrook-fi","7":"product_cat-edullinen-hinta-naiset","8":"product_cat-naiset","9":"product_cat-neuleet","11":"first","12":"outofstock","13":"taxable","14":"shipping-taxable","15":"product-type-variable","16":"wvs-archive-product-wrapper"},"acf":[],"brands":[{"id":836,"name":"Holebrook","slug":"holebrook-fi"}],"_links":{"self":[{"href":"https:\/\/nautical.store\/fi\/wp-json\/wp\/v2\/product\/54763","targetHints":{"allow":["GET"]}}],"collection":[{"href":"https:\/\/nautical.store\/fi\/wp-json\/wp\/v2\/product"}],"about":[{"href":"https:\/\/nautical.store\/fi\/wp-json\/wp\/v2\/types\/product"}],"wp:featuredmedia":[{"embeddable":true,"href":"https:\/\/nautical.store\/fi\/wp-json\/wp\/v2\/media\/41211"}],"wp:attachment":[{"href":"https:\/\/nautical.store\/fi\/wp-json\/wp\/v2\/media?parent=54763"}],"wp:term":[{"taxonomy":"pwb-brand","embeddable":true,"href":"https:\/\/nautical.store\/fi\/wp-json\/wp\/v2\/pwb-brand?post=54763"},{"taxonomy":"product_brand","embeddable":true,"href":"https:\/\/nautical.store\/fi\/wp-json\/wp\/v2\/product_brand?post=54763"},{"taxonomy":"product_cat","embeddable":true,"href":"https:\/\/nautical.store\/fi\/wp-json\/wp\/v2\/product_cat?post=54763"},{"taxonomy":"product_tag","embeddable":true,"href":"https:\/\/nautical.store\/fi\/wp-json\/wp\/v2\/product_tag?post=54763"},{"taxonomy":"woo-feed-brand","embeddable":true,"href":"https:\/\/nautical.store\/fi\/wp-json\/wp\/v2\/woo-feed-brand?post=54763"}],"curies":[{"name":"wp","href":"https:\/\/api.w.org\/{rel}","templated":true}]}}