{"id":54779,"date":"2023-03-25T11:09:14","date_gmt":"2023-03-25T09:09:14","guid":{"rendered":"https:\/\/www.nautical.store\/toode\/jennie-paita\/"},"modified":"2025-12-02T10:02:37","modified_gmt":"2025-12-02T08:02:37","slug":"jennie-paita","status":"publish","type":"product","link":"https:\/\/nautical.store\/fi\/tuote\/jennie-paita\/","title":{"rendered":"Jennie T\u2011paita"},"content":{"rendered":"<p><!--StartFragment --><\/p>\n<p>T\u2011paita, valmistettu 93 % viskoosista ja 7 % elastaanista. Mukava ja pehme laatu. Klassinen T\u2011paita normaalilla istuvuudella. Kangas on Oeko\u2011Tex\u00ae\u2011sertifioitu. Kest\u00e4v\u00e4sti tuotettu Euroopassa.<\/p>\n<ul>\n<li>Normaali istuvuus<\/li>\n<li>Py\u00f6re\u00e4 p\u00e4\u00e4ntie<\/li>\n<li>Pienet halkiot sivuilla<\/li>\n<li>Kangas sertifioitu OEKO\u2011TEX\u00ae\u2011standardin mukaisesti<\/li>\n<li>Valmistettu Euroopassa<\/li>\n<li>Materiaali: 93 % viskoosi \/ 7 % elastaani<\/li>\n<\/ul>\n<p><!--EndFragment --><\/p>\n","protected":false},"excerpt":{"rendered":"<p><!--StartFragment --><\/p>\n<p>Pehme\u00e4 viskoosisekoitteinen T\u2011paita naisille<\/p>\n<p><!--EndFragment --><\/p>\n","protected":false},"featured_media":62249,"template":"","meta":{"_acf_changed":false},"pwb-brand":[836],"product_brand":[],"product_cat":[877,827,2183,590],"product_tag":[],"woo-feed-brand":[],"class_list":{"0":"post-54779","1":"product","2":"type-product","3":"status-publish","4":"has-post-thumbnail","6":"pwb-brand-holebrook-fi","7":"product_cat-edullinen-hinta-naiset","8":"product_cat-naiset","9":"product_cat-outlet-fi","10":"product_cat-paidat","12":"first","13":"instock","14":"sale","15":"taxable","16":"shipping-taxable","17":"purchasable","18":"product-type-variable","19":"wvs-archive-product-wrapper"},"acf":[],"brands":[{"id":836,"name":"Holebrook","slug":"holebrook-fi"}],"_links":{"self":[{"href":"https:\/\/nautical.store\/fi\/wp-json\/wp\/v2\/product\/54779","targetHints":{"allow":["GET"]}}],"collection":[{"href":"https:\/\/nautical.store\/fi\/wp-json\/wp\/v2\/product"}],"about":[{"href":"https:\/\/nautical.store\/fi\/wp-json\/wp\/v2\/types\/product"}],"wp:featuredmedia":[{"embeddable":true,"href":"https:\/\/nautical.store\/fi\/wp-json\/wp\/v2\/media\/62249"}],"wp:attachment":[{"href":"https:\/\/nautical.store\/fi\/wp-json\/wp\/v2\/media?parent=54779"}],"wp:term":[{"taxonomy":"pwb-brand","embeddable":true,"href":"https:\/\/nautical.store\/fi\/wp-json\/wp\/v2\/pwb-brand?post=54779"},{"taxonomy":"product_brand","embeddable":true,"href":"https:\/\/nautical.store\/fi\/wp-json\/wp\/v2\/product_brand?post=54779"},{"taxonomy":"product_cat","embeddable":true,"href":"https:\/\/nautical.store\/fi\/wp-json\/wp\/v2\/product_cat?post=54779"},{"taxonomy":"product_tag","embeddable":true,"href":"https:\/\/nautical.store\/fi\/wp-json\/wp\/v2\/product_tag?post=54779"},{"taxonomy":"woo-feed-brand","embeddable":true,"href":"https:\/\/nautical.store\/fi\/wp-json\/wp\/v2\/woo-feed-brand?post=54779"}],"curies":[{"name":"wp","href":"https:\/\/api.w.org\/{rel}","templated":true}]}}