{"id":54815,"date":"2023-03-25T09:59:17","date_gmt":"2023-03-25T07:59:17","guid":{"rendered":"https:\/\/www.nautical.store\/toode\/marina-hame\/"},"modified":"2025-10-12T15:00:17","modified_gmt":"2025-10-12T12:00:17","slug":"marina-hame","status":"publish","type":"product","link":"https:\/\/nautical.store\/fi\/tuote\/marina-hame\/","title":{"rendered":"Marina Hame"},"content":{"rendered":"<p>Ihastuttava pidempi hame pellava\u2013puuvillasekoitteesta. Mukava istuvuus ja joustava vy\u00f6t\u00e4r\u00f6 tekev\u00e4t siit\u00e4 helpon k\u00e4ytt\u00e4\u00e4, ja sivutaskut tuovat k\u00e4yt\u00e4nn\u00f6llisyytt\u00e4. Yhdist\u00e4 Marina-puseroon saadaksesi kauniin kokonaisuuden.<br \/>\n\u2022 Pehme\u00e4 pellava\u2013puuvillasekoitus<br \/>\n\u2022 Joustava vy\u00f6t\u00e4r\u00f6nauha<br \/>\n\u2022 Leve\u00e4 helma ja sivutaskut<br \/>\n\u2022 Normaali mitoitus<br \/>\n\u2022 Valmistettu Euroopassa<br \/>\n\u2022 Puuvilla \/ pellava<\/p>\n","protected":false},"excerpt":{"rendered":"<p>Kevyt kes\u00e4hame pellavasekoitteesta, sivutaskuilla<\/p>\n","protected":false},"featured_media":40898,"template":"","meta":{"_acf_changed":false},"pwb-brand":[836],"product_brand":[],"product_cat":[877,639,827,2183],"product_tag":[],"woo-feed-brand":[],"class_list":{"0":"post-54815","1":"product","2":"type-product","3":"status-publish","4":"has-post-thumbnail","6":"pwb-brand-holebrook-fi","7":"product_cat-edullinen-hinta-naiset","8":"product_cat-hameet","9":"product_cat-naiset","10":"product_cat-outlet-fi","12":"first","13":"instock","14":"sale","15":"taxable","16":"shipping-taxable","17":"purchasable","18":"product-type-variable","19":"wvs-archive-product-wrapper"},"acf":[],"brands":[{"id":836,"name":"Holebrook","slug":"holebrook-fi"}],"_links":{"self":[{"href":"https:\/\/nautical.store\/fi\/wp-json\/wp\/v2\/product\/54815","targetHints":{"allow":["GET"]}}],"collection":[{"href":"https:\/\/nautical.store\/fi\/wp-json\/wp\/v2\/product"}],"about":[{"href":"https:\/\/nautical.store\/fi\/wp-json\/wp\/v2\/types\/product"}],"wp:featuredmedia":[{"embeddable":true,"href":"https:\/\/nautical.store\/fi\/wp-json\/wp\/v2\/media\/40898"}],"wp:attachment":[{"href":"https:\/\/nautical.store\/fi\/wp-json\/wp\/v2\/media?parent=54815"}],"wp:term":[{"taxonomy":"pwb-brand","embeddable":true,"href":"https:\/\/nautical.store\/fi\/wp-json\/wp\/v2\/pwb-brand?post=54815"},{"taxonomy":"product_brand","embeddable":true,"href":"https:\/\/nautical.store\/fi\/wp-json\/wp\/v2\/product_brand?post=54815"},{"taxonomy":"product_cat","embeddable":true,"href":"https:\/\/nautical.store\/fi\/wp-json\/wp\/v2\/product_cat?post=54815"},{"taxonomy":"product_tag","embeddable":true,"href":"https:\/\/nautical.store\/fi\/wp-json\/wp\/v2\/product_tag?post=54815"},{"taxonomy":"woo-feed-brand","embeddable":true,"href":"https:\/\/nautical.store\/fi\/wp-json\/wp\/v2\/woo-feed-brand?post=54815"}],"curies":[{"name":"wp","href":"https:\/\/api.w.org\/{rel}","templated":true}]}}