{"id":54849,"date":"2023-03-18T13:34:42","date_gmt":"2023-03-18T11:34:42","guid":{"rendered":"https:\/\/www.nautical.store\/toode\/1200-shortsit\/"},"modified":"2026-05-12T23:36:30","modified_gmt":"2026-05-12T20:36:30","slug":"1200-shortsit","status":"publish","type":"product","link":"https:\/\/nautical.store\/fi\/tuote\/1200-shortsit\/","title":{"rendered":"PelleP 1200 shortsit"},"content":{"rendered":"<p data-start=\"0\" data-end=\"300\">1200-shortsit ovat monik\u00e4ytt\u00f6inen valinta aktiiviseen vapaa-aikaan ja ulkoiluun. Ne on valmistettu vett\u00e4hylkiv\u00e4st\u00e4 ja nopeasti kuivuvasta joustokankaasta, ja kulutukselle alttiit kohdat on vahvistettu kest\u00e4v\u00e4ll\u00e4 Xyrplex\u2122-materiaalilla. Mukava normaali istuvuus takaa hyv\u00e4n liikkuvuuden koko p\u00e4iv\u00e4ksi.<\/p>\n<p data-start=\"302\" data-end=\"446\">Shortseissa on yhteens\u00e4 seitsem\u00e4n k\u00e4yt\u00e4nn\u00f6llist\u00e4 taskua, joista viisi on vetoketjullisia. Mukana tuleva Pelle P -vy\u00f6 viimeistelee kokonaisuuden.<\/p>\n<p data-start=\"448\" data-end=\"461\">Ominaisuudet:<\/p>\n<ul data-start=\"462\" data-end=\"752\">\n<li data-section-id=\"1bvljzh\" data-start=\"462\" data-end=\"483\">Normaali istuvuus<\/li>\n<li data-section-id=\"wh5c7f\" data-start=\"484\" data-end=\"527\">Vett\u00e4hylkiv\u00e4 ja hengitt\u00e4v\u00e4 joustokangas<\/li>\n<li data-section-id=\"k2huyb\" data-start=\"528\" data-end=\"559\">Nopeasti kuivuva materiaali<\/li>\n<li data-section-id=\"11isnpm\" data-start=\"560\" data-end=\"592\">Kest\u00e4v\u00e4t XYRPLEX\u2122-vahvikkeet<\/li>\n<li data-section-id=\"130zfip\" data-start=\"593\" data-end=\"629\">Kaksi vetoketjullista sivutaskua<\/li>\n<li data-section-id=\"a47obb\" data-start=\"630\" data-end=\"666\">Kaksi vetoketjullista takataskua<\/li>\n<li data-section-id=\"1uzzjkc\" data-start=\"667\" data-end=\"728\">Pelle P -kirjailu vasemmassa lahkeessa ja takavy\u00f6lenkiss\u00e4<\/li>\n<li data-section-id=\"7104o1\" data-start=\"729\" data-end=\"752\">Mukana Pelle P -vy\u00f6<\/li>\n<\/ul>\n<p data-start=\"754\" data-end=\"765\">Materiaali:<\/p>\n<ul data-start=\"766\" data-end=\"854\" data-is-last-node=\"\" data-is-only-node=\"\">\n<li data-section-id=\"15bba06\" data-start=\"766\" data-end=\"797\">89 % nailon, 11 % elastaani<\/li>\n<li data-section-id=\"d3m1br\" data-start=\"798\" data-end=\"854\" data-is-last-node=\"\">XYRPLEX\u2122: 72 % nailon, 14 % polyesteri, 14 % elastaani<\/li>\n<\/ul>\n","protected":false},"excerpt":{"rendered":"<p>1200-shortsit ovat monik\u00e4ytt\u00f6inen valinta aktiiviseen vapaa-aikaan ja ulkoiluun. Ne on valmistettu vett\u00e4hylkiv\u00e4st\u00e4 ja nopeasti kuivuvasta joustokankaasta, ja kulutukselle alttiit kohdat on vahvistettu kest\u00e4v\u00e4ll\u00e4 Xyrplex\u2122-materiaalilla. Mukava normaali istuvuus takaa hyv\u00e4n liikkuvuuden koko p\u00e4iv\u00e4ksi. Shortseissa on yhteens\u00e4 seitsem\u00e4n k\u00e4yt\u00e4nn\u00f6llist\u00e4 taskua, joista viisi on vetoketjullisia. Mukana tuleva Pelle P -vy\u00f6 viimeistelee kokonaisuuden. Ominaisuudet: Normaali istuvuus Vett\u00e4hylkiv\u00e4 ja hengitt\u00e4v\u00e4 [&hellip;]<\/p>\n","protected":false},"featured_media":88204,"template":"","meta":{"_acf_changed":false},"pwb-brand":[838],"product_brand":[],"product_cat":[610,777,1261,1269,682],"product_tag":[],"woo-feed-brand":[],"class_list":{"0":"post-54849","1":"product","2":"type-product","3":"status-publish","4":"has-post-thumbnail","6":"pwb-brand-pelle-petterson-fi","7":"product_cat-housut","8":"product_cat-miehet","9":"product_cat-miesten-purjehdusvaatteet","10":"product_cat-purjehdus","11":"product_cat-tekniset-vaatteet","13":"first","14":"instock","15":"taxable","16":"shipping-taxable","17":"purchasable","18":"product-type-variable","19":"wvs-archive-product-wrapper"},"acf":[],"brands":[{"id":838,"name":"Pelle Petterson","slug":"pelle-petterson-fi"}],"_links":{"self":[{"href":"https:\/\/nautical.store\/fi\/wp-json\/wp\/v2\/product\/54849","targetHints":{"allow":["GET"]}}],"collection":[{"href":"https:\/\/nautical.store\/fi\/wp-json\/wp\/v2\/product"}],"about":[{"href":"https:\/\/nautical.store\/fi\/wp-json\/wp\/v2\/types\/product"}],"wp:featuredmedia":[{"embeddable":true,"href":"https:\/\/nautical.store\/fi\/wp-json\/wp\/v2\/media\/88204"}],"wp:attachment":[{"href":"https:\/\/nautical.store\/fi\/wp-json\/wp\/v2\/media?parent=54849"}],"wp:term":[{"taxonomy":"pwb-brand","embeddable":true,"href":"https:\/\/nautical.store\/fi\/wp-json\/wp\/v2\/pwb-brand?post=54849"},{"taxonomy":"product_brand","embeddable":true,"href":"https:\/\/nautical.store\/fi\/wp-json\/wp\/v2\/product_brand?post=54849"},{"taxonomy":"product_cat","embeddable":true,"href":"https:\/\/nautical.store\/fi\/wp-json\/wp\/v2\/product_cat?post=54849"},{"taxonomy":"product_tag","embeddable":true,"href":"https:\/\/nautical.store\/fi\/wp-json\/wp\/v2\/product_tag?post=54849"},{"taxonomy":"woo-feed-brand","embeddable":true,"href":"https:\/\/nautical.store\/fi\/wp-json\/wp\/v2\/woo-feed-brand?post=54849"}],"curies":[{"name":"wp","href":"https:\/\/api.w.org\/{rel}","templated":true}]}}