{"id":54883,"date":"2023-03-18T13:02:47","date_gmt":"2023-03-18T11:02:47","guid":{"rendered":"https:\/\/www.nautical.store\/toode\/1300-shortsit\/"},"modified":"2026-03-26T12:29:15","modified_gmt":"2026-03-26T10:29:15","slug":"1300-shortsit","status":"publish","type":"product","link":"https:\/\/nautical.store\/fi\/tuote\/1300-shortsit\/","title":{"rendered":"1300 Shortsit"},"content":{"rendered":"<p>Vedenhylkiv\u00e4t, nopeasti kuivuvat ja kest\u00e4v\u00e4ll\u00e4 Xyrplex\u2011kankaalla vahvistetut 1300\u2011shortsit sopivat l\u00e4hes kaikkiin seikkailuihin. Joustava materiaali antaa erinomaisen liikkumisvapauden, ja k\u00e4yt\u00e4nn\u00f6llisi\u00e4 taskuja on runsaasti, mukaan lukien teipatuilla saumoilla varustettu lahjetasku ja vedenpit\u00e4v\u00e4 vetoketju. Saatavilla useissa v\u00e4reiss\u00e4, ja mukana tulee sporttinen vy\u00f6.<\/p>\n<p>&nbsp;<\/p>\n<ul>\n<li>Materiaali: P\u00e4\u00e4kangas: 89 % polyamidia, 11 % elastaania 3\u2011kerroksinen kangas lahjetaskussa: 100 % polyamidia Vahvikekangas: XYRPLEX \u2013 72 % nailonia, 14 % polyesteri\u00e4, 14 % elastaania<\/li>\n<li>Vedenhylkiv\u00e4 ja nopeasti kuivuva joustokangas<\/li>\n<li>3\u2011kerroksinen kangas vedenhylkiviin taskuihin kontrastimustalla v\u00e4rill\u00e4<\/li>\n<li>Vedenhylkiv\u00e4t vetoketjut lahjetaskuissa<\/li>\n<li>Lis\u00e4tasku vetoketjulla pienten tavaroiden turvalliseen s\u00e4ilytykseen lahkeessa<\/li>\n<li>Kontrastivahvikkeet eritt\u00e4in kest\u00e4v\u00e4st\u00e4 ja joustavasta XYRPLEX\u2011kankaasta, joka antaa mukavan istuvuuden ja erinomaisen liikkuvuuden<\/li>\n<li>Kaksi takataskua piilotetuilla vetoketjuilla<\/li>\n<li>Vetoketjukiinnitys edess\u00e4<\/li>\n<li>Kontrastitikkaukset<\/li>\n<li>Pelle P \u2011kirjailu takavy\u00f6lenkiss\u00e4<\/li>\n<li>Pelle P \u2011painatus vasemmassa lahkeessa<\/li>\n<li>Mukana Pelle P \u2011vy\u00f6<\/li>\n<li>Malli (188 cm) k\u00e4ytt\u00e4\u00e4 kokoa M<\/li>\n<li style=\"list-style-type: none;\"><\/li>\n<\/ul>\n","protected":false},"excerpt":{"rendered":"<p>Vedenhylkiv\u00e4t, nopeasti kuivuvat ja kest\u00e4v\u00e4ll\u00e4 Xyrplex\u2011kankaalla vahvistetut 1300\u2011shortsit sopivat l\u00e4hes kaikkiin seikkailuihin. Joustava materiaali antaa erinomaisen liikkumisvapauden, ja k\u00e4yt\u00e4nn\u00f6llisi\u00e4 taskuja on runsaasti, mukaan lukien teipatuilla saumoilla varustettu lahjetasku ja vedenpit\u00e4v\u00e4 vetoketju. Saatavilla useissa v\u00e4reiss\u00e4, ja mukana tulee sporttinen vy\u00f6. &nbsp; Materiaali: P\u00e4\u00e4kangas: 89 % polyamidia, 11 % elastaania 3\u2011kerroksinen kangas lahjetaskussa: 100 % polyamidia Vahvikekangas: [&hellip;]<\/p>\n","protected":false},"featured_media":92638,"template":"","meta":{"_acf_changed":false},"pwb-brand":[838],"product_brand":[],"product_cat":[610,777,1261,682],"product_tag":[],"woo-feed-brand":[],"class_list":{"0":"post-54883","1":"product","2":"type-product","3":"status-publish","4":"has-post-thumbnail","6":"pwb-brand-pelle-petterson-fi","7":"product_cat-housut","8":"product_cat-miehet","9":"product_cat-miesten-purjehdusvaatteet","10":"product_cat-tekniset-vaatteet","12":"first","13":"instock","14":"taxable","15":"shipping-taxable","16":"purchasable","17":"product-type-variable","18":"wvs-archive-product-wrapper"},"acf":[],"brands":[{"id":838,"name":"Pelle Petterson","slug":"pelle-petterson-fi"}],"_links":{"self":[{"href":"https:\/\/nautical.store\/fi\/wp-json\/wp\/v2\/product\/54883","targetHints":{"allow":["GET"]}}],"collection":[{"href":"https:\/\/nautical.store\/fi\/wp-json\/wp\/v2\/product"}],"about":[{"href":"https:\/\/nautical.store\/fi\/wp-json\/wp\/v2\/types\/product"}],"wp:featuredmedia":[{"embeddable":true,"href":"https:\/\/nautical.store\/fi\/wp-json\/wp\/v2\/media\/92638"}],"wp:attachment":[{"href":"https:\/\/nautical.store\/fi\/wp-json\/wp\/v2\/media?parent=54883"}],"wp:term":[{"taxonomy":"pwb-brand","embeddable":true,"href":"https:\/\/nautical.store\/fi\/wp-json\/wp\/v2\/pwb-brand?post=54883"},{"taxonomy":"product_brand","embeddable":true,"href":"https:\/\/nautical.store\/fi\/wp-json\/wp\/v2\/product_brand?post=54883"},{"taxonomy":"product_cat","embeddable":true,"href":"https:\/\/nautical.store\/fi\/wp-json\/wp\/v2\/product_cat?post=54883"},{"taxonomy":"product_tag","embeddable":true,"href":"https:\/\/nautical.store\/fi\/wp-json\/wp\/v2\/product_tag?post=54883"},{"taxonomy":"woo-feed-brand","embeddable":true,"href":"https:\/\/nautical.store\/fi\/wp-json\/wp\/v2\/woo-feed-brand?post=54883"}],"curies":[{"name":"wp","href":"https:\/\/api.w.org\/{rel}","templated":true}]}}