{"id":54893,"date":"2023-03-18T12:48:44","date_gmt":"2023-03-18T10:48:44","guid":{"rendered":"https:\/\/www.nautical.store\/toode\/pellavapoolo\/"},"modified":"2026-04-06T10:43:32","modified_gmt":"2026-04-06T07:43:32","slug":"pellavapoolo","status":"publish","type":"product","link":"https:\/\/nautical.store\/fi\/tuote\/pellavapoolo\/","title":{"rendered":"PelleP Pellavapolo"},"content":{"rendered":"<p>Linen Polo on valmistettu 100 % pehme\u00e4st\u00e4 pellavakankaasta. T\u00e4m\u00e4 miesten lyhythihainen paita on lahtikauluksinen ja k\u00e4\u00e4nnetyill\u00e4 hihansuuilla. Koristeena on P\u2011logo olalla ja vasemmalla rinnalla.<\/p>\n<ul>\n<li>Materiaali: 100 % pellava<\/li>\n<li>Pehme\u00e4 pellavakangas<\/li>\n<li>Lahtikaulus<\/li>\n<li>Tasaiset kaksoistikkaukset<\/li>\n<li>K\u00e4\u00e4nnetyt hihansuut<\/li>\n<li>P\u2011logokirjailu vasemmalla rinnalla<\/li>\n<li>Olkakappale yksityiskohdilla ja P\u2011logokirjailulla<\/li>\n<li>True Experience \u2011kirjailu selk\u00e4lenkin kohdalla<\/li>\n<li>Navigare necesse est \u2011kirjailu kauluksen sis\u00e4puolella<\/li>\n<\/ul>\n","protected":false},"excerpt":{"rendered":"<p>Pehme\u00e4 ja hengitt\u00e4v\u00e4 pellavapoolo.<\/p>\n","protected":false},"featured_media":94393,"template":"","meta":{"_acf_changed":false},"pwb-brand":[838],"product_brand":[],"product_cat":[777,633],"product_tag":[],"woo-feed-brand":[],"class_list":{"0":"post-54893","1":"product","2":"type-product","3":"status-publish","4":"has-post-thumbnail","6":"pwb-brand-pelle-petterson-fi","7":"product_cat-miehet","8":"product_cat-paidat-fi","10":"first","11":"instock","12":"taxable","13":"shipping-taxable","14":"purchasable","15":"product-type-variable","16":"wvs-archive-product-wrapper"},"acf":[],"brands":[{"id":838,"name":"Pelle Petterson","slug":"pelle-petterson-fi"}],"_links":{"self":[{"href":"https:\/\/nautical.store\/fi\/wp-json\/wp\/v2\/product\/54893","targetHints":{"allow":["GET"]}}],"collection":[{"href":"https:\/\/nautical.store\/fi\/wp-json\/wp\/v2\/product"}],"about":[{"href":"https:\/\/nautical.store\/fi\/wp-json\/wp\/v2\/types\/product"}],"wp:featuredmedia":[{"embeddable":true,"href":"https:\/\/nautical.store\/fi\/wp-json\/wp\/v2\/media\/94393"}],"wp:attachment":[{"href":"https:\/\/nautical.store\/fi\/wp-json\/wp\/v2\/media?parent=54893"}],"wp:term":[{"taxonomy":"pwb-brand","embeddable":true,"href":"https:\/\/nautical.store\/fi\/wp-json\/wp\/v2\/pwb-brand?post=54893"},{"taxonomy":"product_brand","embeddable":true,"href":"https:\/\/nautical.store\/fi\/wp-json\/wp\/v2\/product_brand?post=54893"},{"taxonomy":"product_cat","embeddable":true,"href":"https:\/\/nautical.store\/fi\/wp-json\/wp\/v2\/product_cat?post=54893"},{"taxonomy":"product_tag","embeddable":true,"href":"https:\/\/nautical.store\/fi\/wp-json\/wp\/v2\/product_tag?post=54893"},{"taxonomy":"woo-feed-brand","embeddable":true,"href":"https:\/\/nautical.store\/fi\/wp-json\/wp\/v2\/woo-feed-brand?post=54893"}],"curies":[{"name":"wp","href":"https:\/\/api.w.org\/{rel}","templated":true}]}}