{"id":54905,"date":"2023-03-18T12:36:49","date_gmt":"2023-03-18T10:36:49","guid":{"rendered":"https:\/\/www.nautical.store\/toode\/momentum-camber-tee-paita\/"},"modified":"2024-07-31T16:48:44","modified_gmt":"2024-07-31T13:48:44","slug":"momentum-camber-tee-paita","status":"publish","type":"product","link":"https:\/\/nautical.store\/fi\/tuote\/momentum-camber-tee-paita\/","title":{"rendered":"Momentum Camber Tee Paita"},"content":{"rendered":"<p>Momentum Camber Tee on tekninen t-paita, joka on valmistettu 4-suuntaisesta stretch-kankaasta. Kangas on kosteutta siirt\u00e4v\u00e4\u00e4, hengitt\u00e4v\u00e4\u00e4 ja nopeasti kuivuvaa, pit\u00e4en vartalon viile\u00e4n\u00e4 ja kuivana kuumimpinakin p\u00e4ivin\u00e4. Tarjoaa UV-suojan.<\/p>\n","protected":false},"excerpt":{"rendered":"<p>Hengitt\u00e4v\u00e4 ja nopeasti kuivuva paita.<\/p>\n","protected":false},"featured_media":40289,"template":"","meta":{"_acf_changed":false},"pwb-brand":[838],"product_brand":[],"product_cat":[777,1259,633,682],"product_tag":[],"woo-feed-brand":[],"class_list":{"0":"post-54905","1":"product","2":"type-product","3":"status-publish","4":"has-post-thumbnail","6":"pwb-brand-pelle-petterson-fi","7":"product_cat-miehet","8":"product_cat-miesten-golfvaatteet","9":"product_cat-paidat-fi","10":"product_cat-tekniset-vaatteet","12":"first","13":"instock","14":"taxable","15":"shipping-taxable","16":"purchasable","17":"product-type-variable","18":"wvs-archive-product-wrapper"},"acf":[],"brands":[{"id":838,"name":"Pelle Petterson","slug":"pelle-petterson-fi"}],"_links":{"self":[{"href":"https:\/\/nautical.store\/fi\/wp-json\/wp\/v2\/product\/54905","targetHints":{"allow":["GET"]}}],"collection":[{"href":"https:\/\/nautical.store\/fi\/wp-json\/wp\/v2\/product"}],"about":[{"href":"https:\/\/nautical.store\/fi\/wp-json\/wp\/v2\/types\/product"}],"wp:featuredmedia":[{"embeddable":true,"href":"https:\/\/nautical.store\/fi\/wp-json\/wp\/v2\/media\/40289"}],"wp:attachment":[{"href":"https:\/\/nautical.store\/fi\/wp-json\/wp\/v2\/media?parent=54905"}],"wp:term":[{"taxonomy":"pwb-brand","embeddable":true,"href":"https:\/\/nautical.store\/fi\/wp-json\/wp\/v2\/pwb-brand?post=54905"},{"taxonomy":"product_brand","embeddable":true,"href":"https:\/\/nautical.store\/fi\/wp-json\/wp\/v2\/product_brand?post=54905"},{"taxonomy":"product_cat","embeddable":true,"href":"https:\/\/nautical.store\/fi\/wp-json\/wp\/v2\/product_cat?post=54905"},{"taxonomy":"product_tag","embeddable":true,"href":"https:\/\/nautical.store\/fi\/wp-json\/wp\/v2\/product_tag?post=54905"},{"taxonomy":"woo-feed-brand","embeddable":true,"href":"https:\/\/nautical.store\/fi\/wp-json\/wp\/v2\/woo-feed-brand?post=54905"}],"curies":[{"name":"wp","href":"https:\/\/api.w.org\/{rel}","templated":true}]}}