{"id":54917,"date":"2023-03-18T12:29:12","date_gmt":"2023-03-18T10:29:12","guid":{"rendered":"https:\/\/www.nautical.store\/toode\/momentum-ls-poolo\/"},"modified":"2024-07-31T16:50:04","modified_gmt":"2024-07-31T13:50:04","slug":"momentum-ls-poolo","status":"publish","type":"product","link":"https:\/\/nautical.store\/fi\/tuote\/momentum-ls-poolo\/","title":{"rendered":"Momentum LS Poolo"},"content":{"rendered":"<p>Tekninen poolo pitkill\u00e4 hihoilla, valmistettu 4-suuntaisesta stretch-kankaasta. Kangas on kosteutta siirt\u00e4v\u00e4\u00e4, hengitt\u00e4v\u00e4\u00e4 ja nopeasti kuivuvaa, joten se pit\u00e4\u00e4 vartalon viile\u00e4n\u00e4 ja kuivana kuumimpinakin p\u00e4ivin\u00e4. Tarjoaa UV-suojan.<\/p>\n","protected":false},"excerpt":{"rendered":"<p>Mukava poolo, jossa on pitk\u00e4t hihat.<\/p>\n","protected":false},"featured_media":40268,"template":"","meta":{"_acf_changed":false},"pwb-brand":[838],"product_brand":[],"product_cat":[777,1259,1261,633],"product_tag":[],"woo-feed-brand":[],"class_list":{"0":"post-54917","1":"product","2":"type-product","3":"status-publish","4":"has-post-thumbnail","6":"pwb-brand-pelle-petterson-fi","7":"product_cat-miehet","8":"product_cat-miesten-golfvaatteet","9":"product_cat-miesten-purjehdusvaatteet","10":"product_cat-paidat-fi","12":"first","13":"instock","14":"sale","15":"taxable","16":"shipping-taxable","17":"purchasable","18":"product-type-variable","19":"wvs-archive-product-wrapper"},"acf":[],"brands":[{"id":838,"name":"Pelle Petterson","slug":"pelle-petterson-fi"}],"_links":{"self":[{"href":"https:\/\/nautical.store\/fi\/wp-json\/wp\/v2\/product\/54917","targetHints":{"allow":["GET"]}}],"collection":[{"href":"https:\/\/nautical.store\/fi\/wp-json\/wp\/v2\/product"}],"about":[{"href":"https:\/\/nautical.store\/fi\/wp-json\/wp\/v2\/types\/product"}],"wp:featuredmedia":[{"embeddable":true,"href":"https:\/\/nautical.store\/fi\/wp-json\/wp\/v2\/media\/40268"}],"wp:attachment":[{"href":"https:\/\/nautical.store\/fi\/wp-json\/wp\/v2\/media?parent=54917"}],"wp:term":[{"taxonomy":"pwb-brand","embeddable":true,"href":"https:\/\/nautical.store\/fi\/wp-json\/wp\/v2\/pwb-brand?post=54917"},{"taxonomy":"product_brand","embeddable":true,"href":"https:\/\/nautical.store\/fi\/wp-json\/wp\/v2\/product_brand?post=54917"},{"taxonomy":"product_cat","embeddable":true,"href":"https:\/\/nautical.store\/fi\/wp-json\/wp\/v2\/product_cat?post=54917"},{"taxonomy":"product_tag","embeddable":true,"href":"https:\/\/nautical.store\/fi\/wp-json\/wp\/v2\/product_tag?post=54917"},{"taxonomy":"woo-feed-brand","embeddable":true,"href":"https:\/\/nautical.store\/fi\/wp-json\/wp\/v2\/woo-feed-brand?post=54917"}],"curies":[{"name":"wp","href":"https:\/\/api.w.org\/{rel}","templated":true}]}}