{"id":54930,"date":"2023-03-18T12:13:02","date_gmt":"2023-03-18T10:13:02","guid":{"rendered":"https:\/\/www.nautical.store\/toode\/sport-shortsit\/"},"modified":"2025-06-27T18:38:37","modified_gmt":"2025-06-27T15:38:37","slug":"sport-shortsit","status":"publish","type":"product","link":"https:\/\/nautical.store\/fi\/tuote\/sport-shortsit\/","title":{"rendered":"PelleP Sport Shortsit"},"content":{"rendered":"<p><!--StartFragment --><\/p>\n<p>Tyyli\u00e4 ja mukavuutta yhdess\u00e4! Pelle P:n nopeasti kuivuvasta ja joustavasta materiaalista valmistetut shortsit sopivat t\u00e4ydellisesti niin kaupunkik\u00e4ytt\u00f6\u00f6n kuin aktiiviseen vapaa-aikaan \u2013 olipa kyseess\u00e4 golfkierros tai meriseikkailu. Klassisen leikkauksen miesten shortseissa on vy\u00f6lenkit, kaksi k\u00e4yt\u00e4nn\u00f6llist\u00e4 etutaskua ja kaksi takataskua. Toisessa takataskussa on erityinen silikoninauha, joka pit\u00e4\u00e4 golfhanskan tukevasti paikallaan.<\/p>\n<p>Materiaalitiedot:<\/p>\n<ul>\n<li>94 % polyesteri \/ 6 % elastaani<\/li>\n<li>2 etutaskua + 1 silikonilla varustettu takatasku<\/li>\n<li>Erillinen pieni tasku avaimille tai korteille<\/li>\n<li>Kontrastitikkaukset viimeistelev\u00e4t ilmeen<\/li>\n<li>Brodeerattu \u201cPelle P\u201d -logo edess\u00e4 ja vy\u00f6lenkiss\u00e4<\/li>\n<li>Vy\u00f6t\u00e4r\u00f6n sis\u00e4puolella inspiroiva teksti: <em>Navigare necesse est<\/em><\/li>\n<\/ul>\n<p><!--EndFragment --><\/p>\n","protected":false},"excerpt":{"rendered":"<p>Mukavat shortsit aktiiviseen menoon<\/p>\n","protected":false},"featured_media":81197,"template":"","meta":{"_acf_changed":false},"pwb-brand":[838],"product_brand":[],"product_cat":[610,1259,1261],"product_tag":[],"woo-feed-brand":[],"class_list":{"0":"post-54930","1":"product","2":"type-product","3":"status-publish","4":"has-post-thumbnail","6":"pwb-brand-pelle-petterson-fi","7":"product_cat-housut","8":"product_cat-miesten-golfvaatteet","9":"product_cat-miesten-purjehdusvaatteet","11":"first","12":"instock","13":"taxable","14":"shipping-taxable","15":"purchasable","16":"product-type-variable","17":"wvs-archive-product-wrapper"},"acf":[],"brands":[{"id":838,"name":"Pelle Petterson","slug":"pelle-petterson-fi"}],"_links":{"self":[{"href":"https:\/\/nautical.store\/fi\/wp-json\/wp\/v2\/product\/54930","targetHints":{"allow":["GET"]}}],"collection":[{"href":"https:\/\/nautical.store\/fi\/wp-json\/wp\/v2\/product"}],"about":[{"href":"https:\/\/nautical.store\/fi\/wp-json\/wp\/v2\/types\/product"}],"wp:featuredmedia":[{"embeddable":true,"href":"https:\/\/nautical.store\/fi\/wp-json\/wp\/v2\/media\/81197"}],"wp:attachment":[{"href":"https:\/\/nautical.store\/fi\/wp-json\/wp\/v2\/media?parent=54930"}],"wp:term":[{"taxonomy":"pwb-brand","embeddable":true,"href":"https:\/\/nautical.store\/fi\/wp-json\/wp\/v2\/pwb-brand?post=54930"},{"taxonomy":"product_brand","embeddable":true,"href":"https:\/\/nautical.store\/fi\/wp-json\/wp\/v2\/product_brand?post=54930"},{"taxonomy":"product_cat","embeddable":true,"href":"https:\/\/nautical.store\/fi\/wp-json\/wp\/v2\/product_cat?post=54930"},{"taxonomy":"product_tag","embeddable":true,"href":"https:\/\/nautical.store\/fi\/wp-json\/wp\/v2\/product_tag?post=54930"},{"taxonomy":"woo-feed-brand","embeddable":true,"href":"https:\/\/nautical.store\/fi\/wp-json\/wp\/v2\/woo-feed-brand?post=54930"}],"curies":[{"name":"wp","href":"https:\/\/api.w.org\/{rel}","templated":true}]}}