{"id":54936,"date":"2023-03-18T11:44:49","date_gmt":"2023-03-18T09:44:49","guid":{"rendered":"https:\/\/www.nautical.store\/toode\/1200-shortsit-2\/"},"modified":"2026-03-30T12:31:12","modified_gmt":"2026-03-30T09:31:12","slug":"1200-shortsit-2","status":"publish","type":"product","link":"https:\/\/nautical.store\/fi\/tuote\/1200-shortsit-2\/","title":{"rendered":"PelleP Naisten 1200\u2011shortsit."},"content":{"rendered":"<p>1200\u2011shortsit on suunniteltu monik\u00e4ytt\u00f6isiksi ja luotettaviksi ulkoiluvaatteiksi, ja niiden istuvuus on regular\u2011mallia. Materiaali on vett\u00e4hylkiv\u00e4\u00e4, nopeasti kuivuvaa ja joustavaa, ja eniten kuluvissa kohdissa on kest\u00e4v\u00e4t Xyrplex\u2122\u2011vahvikkeet. Shortseissa on viisi taskua, joista kolme on vetoketjullisia. Malli sopii mukaan kaikille retkille ja seikkailuihin.<\/p>\n<ul>\n<li>P\u00e4\u00e4materiaali: 89 % nailonia, 11 % elastaania<\/li>\n<li>Vahvikekangas: Xyrplex\u2122 \u2013 72 % nailonia, 14 % polyesteri\u00e4, 14 % elastaania<\/li>\n<li>Vett\u00e4hylkiv\u00e4 ja nopeasti kuivuva stretch\u2011materiaali<\/li>\n<li>Eritt\u00e4in kest\u00e4v\u00e4t, joustavat kontrastivahvikkeet parantavat liikkumismukavuutta<\/li>\n<li>Vy\u00f6t\u00e4r\u00f6ll\u00e4 Pelle P \u2011muovinen sarvinappi<\/li>\n<li>Etutaskut siksak\u2011koristeompeleella<\/li>\n<li>Takana vetoketjulliset taskut<\/li>\n<li>Pystysuuntainen Pelle P \u2011logo vasemmassa lahkeessa ja takavy\u00f6lenkiss\u00e4<\/li>\n<li>Mukana Pelle P \u2011vy\u00f6<\/li>\n<\/ul>\n","protected":false},"excerpt":{"rendered":"<p>1200\u2011shortsit on suunniteltu monik\u00e4ytt\u00f6isiksi ja luotettaviksi ulkoiluvaatteiksi, ja niiden istuvuus on regular\u2011mallia. Materiaali on vett\u00e4hylkiv\u00e4\u00e4, nopeasti kuivuvaa ja joustavaa, ja eniten kuluvissa kohdissa on kest\u00e4v\u00e4t Xyrplex\u2122\u2011vahvikkeet. Shortseissa on viisi taskua, joista kolme on vetoketjullisia. Malli sopii mukaan kaikille retkille ja seikkailuihin. P\u00e4\u00e4materiaali: 89 % nailonia, 11 % elastaania Vahvikekangas: Xyrplex\u2122 \u2013 72 % nailonia, 14 [&hellip;]<\/p>\n","protected":false},"featured_media":92303,"template":"","meta":{"_acf_changed":false},"pwb-brand":[838],"product_brand":[],"product_cat":[640,827,1262,726],"product_tag":[],"woo-feed-brand":[],"class_list":{"0":"post-54936","1":"product","2":"type-product","3":"status-publish","4":"has-post-thumbnail","6":"pwb-brand-pelle-petterson-fi","7":"product_cat-housut-fi","8":"product_cat-naiset","9":"product_cat-naisten-purjehdusvaatteet","10":"product_cat-tekniset-vaatteet-naiset","12":"first","13":"instock","14":"sale","15":"taxable","16":"shipping-taxable","17":"purchasable","18":"product-type-variable","19":"wvs-archive-product-wrapper"},"acf":[],"brands":[{"id":838,"name":"Pelle Petterson","slug":"pelle-petterson-fi"}],"_links":{"self":[{"href":"https:\/\/nautical.store\/fi\/wp-json\/wp\/v2\/product\/54936","targetHints":{"allow":["GET"]}}],"collection":[{"href":"https:\/\/nautical.store\/fi\/wp-json\/wp\/v2\/product"}],"about":[{"href":"https:\/\/nautical.store\/fi\/wp-json\/wp\/v2\/types\/product"}],"wp:featuredmedia":[{"embeddable":true,"href":"https:\/\/nautical.store\/fi\/wp-json\/wp\/v2\/media\/92303"}],"wp:attachment":[{"href":"https:\/\/nautical.store\/fi\/wp-json\/wp\/v2\/media?parent=54936"}],"wp:term":[{"taxonomy":"pwb-brand","embeddable":true,"href":"https:\/\/nautical.store\/fi\/wp-json\/wp\/v2\/pwb-brand?post=54936"},{"taxonomy":"product_brand","embeddable":true,"href":"https:\/\/nautical.store\/fi\/wp-json\/wp\/v2\/product_brand?post=54936"},{"taxonomy":"product_cat","embeddable":true,"href":"https:\/\/nautical.store\/fi\/wp-json\/wp\/v2\/product_cat?post=54936"},{"taxonomy":"product_tag","embeddable":true,"href":"https:\/\/nautical.store\/fi\/wp-json\/wp\/v2\/product_tag?post=54936"},{"taxonomy":"woo-feed-brand","embeddable":true,"href":"https:\/\/nautical.store\/fi\/wp-json\/wp\/v2\/woo-feed-brand?post=54936"}],"curies":[{"name":"wp","href":"https:\/\/api.w.org\/{rel}","templated":true}]}}