{"id":54943,"date":"2023-03-18T11:32:59","date_gmt":"2023-03-18T09:32:59","guid":{"rendered":"https:\/\/www.nautical.store\/toode\/1300-shortsit-2\/"},"modified":"2026-03-30T10:00:33","modified_gmt":"2026-03-30T07:00:33","slug":"1300-shortsit-2","status":"publish","type":"product","link":"https:\/\/nautical.store\/fi\/tuote\/1300-shortsit-2\/","title":{"rendered":"Pelle P Naisten Shorts 1300"},"content":{"rendered":"<p>Vetthylkiv\u00e4t, nopeasti kuivuvat ja kest\u00e4v\u00e4ll\u00e4 Xyrplex\u2011materiaalilla vahvistetut \u2013 1300\u2011shortsit sopivat erinomaisesti erilaisiin seikkailuihin. Ne on valmistettu joustavasta kankaasta maksimaalisen liikkumisvapauden takaamiseksi, ja niiss\u00e4 on useita k\u00e4yt\u00e4nn\u00f6llisi\u00e4 taskuja, kuten lahjetaskut teipatuilla saumoilla ja vett\u00e4hylkiv\u00e4ll\u00e4 vetoketjulla.<\/p>\n<ul>\n<li>Materiaalit: Pealmine kangas: 89 % polyamidi, 11 % elastaani<\/li>\n<li>Kolmikerroksinen kangas lahjetaskussa: 100 % polyamidi<\/li>\n<li>Vahvistettu kangas: XYRPLEX 72 % nailon, 14 % polyesteri, 14 % elastaani<\/li>\n<li>Vetthylkiv\u00e4 ja nopeasti kuivuva joustokangas<\/li>\n<li>Kolmikerroksinen materiaali vett\u00e4hylkiviin taskuihin kontrastimustalla v\u00e4rill\u00e4<\/li>\n<li>Vett\u00e4hylkiv\u00e4t vetoketjut lahjetaskuissa<\/li>\n<li>Lis\u00e4tasku vetoketjulla pienten esineiden turvalliseen s\u00e4ilytykseen lahjetaskussa<\/li>\n<li>Kontrastiset vahvikepaneelit kest\u00e4v\u00e4ss\u00e4 XYRPLEX\u2011materiaalissa \u2013 joustavat ominaisuudet mukavaan istuvuuteen ja erinomaiseen liikkuvuuteen<\/li>\n<li>Kaksi takataskua piilotetuilla vetoketjuilla<\/li>\n<li>Vetoketjukiinnitys Pelle P \u2011muovinappi<\/li>\n<li>Kontrastiset vahvistetut saumat<\/li>\n<li>Pelle P \u2011kirjailu vy\u00f6n takalenkiss\u00e4<\/li>\n<li>Pelle P \u2011painatus vasemmassa lahkeessa<\/li>\n<li>Mukana Pelle P \u2011vy\u00f6<\/li>\n<\/ul>\n","protected":false},"excerpt":{"rendered":"<p>Tekniset naisten shortsit<\/p>\n","protected":false},"featured_media":64942,"template":"","meta":{"_acf_changed":false},"pwb-brand":[838],"product_brand":[],"product_cat":[640,827,1262,1269,726],"product_tag":[],"woo-feed-brand":[],"class_list":{"0":"post-54943","1":"product","2":"type-product","3":"status-publish","4":"has-post-thumbnail","6":"pwb-brand-pelle-petterson-fi","7":"product_cat-housut-fi","8":"product_cat-naiset","9":"product_cat-naisten-purjehdusvaatteet","10":"product_cat-purjehdus","11":"product_cat-tekniset-vaatteet-naiset","13":"first","14":"instock","15":"taxable","16":"shipping-taxable","17":"purchasable","18":"product-type-variable","19":"wvs-archive-product-wrapper"},"acf":[],"brands":[{"id":838,"name":"Pelle Petterson","slug":"pelle-petterson-fi"}],"_links":{"self":[{"href":"https:\/\/nautical.store\/fi\/wp-json\/wp\/v2\/product\/54943","targetHints":{"allow":["GET"]}}],"collection":[{"href":"https:\/\/nautical.store\/fi\/wp-json\/wp\/v2\/product"}],"about":[{"href":"https:\/\/nautical.store\/fi\/wp-json\/wp\/v2\/types\/product"}],"wp:featuredmedia":[{"embeddable":true,"href":"https:\/\/nautical.store\/fi\/wp-json\/wp\/v2\/media\/64942"}],"wp:attachment":[{"href":"https:\/\/nautical.store\/fi\/wp-json\/wp\/v2\/media?parent=54943"}],"wp:term":[{"taxonomy":"pwb-brand","embeddable":true,"href":"https:\/\/nautical.store\/fi\/wp-json\/wp\/v2\/pwb-brand?post=54943"},{"taxonomy":"product_brand","embeddable":true,"href":"https:\/\/nautical.store\/fi\/wp-json\/wp\/v2\/product_brand?post=54943"},{"taxonomy":"product_cat","embeddable":true,"href":"https:\/\/nautical.store\/fi\/wp-json\/wp\/v2\/product_cat?post=54943"},{"taxonomy":"product_tag","embeddable":true,"href":"https:\/\/nautical.store\/fi\/wp-json\/wp\/v2\/product_tag?post=54943"},{"taxonomy":"woo-feed-brand","embeddable":true,"href":"https:\/\/nautical.store\/fi\/wp-json\/wp\/v2\/woo-feed-brand?post=54943"}],"curies":[{"name":"wp","href":"https:\/\/api.w.org\/{rel}","templated":true}]}}