{"id":54948,"date":"2023-03-18T11:23:33","date_gmt":"2023-03-18T09:23:33","guid":{"rendered":"https:\/\/www.nautical.store\/toode\/arc-mesh-poolo\/"},"modified":"2024-07-31T16:54:41","modified_gmt":"2024-07-31T13:54:41","slug":"arc-mesh-poolo","status":"publish","type":"product","link":"https:\/\/nautical.store\/fi\/tuote\/arc-mesh-poolo\/","title":{"rendered":"N Arc Mesh Poolo"},"content":{"rendered":"<p>Urheilullinen poolo, jossa on lyhyet hihat. Ihanteellinen golfkent\u00e4ll\u00e4, merell\u00e4 tai intensiiviseen harjoitteluun kuntosalilla. Paidassa on kontrastiset sivupaneelit sivuilla ja niskassa sek\u00e4 verkkoyksityiskohdat sel\u00e4ss\u00e4. Polossa on useita heijastavia yksityiskohtia maksimaalisen n\u00e4kyvyyden takaamiseksi h\u00e4m\u00e4r\u00e4ss\u00e4 tai pime\u00e4ss\u00e4.<\/p>\n","protected":false},"excerpt":{"rendered":"<p>Ihanteellinen golfkent\u00e4ll\u00e4, merell\u00e4 tai intensiiviseen harjoitteluun kuntosalilla.<\/p>\n","protected":false},"featured_media":40097,"template":"","meta":{"_acf_changed":false},"pwb-brand":[838],"product_brand":[],"product_cat":[1260,1262,590,726],"product_tag":[],"woo-feed-brand":[],"class_list":{"0":"post-54948","1":"product","2":"type-product","3":"status-publish","4":"has-post-thumbnail","6":"pwb-brand-pelle-petterson-fi","7":"product_cat-naisten-golfvaatteet","8":"product_cat-naisten-purjehdusvaatteet","9":"product_cat-paidat","10":"product_cat-tekniset-vaatteet-naiset","12":"first","13":"instock","14":"taxable","15":"shipping-taxable","16":"purchasable","17":"product-type-variable","18":"wvs-archive-product-wrapper"},"acf":[],"brands":[{"id":838,"name":"Pelle Petterson","slug":"pelle-petterson-fi"}],"_links":{"self":[{"href":"https:\/\/nautical.store\/fi\/wp-json\/wp\/v2\/product\/54948","targetHints":{"allow":["GET"]}}],"collection":[{"href":"https:\/\/nautical.store\/fi\/wp-json\/wp\/v2\/product"}],"about":[{"href":"https:\/\/nautical.store\/fi\/wp-json\/wp\/v2\/types\/product"}],"wp:featuredmedia":[{"embeddable":true,"href":"https:\/\/nautical.store\/fi\/wp-json\/wp\/v2\/media\/40097"}],"wp:attachment":[{"href":"https:\/\/nautical.store\/fi\/wp-json\/wp\/v2\/media?parent=54948"}],"wp:term":[{"taxonomy":"pwb-brand","embeddable":true,"href":"https:\/\/nautical.store\/fi\/wp-json\/wp\/v2\/pwb-brand?post=54948"},{"taxonomy":"product_brand","embeddable":true,"href":"https:\/\/nautical.store\/fi\/wp-json\/wp\/v2\/product_brand?post=54948"},{"taxonomy":"product_cat","embeddable":true,"href":"https:\/\/nautical.store\/fi\/wp-json\/wp\/v2\/product_cat?post=54948"},{"taxonomy":"product_tag","embeddable":true,"href":"https:\/\/nautical.store\/fi\/wp-json\/wp\/v2\/product_tag?post=54948"},{"taxonomy":"woo-feed-brand","embeddable":true,"href":"https:\/\/nautical.store\/fi\/wp-json\/wp\/v2\/woo-feed-brand?post=54948"}],"curies":[{"name":"wp","href":"https:\/\/api.w.org\/{rel}","templated":true}]}}