{"id":54954,"date":"2023-03-18T11:12:33","date_gmt":"2023-03-18T09:12:33","guid":{"rendered":"https:\/\/www.nautical.store\/toode\/arc-mesh-housuhame\/"},"modified":"2026-03-30T09:22:25","modified_gmt":"2026-03-30T06:22:25","slug":"arc-mesh-housuhame","status":"publish","type":"product","link":"https:\/\/nautical.store\/fi\/tuote\/arc-mesh-housuhame\/","title":{"rendered":"Pelle P Arc Mesh Skort"},"content":{"rendered":"<p>Sporttinen skort on valmistettu hengitt\u00e4v\u00e4st\u00e4 ja joustavasta materiaalista. Pehme\u00e4st\u00e4 trikookankaasta tehdyt sis\u00e4shortsit v\u00e4hent\u00e4v\u00e4t hiertymist\u00e4 intensiivisten treenien aikana. Leve\u00e4 vy\u00f6t\u00e4r\u00f6nauha lis\u00e4\u00e4 k\u00e4ytt\u00f6mukavuutta, ja heijastavat yksityiskohdat parantavat n\u00e4kyvyytt\u00e4 h\u00e4m\u00e4r\u00e4ss\u00e4 ja pime\u00e4ss\u00e4. Lahkeessa on piilotettu tasku. Sopii tennikseen, golfiin ja vapaa\u2011aikaan.<\/p>\n<ul>\n<li>P\u00e4\u00e4llikangas: 92 % polyesteri, 8 % elastaani<\/li>\n<li>P\u00e4\u00e4llikangas 2: 88 % polyesteri, 12 % elastaani<\/li>\n<li>Vuori: 76 % polyesteri, 24 % elastaani<\/li>\n<li>Hengitt\u00e4v\u00e4 ja joustava kangas<\/li>\n<li>Joustavat sis\u00e4shortsit<\/li>\n<li>Muotoileva, leve\u00e4 vy\u00f6t\u00e4r\u00f6<\/li>\n<li>Heijastava Pelle P \u2011logo edess\u00e4 vasemmalla<\/li>\n<li>Heijastava TRUE EXPERIENCE \u2011logo takana vasemmalla<\/li>\n<li>Normaali istuvuus<\/li>\n<\/ul>\n","protected":false},"excerpt":{"rendered":"<p>LOPPUUNMYYNTI! VIIMEISET KOOT<\/p>\n","protected":false},"featured_media":78439,"template":"","meta":{"_acf_changed":false},"pwb-brand":[838],"product_brand":[],"product_cat":[877,639,640,1260,726],"product_tag":[],"woo-feed-brand":[],"class_list":{"0":"post-54954","1":"product","2":"type-product","3":"status-publish","4":"has-post-thumbnail","6":"pwb-brand-pelle-petterson-fi","7":"product_cat-edullinen-hinta-naiset","8":"product_cat-hameet","9":"product_cat-housut-fi","10":"product_cat-naisten-golfvaatteet","11":"product_cat-tekniset-vaatteet-naiset","13":"first","14":"instock","15":"sale","16":"taxable","17":"shipping-taxable","18":"purchasable","19":"product-type-variable","20":"wvs-archive-product-wrapper"},"acf":[],"brands":[{"id":838,"name":"Pelle Petterson","slug":"pelle-petterson-fi"}],"_links":{"self":[{"href":"https:\/\/nautical.store\/fi\/wp-json\/wp\/v2\/product\/54954","targetHints":{"allow":["GET"]}}],"collection":[{"href":"https:\/\/nautical.store\/fi\/wp-json\/wp\/v2\/product"}],"about":[{"href":"https:\/\/nautical.store\/fi\/wp-json\/wp\/v2\/types\/product"}],"wp:featuredmedia":[{"embeddable":true,"href":"https:\/\/nautical.store\/fi\/wp-json\/wp\/v2\/media\/78439"}],"wp:attachment":[{"href":"https:\/\/nautical.store\/fi\/wp-json\/wp\/v2\/media?parent=54954"}],"wp:term":[{"taxonomy":"pwb-brand","embeddable":true,"href":"https:\/\/nautical.store\/fi\/wp-json\/wp\/v2\/pwb-brand?post=54954"},{"taxonomy":"product_brand","embeddable":true,"href":"https:\/\/nautical.store\/fi\/wp-json\/wp\/v2\/product_brand?post=54954"},{"taxonomy":"product_cat","embeddable":true,"href":"https:\/\/nautical.store\/fi\/wp-json\/wp\/v2\/product_cat?post=54954"},{"taxonomy":"product_tag","embeddable":true,"href":"https:\/\/nautical.store\/fi\/wp-json\/wp\/v2\/product_tag?post=54954"},{"taxonomy":"woo-feed-brand","embeddable":true,"href":"https:\/\/nautical.store\/fi\/wp-json\/wp\/v2\/woo-feed-brand?post=54954"}],"curies":[{"name":"wp","href":"https:\/\/api.w.org\/{rel}","templated":true}]}}