{"id":55003,"date":"2023-03-16T16:39:33","date_gmt":"2023-03-16T14:39:33","guid":{"rendered":"https:\/\/www.nautical.store\/toode\/solent-kumisaappaat\/"},"modified":"2025-11-06T09:29:08","modified_gmt":"2025-11-06T07:29:08","slug":"solent-kumisaappaat","status":"publish","type":"product","link":"https:\/\/nautical.store\/fi\/tuote\/solent-kumisaappaat\/","title":{"rendered":"Solent-kumisaappaat"},"content":{"rendered":"<p><!--StartFragment --><\/p>\n<p>Solent-kumisaappaat ovat ihanteelliset purjehdukseen. Ne on valmistettu 100 % luonnonkumista ja pit\u00e4v\u00e4t jalat miellytt\u00e4v\u00e4n kuivina ja l\u00e4mpimin\u00e4 my\u00f6s eritt\u00e4in kosteissa ja kylmiss\u00e4 olosuhteissa. Saappaan yl\u00e4reunassa oleva s\u00e4\u00e4dett\u00e4v\u00e4 ny\u00f6ri auttaa est\u00e4m\u00e4\u00e4n veden p\u00e4\u00e4syn saappaan sis\u00e4\u00e4n.<\/p>\n<ul>\n<li>100 % luonnonkumia<\/li>\n<li>Vedenpit\u00e4v\u00e4t<\/li>\n<li>L\u00e4mmin ja mukava 4 mm neopreenivuori<\/li>\n<li>Irrotettava sis\u00e4pohja<\/li>\n<li>Luistamaton, ei j\u00e4lki\u00e4 j\u00e4tt\u00e4v\u00e4 kumipohja<\/li>\n<\/ul>\n<p><!--EndFragment --><\/p>\n","protected":false},"excerpt":{"rendered":"<p>L\u00e4mpim\u00e4t kumisaappaat merelle ja maalle<\/p>\n","protected":false},"featured_media":39446,"template":"","meta":{"_acf_changed":false},"pwb-brand":[1178],"product_brand":[],"product_cat":[877,876,817,818,1269],"product_tag":[],"woo-feed-brand":[],"class_list":{"0":"post-55003","1":"product","2":"type-product","3":"status-publish","4":"has-post-thumbnail","6":"pwb-brand-orca-bay-fi","7":"product_cat-edullinen-hinta-naiset","8":"product_cat-edullinen-hinta-miehet-fi","9":"product_cat-jalkineet","10":"product_cat-jalkineet-naiset","11":"product_cat-purjehdus","13":"first","14":"instock","15":"sale","16":"taxable","17":"shipping-taxable","18":"purchasable","19":"product-type-variable","20":"wvs-archive-product-wrapper"},"acf":[],"brands":[{"id":1178,"name":"Orca Bay","slug":"orca-bay-fi"}],"_links":{"self":[{"href":"https:\/\/nautical.store\/fi\/wp-json\/wp\/v2\/product\/55003","targetHints":{"allow":["GET"]}}],"collection":[{"href":"https:\/\/nautical.store\/fi\/wp-json\/wp\/v2\/product"}],"about":[{"href":"https:\/\/nautical.store\/fi\/wp-json\/wp\/v2\/types\/product"}],"wp:featuredmedia":[{"embeddable":true,"href":"https:\/\/nautical.store\/fi\/wp-json\/wp\/v2\/media\/39446"}],"wp:attachment":[{"href":"https:\/\/nautical.store\/fi\/wp-json\/wp\/v2\/media?parent=55003"}],"wp:term":[{"taxonomy":"pwb-brand","embeddable":true,"href":"https:\/\/nautical.store\/fi\/wp-json\/wp\/v2\/pwb-brand?post=55003"},{"taxonomy":"product_brand","embeddable":true,"href":"https:\/\/nautical.store\/fi\/wp-json\/wp\/v2\/product_brand?post=55003"},{"taxonomy":"product_cat","embeddable":true,"href":"https:\/\/nautical.store\/fi\/wp-json\/wp\/v2\/product_cat?post=55003"},{"taxonomy":"product_tag","embeddable":true,"href":"https:\/\/nautical.store\/fi\/wp-json\/wp\/v2\/product_tag?post=55003"},{"taxonomy":"woo-feed-brand","embeddable":true,"href":"https:\/\/nautical.store\/fi\/wp-json\/wp\/v2\/woo-feed-brand?post=55003"}],"curies":[{"name":"wp","href":"https:\/\/api.w.org\/{rel}","templated":true}]}}