{"id":55012,"date":"2023-03-09T11:21:00","date_gmt":"2023-03-09T09:21:00","guid":{"rendered":"https:\/\/www.nautical.store\/toode\/amber-reform-farkut\/"},"modified":"2023-12-19T12:59:36","modified_gmt":"2023-12-19T10:59:36","slug":"amber-reform-farkut","status":"publish","type":"product","link":"https:\/\/nautical.store\/fi\/tuote\/amber-reform-farkut\/","title":{"rendered":"Amber Reform Farkut"},"content":{"rendered":"<p>Korkeavy\u00f6t\u00e4r\u00f6iset teipatut housut. Mukavasti joustava materiaali takaa erinomaisen istuvuuden. Housuissa on taskut edess\u00e4 ja takana. Nappi- ja vetoketjukiinnitys. Vetoketjut haaroissa.<\/p>\n","protected":false},"excerpt":{"rendered":"<p>Korkeavy\u00f6t\u00e4r\u00f6iset teipatut housut. Mukavasti joustava materiaali takaa erinomaisen istuvuuden. Housuissa on taskut edess\u00e4 ja takana. Nappi- ja vetoketjukiinnitys. Vetoketjut haaroissa.<\/p>\n","protected":false},"featured_media":39339,"template":"","meta":{"_acf_changed":false},"pwb-brand":[959],"product_brand":[],"product_cat":[877,640,827,2183],"product_tag":[],"woo-feed-brand":[],"class_list":{"0":"post-55012","1":"product","2":"type-product","3":"status-publish","4":"has-post-thumbnail","6":"pwb-brand-para-mi-fi","7":"product_cat-edullinen-hinta-naiset","8":"product_cat-housut-fi","9":"product_cat-naiset","10":"product_cat-outlet-fi","12":"first","13":"outofstock","14":"taxable","15":"shipping-taxable","16":"product-type-variable","17":"wvs-archive-product-wrapper"},"acf":[],"brands":[{"id":959,"name":"Para Mi","slug":"para-mi-fi"}],"_links":{"self":[{"href":"https:\/\/nautical.store\/fi\/wp-json\/wp\/v2\/product\/55012","targetHints":{"allow":["GET"]}}],"collection":[{"href":"https:\/\/nautical.store\/fi\/wp-json\/wp\/v2\/product"}],"about":[{"href":"https:\/\/nautical.store\/fi\/wp-json\/wp\/v2\/types\/product"}],"wp:featuredmedia":[{"embeddable":true,"href":"https:\/\/nautical.store\/fi\/wp-json\/wp\/v2\/media\/39339"}],"wp:attachment":[{"href":"https:\/\/nautical.store\/fi\/wp-json\/wp\/v2\/media?parent=55012"}],"wp:term":[{"taxonomy":"pwb-brand","embeddable":true,"href":"https:\/\/nautical.store\/fi\/wp-json\/wp\/v2\/pwb-brand?post=55012"},{"taxonomy":"product_brand","embeddable":true,"href":"https:\/\/nautical.store\/fi\/wp-json\/wp\/v2\/product_brand?post=55012"},{"taxonomy":"product_cat","embeddable":true,"href":"https:\/\/nautical.store\/fi\/wp-json\/wp\/v2\/product_cat?post=55012"},{"taxonomy":"product_tag","embeddable":true,"href":"https:\/\/nautical.store\/fi\/wp-json\/wp\/v2\/product_tag?post=55012"},{"taxonomy":"woo-feed-brand","embeddable":true,"href":"https:\/\/nautical.store\/fi\/wp-json\/wp\/v2\/woo-feed-brand?post=55012"}],"curies":[{"name":"wp","href":"https:\/\/api.w.org\/{rel}","templated":true}]}}