{"id":55030,"date":"2023-03-09T10:01:30","date_gmt":"2023-03-09T08:01:30","guid":{"rendered":"https:\/\/www.nautical.store\/toode\/celine-spring\/"},"modified":"2023-12-19T13:18:00","modified_gmt":"2023-12-19T11:18:00","slug":"celine-spring","status":"publish","type":"product","link":"https:\/\/nautical.store\/fi\/tuote\/celine-spring\/","title":{"rendered":"Celine Spring"},"content":{"rendered":"<p>Korkea vy\u00f6t\u00e4r\u00f6 ja kapeneva vy\u00f6t\u00e4r\u00f6nauha. Ne sopivat hyvin ketsin kanssa. Housuissa on sek\u00e4 etu- ett\u00e4 takataskut.<\/p>\n","protected":false},"excerpt":{"rendered":"<p>Korkea vy\u00f6t\u00e4r\u00f6 ja kapeneva vy\u00f6t\u00e4r\u00f6nauha. Ne sopivat hyvin ketsin kanssa. Housuissa on sek\u00e4 etu- ett\u00e4 takataskut.<\/p>\n","protected":false},"featured_media":39253,"template":"","meta":{"_acf_changed":false},"pwb-brand":[959],"product_brand":[],"product_cat":[877,640,827],"product_tag":[],"woo-feed-brand":[],"class_list":{"0":"post-55030","1":"product","2":"type-product","3":"status-publish","4":"has-post-thumbnail","6":"pwb-brand-para-mi-fi","7":"product_cat-edullinen-hinta-naiset","8":"product_cat-housut-fi","9":"product_cat-naiset","11":"first","12":"instock","13":"sale","14":"taxable","15":"shipping-taxable","16":"purchasable","17":"product-type-variable","18":"wvs-archive-product-wrapper"},"acf":[],"brands":[{"id":959,"name":"Para Mi","slug":"para-mi-fi"}],"_links":{"self":[{"href":"https:\/\/nautical.store\/fi\/wp-json\/wp\/v2\/product\/55030","targetHints":{"allow":["GET"]}}],"collection":[{"href":"https:\/\/nautical.store\/fi\/wp-json\/wp\/v2\/product"}],"about":[{"href":"https:\/\/nautical.store\/fi\/wp-json\/wp\/v2\/types\/product"}],"wp:featuredmedia":[{"embeddable":true,"href":"https:\/\/nautical.store\/fi\/wp-json\/wp\/v2\/media\/39253"}],"wp:attachment":[{"href":"https:\/\/nautical.store\/fi\/wp-json\/wp\/v2\/media?parent=55030"}],"wp:term":[{"taxonomy":"pwb-brand","embeddable":true,"href":"https:\/\/nautical.store\/fi\/wp-json\/wp\/v2\/pwb-brand?post=55030"},{"taxonomy":"product_brand","embeddable":true,"href":"https:\/\/nautical.store\/fi\/wp-json\/wp\/v2\/product_brand?post=55030"},{"taxonomy":"product_cat","embeddable":true,"href":"https:\/\/nautical.store\/fi\/wp-json\/wp\/v2\/product_cat?post=55030"},{"taxonomy":"product_tag","embeddable":true,"href":"https:\/\/nautical.store\/fi\/wp-json\/wp\/v2\/product_tag?post=55030"},{"taxonomy":"woo-feed-brand","embeddable":true,"href":"https:\/\/nautical.store\/fi\/wp-json\/wp\/v2\/woo-feed-brand?post=55030"}],"curies":[{"name":"wp","href":"https:\/\/api.w.org\/{rel}","templated":true}]}}