{"id":55053,"date":"2023-03-02T18:30:16","date_gmt":"2023-03-02T16:30:16","guid":{"rendered":"https:\/\/www.nautical.store\/toode\/sandusky-miesten-indigo\/"},"modified":"2026-03-21T12:17:36","modified_gmt":"2026-03-21T10:17:36","slug":"sandusky-purjehduskenka-indigo","status":"publish","type":"product","link":"https:\/\/nautical.store\/fi\/tuote\/sandusky-purjehduskenka-indigo\/","title":{"rendered":"Sandusky Indigo"},"content":{"rendered":"<p><!--StartFragment --><\/p>\n<p>Sandusky klassiset miesten purjehduskeng\u00e4t. Valmistettu k\u00e4sity\u00f6n\u00e4 korkealaatuisesta nahasta.<\/p>\n<ul>\n<li>nahkaiset mokkasiinit<\/li>\n<li>vuoriton<\/li>\n<li>konepest\u00e4v\u00e4t<\/li>\n<li>liukumaton ja j\u00e4lki\u00e4 j\u00e4tt\u00e4m\u00e4t\u00f6n valkoinen pohja<\/li>\n<li>pehmustettu EVA\u2011kantap\u00e4\u00e4<\/li>\n<li>nahkaiset nauhat<\/li>\n<\/ul>\n<p><!--EndFragment --><\/p>\n","protected":false},"excerpt":{"rendered":"<p>Miesten purjehduskeng\u00e4t<\/p>\n","protected":false},"featured_media":38973,"template":"","meta":{"_acf_changed":false},"pwb-brand":[1178],"product_brand":[],"product_cat":[817],"product_tag":[],"woo-feed-brand":[],"class_list":{"0":"post-55053","1":"product","2":"type-product","3":"status-publish","4":"has-post-thumbnail","6":"pwb-brand-orca-bay-fi","7":"product_cat-jalkineet","9":"first","10":"instock","11":"taxable","12":"shipping-taxable","13":"purchasable","14":"product-type-variable","15":"wvs-archive-product-wrapper"},"acf":[],"brands":[{"id":1178,"name":"Orca Bay","slug":"orca-bay-fi"}],"_links":{"self":[{"href":"https:\/\/nautical.store\/fi\/wp-json\/wp\/v2\/product\/55053","targetHints":{"allow":["GET"]}}],"collection":[{"href":"https:\/\/nautical.store\/fi\/wp-json\/wp\/v2\/product"}],"about":[{"href":"https:\/\/nautical.store\/fi\/wp-json\/wp\/v2\/types\/product"}],"wp:featuredmedia":[{"embeddable":true,"href":"https:\/\/nautical.store\/fi\/wp-json\/wp\/v2\/media\/38973"}],"wp:attachment":[{"href":"https:\/\/nautical.store\/fi\/wp-json\/wp\/v2\/media?parent=55053"}],"wp:term":[{"taxonomy":"pwb-brand","embeddable":true,"href":"https:\/\/nautical.store\/fi\/wp-json\/wp\/v2\/pwb-brand?post=55053"},{"taxonomy":"product_brand","embeddable":true,"href":"https:\/\/nautical.store\/fi\/wp-json\/wp\/v2\/product_brand?post=55053"},{"taxonomy":"product_cat","embeddable":true,"href":"https:\/\/nautical.store\/fi\/wp-json\/wp\/v2\/product_cat?post=55053"},{"taxonomy":"product_tag","embeddable":true,"href":"https:\/\/nautical.store\/fi\/wp-json\/wp\/v2\/product_tag?post=55053"},{"taxonomy":"woo-feed-brand","embeddable":true,"href":"https:\/\/nautical.store\/fi\/wp-json\/wp\/v2\/woo-feed-brand?post=55053"}],"curies":[{"name":"wp","href":"https:\/\/api.w.org\/{rel}","templated":true}]}}