{"id":55074,"date":"2023-03-02T17:51:13","date_gmt":"2023-03-02T15:51:13","guid":{"rendered":"https:\/\/www.nautical.store\/toode\/roma-ii-royal-blue\/"},"modified":"2026-03-21T12:26:09","modified_gmt":"2026-03-21T10:26:09","slug":"roma-ii-royal-blue","status":"publish","type":"product","link":"https:\/\/nautical.store\/fi\/tuote\/roma-ii-royal-blue\/","title":{"rendered":"Roma II Royal Blue"},"content":{"rendered":"<p>Miesten Roma II -keng\u00e4t on valmistettu k\u00e4sity\u00f6n\u00e4 korkealaatuisista materiaaleista.<\/p>\n<ul>\n<li>Joustava, musta kumipohja<\/li>\n<li>Ensiluokkainen mokka<\/li>\n<li>T\u00e4ysjyv\u00e4inen nahkavuori<\/li>\n<li>Kevyt ajokenk\u00e4<\/li>\n<li>T\u00e4ysnahkainen sis\u00e4pohja<\/li>\n<li>Gunmetal-lukko<\/li>\n<\/ul>\n","protected":false},"excerpt":{"rendered":"<p>Miesten Roma II -keng\u00e4t on valmistettu k\u00e4sity\u00f6n\u00e4 korkealaatuisista materiaaleista. Joustava, musta kumipohja Ensiluokkainen mokka T\u00e4ysjyv\u00e4inen nahkavuori Kevyt ajokenk\u00e4 T\u00e4ysnahkainen sis\u00e4pohja Gunmetal-lukko<\/p>\n","protected":false},"featured_media":38884,"template":"","meta":{"_acf_changed":false},"pwb-brand":[1178],"product_brand":[],"product_cat":[876,817],"product_tag":[],"woo-feed-brand":[],"class_list":{"0":"post-55074","1":"product","2":"type-product","3":"status-publish","4":"has-post-thumbnail","6":"pwb-brand-orca-bay-fi","7":"product_cat-edullinen-hinta-miehet-fi","8":"product_cat-jalkineet","10":"first","11":"outofstock","12":"sale","13":"taxable","14":"shipping-taxable","15":"purchasable","16":"product-type-variable","17":"wvs-archive-product-wrapper"},"acf":[],"brands":[{"id":1178,"name":"Orca Bay","slug":"orca-bay-fi"}],"_links":{"self":[{"href":"https:\/\/nautical.store\/fi\/wp-json\/wp\/v2\/product\/55074","targetHints":{"allow":["GET"]}}],"collection":[{"href":"https:\/\/nautical.store\/fi\/wp-json\/wp\/v2\/product"}],"about":[{"href":"https:\/\/nautical.store\/fi\/wp-json\/wp\/v2\/types\/product"}],"wp:featuredmedia":[{"embeddable":true,"href":"https:\/\/nautical.store\/fi\/wp-json\/wp\/v2\/media\/38884"}],"wp:attachment":[{"href":"https:\/\/nautical.store\/fi\/wp-json\/wp\/v2\/media?parent=55074"}],"wp:term":[{"taxonomy":"pwb-brand","embeddable":true,"href":"https:\/\/nautical.store\/fi\/wp-json\/wp\/v2\/pwb-brand?post=55074"},{"taxonomy":"product_brand","embeddable":true,"href":"https:\/\/nautical.store\/fi\/wp-json\/wp\/v2\/product_brand?post=55074"},{"taxonomy":"product_cat","embeddable":true,"href":"https:\/\/nautical.store\/fi\/wp-json\/wp\/v2\/product_cat?post=55074"},{"taxonomy":"product_tag","embeddable":true,"href":"https:\/\/nautical.store\/fi\/wp-json\/wp\/v2\/product_tag?post=55074"},{"taxonomy":"woo-feed-brand","embeddable":true,"href":"https:\/\/nautical.store\/fi\/wp-json\/wp\/v2\/woo-feed-brand?post=55074"}],"curies":[{"name":"wp","href":"https:\/\/api.w.org\/{rel}","templated":true}]}}