{"id":55088,"date":"2023-03-02T17:37:47","date_gmt":"2023-03-02T15:37:47","guid":{"rendered":"https:\/\/www.nautical.store\/toode\/portland-sand\/"},"modified":"2025-04-11T21:36:39","modified_gmt":"2025-04-11T18:36:39","slug":"portland-sand","status":"publish","type":"product","link":"https:\/\/nautical.store\/fi\/tuote\/portland-sand\/","title":{"rendered":"Portland Sand"},"content":{"rendered":"<p>Miesten Roma II -keng\u00e4t on valmistettu k\u00e4sity\u00f6n\u00e4 korkealaatuisista materiaaleista.<\/p>\n<ul>\n<li>Joustava, musta kumipohja<\/li>\n<li>Ensiluokkainen mokka<\/li>\n<li>T\u00e4ysjyv\u00e4inen nahkavuori<\/li>\n<li>Kevyt ajokenk\u00e4<\/li>\n<li>T\u00e4ysnahkainen sis\u00e4pohja<\/li>\n<li>Gunmetal-lukko<\/li>\n<\/ul>\n","protected":false},"excerpt":{"rendered":"<p>Miesten Roma II -keng\u00e4t on valmistettu k\u00e4sity\u00f6n\u00e4 korkealaatuisista materiaaleista. Joustava, musta kumipohja Ensiluokkainen mokka T\u00e4ysjyv\u00e4inen nahkavuori Kevyt ajokenk\u00e4 T\u00e4ysnahkainen sis\u00e4pohja Gunmetal-lukko<\/p>\n","protected":false},"featured_media":38872,"template":"","meta":{"_acf_changed":false},"pwb-brand":[1178],"product_brand":[],"product_cat":[817],"product_tag":[],"woo-feed-brand":[],"class_list":{"0":"post-55088","1":"product","2":"type-product","3":"status-publish","4":"has-post-thumbnail","6":"pwb-brand-orca-bay-fi","7":"product_cat-jalkineet","9":"first","10":"instock","11":"taxable","12":"shipping-taxable","13":"purchasable","14":"product-type-variable","15":"wvs-archive-product-wrapper"},"acf":[],"brands":[{"id":1178,"name":"Orca Bay","slug":"orca-bay-fi"}],"_links":{"self":[{"href":"https:\/\/nautical.store\/fi\/wp-json\/wp\/v2\/product\/55088","targetHints":{"allow":["GET"]}}],"collection":[{"href":"https:\/\/nautical.store\/fi\/wp-json\/wp\/v2\/product"}],"about":[{"href":"https:\/\/nautical.store\/fi\/wp-json\/wp\/v2\/types\/product"}],"wp:featuredmedia":[{"embeddable":true,"href":"https:\/\/nautical.store\/fi\/wp-json\/wp\/v2\/media\/38872"}],"wp:attachment":[{"href":"https:\/\/nautical.store\/fi\/wp-json\/wp\/v2\/media?parent=55088"}],"wp:term":[{"taxonomy":"pwb-brand","embeddable":true,"href":"https:\/\/nautical.store\/fi\/wp-json\/wp\/v2\/pwb-brand?post=55088"},{"taxonomy":"product_brand","embeddable":true,"href":"https:\/\/nautical.store\/fi\/wp-json\/wp\/v2\/product_brand?post=55088"},{"taxonomy":"product_cat","embeddable":true,"href":"https:\/\/nautical.store\/fi\/wp-json\/wp\/v2\/product_cat?post=55088"},{"taxonomy":"product_tag","embeddable":true,"href":"https:\/\/nautical.store\/fi\/wp-json\/wp\/v2\/product_tag?post=55088"},{"taxonomy":"woo-feed-brand","embeddable":true,"href":"https:\/\/nautical.store\/fi\/wp-json\/wp\/v2\/woo-feed-brand?post=55088"}],"curies":[{"name":"wp","href":"https:\/\/api.w.org\/{rel}","templated":true}]}}