{"id":55094,"date":"2023-03-16T16:17:10","date_gmt":"2023-03-16T14:17:10","guid":{"rendered":"https:\/\/www.nautical.store\/toode\/orkney-r-fit-saappaat\/"},"modified":"2026-03-20T23:08:27","modified_gmt":"2026-03-20T21:08:27","slug":"orkney-r-fit-saappaat","status":"publish","type":"product","link":"https:\/\/nautical.store\/fi\/tuote\/orkney-r-fit-saappaat\/","title":{"rendered":"Orkney R-Fit Saappaat"},"content":{"rendered":"<p><!--StartFragment --><\/p>\n<p>Orca Bay Orkney \u2013 vedenpit\u00e4v\u00e4t ja hengitt\u00e4v\u00e4t nahkasaappaat jokaiseen seikkailuun<\/p>\n<p>Orkney-saappaat ovat p\u00e4ivitetty versio rakastetusta klassikosta, jossa yhdistyv\u00e4t tyyli, mukavuus ja kest\u00e4vyys. Unisex-malli sopii erinomaisesti sek\u00e4 kaupunkik\u00e4ytt\u00f6\u00f6n ett\u00e4 luontoon. Suunniteltu laatua ja toiminnallisuutta arvostavalle k\u00e4ytt\u00e4j\u00e4lle. Varmuutta joka tilanteessa \u2013 olipa kyseess\u00e4 vaellus, k\u00e4velyretki tai jokap\u00e4iv\u00e4inen k\u00e4ytt\u00f6.<\/p>\n<ul>\n<li>Vahva, korkealaatuinen luonnonnahka \u2013 kest\u00e4v\u00e4 ja ajaton ulkon\u00e4k\u00f6<\/li>\n<li>Vedenpit\u00e4v\u00e4 \u2013 ihanteellinen kosteisiin ja vaihteleviin s\u00e4\u00e4olosuhteisiin<\/li>\n<li>Mukavuus \u2013 suunniteltu aktiiviseen k\u00e4ytt\u00f6\u00f6n<\/li>\n<li>Unisex-malli \u2013 saatavilla koossa 37\u201346<\/li>\n<li>Saappaiden korkeus: 43 cm<\/li>\n<\/ul>\n<p><!--EndFragment --><\/p>\n","protected":false},"excerpt":{"rendered":"<p>Vedenpit\u00e4v\u00e4t, mukavat saappaat.<\/p>\n","protected":false},"featured_media":88223,"template":"","meta":{"_acf_changed":false},"pwb-brand":[1178],"product_brand":[],"product_cat":[817,818,777,827],"product_tag":[],"woo-feed-brand":[],"class_list":{"0":"post-55094","1":"product","2":"type-product","3":"status-publish","4":"has-post-thumbnail","6":"pwb-brand-orca-bay-fi","7":"product_cat-jalkineet","8":"product_cat-jalkineet-naiset","9":"product_cat-miehet","10":"product_cat-naiset","12":"first","13":"instock","14":"taxable","15":"shipping-taxable","16":"purchasable","17":"product-type-variable","18":"wvs-archive-product-wrapper"},"acf":[],"brands":[{"id":1178,"name":"Orca Bay","slug":"orca-bay-fi"}],"_links":{"self":[{"href":"https:\/\/nautical.store\/fi\/wp-json\/wp\/v2\/product\/55094","targetHints":{"allow":["GET"]}}],"collection":[{"href":"https:\/\/nautical.store\/fi\/wp-json\/wp\/v2\/product"}],"about":[{"href":"https:\/\/nautical.store\/fi\/wp-json\/wp\/v2\/types\/product"}],"wp:featuredmedia":[{"embeddable":true,"href":"https:\/\/nautical.store\/fi\/wp-json\/wp\/v2\/media\/88223"}],"wp:attachment":[{"href":"https:\/\/nautical.store\/fi\/wp-json\/wp\/v2\/media?parent=55094"}],"wp:term":[{"taxonomy":"pwb-brand","embeddable":true,"href":"https:\/\/nautical.store\/fi\/wp-json\/wp\/v2\/pwb-brand?post=55094"},{"taxonomy":"product_brand","embeddable":true,"href":"https:\/\/nautical.store\/fi\/wp-json\/wp\/v2\/product_brand?post=55094"},{"taxonomy":"product_cat","embeddable":true,"href":"https:\/\/nautical.store\/fi\/wp-json\/wp\/v2\/product_cat?post=55094"},{"taxonomy":"product_tag","embeddable":true,"href":"https:\/\/nautical.store\/fi\/wp-json\/wp\/v2\/product_tag?post=55094"},{"taxonomy":"woo-feed-brand","embeddable":true,"href":"https:\/\/nautical.store\/fi\/wp-json\/wp\/v2\/woo-feed-brand?post=55094"}],"curies":[{"name":"wp","href":"https:\/\/api.w.org\/{rel}","templated":true}]}}