{"id":55101,"date":"2023-03-02T17:08:34","date_gmt":"2023-03-02T15:08:34","guid":{"rendered":"https:\/\/www.nautical.store\/toode\/maine-russet\/"},"modified":"2026-03-20T23:07:50","modified_gmt":"2026-03-20T21:07:50","slug":"maine-russet","status":"publish","type":"product","link":"https:\/\/nautical.store\/fi\/tuote\/maine-russet\/","title":{"rendered":"Maine Russet"},"content":{"rendered":"<ul>\n<li>Klassiset miesten purjehduskeng\u00e4t valkoisella pohjalla. K\u00e4sintehdyt korkealaatuisista materiaaleista.<\/li>\n<li>T\u00e4ysjyv\u00e4ist\u00e4 mokkanahkaa<\/li>\n<li>Liukumaton ja j\u00e4lki\u00e4 j\u00e4tt\u00e4m\u00e4t\u00f6n valkoinen kumipohja<\/li>\n<li>Raakavalkoiset nauhat<\/li>\n<li>Ruostumattomat nauharei\u00e4t<\/li>\n<li>Pehmustettu EVA\u2011kantap\u00e4\u00e4<\/li>\n<\/ul>\n","protected":false},"excerpt":{"rendered":"<p>Klassiset miesten purjehduskeng\u00e4t valkoisella pohjalla. K\u00e4sintehdyt korkealaatuisista materiaaleista. T\u00e4ysjyv\u00e4ist\u00e4 mokkanahkaa Liukumaton ja j\u00e4lki\u00e4 j\u00e4tt\u00e4m\u00e4t\u00f6n valkoinen kumipohja Raakavalkoiset nauhat Ruostumattomat nauharei\u00e4t Pehmustettu EVA\u2011kantap\u00e4\u00e4<\/p>\n","protected":false},"featured_media":38858,"template":"","meta":{"_acf_changed":false},"pwb-brand":[1178],"product_brand":[],"product_cat":[817],"product_tag":[],"woo-feed-brand":[],"class_list":{"0":"post-55101","1":"product","2":"type-product","3":"status-publish","4":"has-post-thumbnail","6":"pwb-brand-orca-bay-fi","7":"product_cat-jalkineet","9":"first","10":"instock","11":"sale","12":"taxable","13":"shipping-taxable","14":"purchasable","15":"product-type-variable","16":"wvs-archive-product-wrapper"},"acf":[],"brands":[{"id":1178,"name":"Orca Bay","slug":"orca-bay-fi"}],"_links":{"self":[{"href":"https:\/\/nautical.store\/fi\/wp-json\/wp\/v2\/product\/55101","targetHints":{"allow":["GET"]}}],"collection":[{"href":"https:\/\/nautical.store\/fi\/wp-json\/wp\/v2\/product"}],"about":[{"href":"https:\/\/nautical.store\/fi\/wp-json\/wp\/v2\/types\/product"}],"wp:featuredmedia":[{"embeddable":true,"href":"https:\/\/nautical.store\/fi\/wp-json\/wp\/v2\/media\/38858"}],"wp:attachment":[{"href":"https:\/\/nautical.store\/fi\/wp-json\/wp\/v2\/media?parent=55101"}],"wp:term":[{"taxonomy":"pwb-brand","embeddable":true,"href":"https:\/\/nautical.store\/fi\/wp-json\/wp\/v2\/pwb-brand?post=55101"},{"taxonomy":"product_brand","embeddable":true,"href":"https:\/\/nautical.store\/fi\/wp-json\/wp\/v2\/product_brand?post=55101"},{"taxonomy":"product_cat","embeddable":true,"href":"https:\/\/nautical.store\/fi\/wp-json\/wp\/v2\/product_cat?post=55101"},{"taxonomy":"product_tag","embeddable":true,"href":"https:\/\/nautical.store\/fi\/wp-json\/wp\/v2\/product_tag?post=55101"},{"taxonomy":"woo-feed-brand","embeddable":true,"href":"https:\/\/nautical.store\/fi\/wp-json\/wp\/v2\/woo-feed-brand?post=55101"}],"curies":[{"name":"wp","href":"https:\/\/api.w.org\/{rel}","templated":true}]}}