{"id":55109,"date":"2023-03-02T16:58:32","date_gmt":"2023-03-02T14:58:32","guid":{"rendered":"https:\/\/www.nautical.store\/toode\/kensington-indigo\/"},"modified":"2026-03-21T11:46:47","modified_gmt":"2026-03-21T09:46:47","slug":"kensington-indigo","status":"publish","type":"product","link":"https:\/\/nautical.store\/fi\/tuote\/kensington-indigo\/","title":{"rendered":"Kensington Indigo"},"content":{"rendered":"<p><!--StartFragment --><\/p>\n<p>Orca Bay Kensington \u2011miesten keng\u00e4t ovat kevyet ja rennon tyyliset, joten ne sopivat erinomaisesti jokap\u00e4iv\u00e4iseen k\u00e4ytt\u00f6\u00f6n. Pehme\u00e4st\u00e4 \u00f6ljytyst\u00e4 nubuknahasta valmistettu p\u00e4\u00e4llinen antaa kengille laadukkaan ja tyylikk\u00e4\u00e4n ilmeen. Kest\u00e4v\u00e4 EVA\u2011kumipohja tarjoaa hyv\u00e4n pidon ja pitk\u00e4ik\u00e4isyyden.<\/p>\n<p>Sis\u00e4puolella on pehme\u00e4 nahkainen iskunvaimennuspohjallinen, joka hengitt\u00e4\u00e4 ja lis\u00e4\u00e4 k\u00e4ytt\u00f6mukavuutta koko p\u00e4iv\u00e4n ajaksi. Ulkopuolella on ruostumattomat metalliset nauhanrei\u00e4t ja kest\u00e4v\u00e4t tekstiilinauhat, jotka pit\u00e4v\u00e4t keng\u00e4n tukevasti jalassa. Huolitellut tikkaukset viimeistelev\u00e4t keng\u00e4n laadukkaan ja elegantin ulkon\u00e4\u00f6n.<\/p>\n<p><!--EndFragment --><\/p>\n","protected":false},"excerpt":{"rendered":"<p>Miesten mukavat vapaa\u2011ajan keng\u00e4t<\/p>\n","protected":false},"featured_media":38847,"template":"","meta":{"_acf_changed":false},"pwb-brand":[1178],"product_brand":[],"product_cat":[817],"product_tag":[],"woo-feed-brand":[],"class_list":{"0":"post-55109","1":"product","2":"type-product","3":"status-publish","4":"has-post-thumbnail","6":"pwb-brand-orca-bay-fi","7":"product_cat-jalkineet","9":"first","10":"instock","11":"taxable","12":"shipping-taxable","13":"purchasable","14":"product-type-variable","15":"wvs-archive-product-wrapper"},"acf":[],"brands":[{"id":1178,"name":"Orca Bay","slug":"orca-bay-fi"}],"_links":{"self":[{"href":"https:\/\/nautical.store\/fi\/wp-json\/wp\/v2\/product\/55109","targetHints":{"allow":["GET"]}}],"collection":[{"href":"https:\/\/nautical.store\/fi\/wp-json\/wp\/v2\/product"}],"about":[{"href":"https:\/\/nautical.store\/fi\/wp-json\/wp\/v2\/types\/product"}],"wp:featuredmedia":[{"embeddable":true,"href":"https:\/\/nautical.store\/fi\/wp-json\/wp\/v2\/media\/38847"}],"wp:attachment":[{"href":"https:\/\/nautical.store\/fi\/wp-json\/wp\/v2\/media?parent=55109"}],"wp:term":[{"taxonomy":"pwb-brand","embeddable":true,"href":"https:\/\/nautical.store\/fi\/wp-json\/wp\/v2\/pwb-brand?post=55109"},{"taxonomy":"product_brand","embeddable":true,"href":"https:\/\/nautical.store\/fi\/wp-json\/wp\/v2\/product_brand?post=55109"},{"taxonomy":"product_cat","embeddable":true,"href":"https:\/\/nautical.store\/fi\/wp-json\/wp\/v2\/product_cat?post=55109"},{"taxonomy":"product_tag","embeddable":true,"href":"https:\/\/nautical.store\/fi\/wp-json\/wp\/v2\/product_tag?post=55109"},{"taxonomy":"woo-feed-brand","embeddable":true,"href":"https:\/\/nautical.store\/fi\/wp-json\/wp\/v2\/woo-feed-brand?post=55109"}],"curies":[{"name":"wp","href":"https:\/\/api.w.org\/{rel}","templated":true}]}}