{"id":55123,"date":"2023-02-17T19:09:25","date_gmt":"2023-02-17T17:09:25","guid":{"rendered":"https:\/\/www.nautical.store\/toode\/hex-housut\/"},"modified":"2025-07-27T22:23:44","modified_gmt":"2025-07-27T19:23:44","slug":"hex-housut","status":"publish","type":"product","link":"https:\/\/nautical.store\/fi\/tuote\/hex-housut\/","title":{"rendered":"PelleP Miesten Hex-housut"},"content":{"rendered":"<p><!--StartFragment --><\/p>\n<p>Olemme varmoja, ett\u00e4 Hex-kevyet ja nopeasti kuivuvat housut nousevat vaatekaappisi uudeksi suosikiksi. Housuissa on vett\u00e4 hylkiv\u00e4 pinta ja vahvistukset juuri siell\u00e4, miss\u00e4 niit\u00e4 eniten tarvitaan \u2013 polvissa ja takapuolella. Miesten Hex-housuissa on vetoketjulliset taskut edess\u00e4 ja takana. T\u00e4ydellinen valinta vaellukselle, merelle tai mets\u00e4lenkille.<\/p>\n<ul>\n<li>Materiaali: 86 % polyesteri\u00e4, 14 % elastaania<\/li>\n<li>Vahvistettu kangas: 65 % polyamidia, 27 % polyesteri\u00e4, 8 % elastaania<\/li>\n<li>Vett\u00e4 hylkiv\u00e4 ja nopeasti kuivuva joustava kangas<\/li>\n<li>Kontrastivahvikkeet joustavilla osilla<\/li>\n<li>Vy\u00f6t\u00e4r\u00f6ll\u00e4 Pelle P -logolla varustettu muovinen kiinnitys<\/li>\n<li>Vetoketjulliset lahje- ja takataskut<\/li>\n<li>YKK-vetoketjut edess\u00e4 ja taskuissa<\/li>\n<li>Pelle P -logokirjonta vasemmassa lahkeessa ja takavy\u00f6t\u00e4r\u00f6ll\u00e4<\/li>\n<li>\u201cNavigare necesse est\u201d -painatus vy\u00f6n sis\u00e4puolella<\/li>\n<li>Normaali istuvuus<\/li>\n<\/ul>\n<p>Lahkeen sis\u00e4pituus:<br \/>\nS: 75 cm<br \/>\nM: 76 cm<br \/>\nXXL: 77 cm<\/p>\n<p><!--EndFragment --><\/p>\n","protected":false},"excerpt":{"rendered":"<p>Kevyet ja mukavat housut<\/p>\n","protected":false},"featured_media":58720,"template":"","meta":{"_acf_changed":false},"pwb-brand":[838],"product_brand":[],"product_cat":[876,610,777,1261,1269,682],"product_tag":[],"woo-feed-brand":[],"class_list":{"0":"post-55123","1":"product","2":"type-product","3":"status-publish","4":"has-post-thumbnail","6":"pwb-brand-pelle-petterson-fi","7":"product_cat-edullinen-hinta-miehet-fi","8":"product_cat-housut","9":"product_cat-miehet","10":"product_cat-miesten-purjehdusvaatteet","11":"product_cat-purjehdus","12":"product_cat-tekniset-vaatteet","14":"first","15":"instock","16":"sale","17":"taxable","18":"shipping-taxable","19":"purchasable","20":"product-type-variable","21":"wvs-archive-product-wrapper"},"acf":[],"brands":[{"id":838,"name":"Pelle Petterson","slug":"pelle-petterson-fi"}],"_links":{"self":[{"href":"https:\/\/nautical.store\/fi\/wp-json\/wp\/v2\/product\/55123","targetHints":{"allow":["GET"]}}],"collection":[{"href":"https:\/\/nautical.store\/fi\/wp-json\/wp\/v2\/product"}],"about":[{"href":"https:\/\/nautical.store\/fi\/wp-json\/wp\/v2\/types\/product"}],"wp:featuredmedia":[{"embeddable":true,"href":"https:\/\/nautical.store\/fi\/wp-json\/wp\/v2\/media\/58720"}],"wp:attachment":[{"href":"https:\/\/nautical.store\/fi\/wp-json\/wp\/v2\/media?parent=55123"}],"wp:term":[{"taxonomy":"pwb-brand","embeddable":true,"href":"https:\/\/nautical.store\/fi\/wp-json\/wp\/v2\/pwb-brand?post=55123"},{"taxonomy":"product_brand","embeddable":true,"href":"https:\/\/nautical.store\/fi\/wp-json\/wp\/v2\/product_brand?post=55123"},{"taxonomy":"product_cat","embeddable":true,"href":"https:\/\/nautical.store\/fi\/wp-json\/wp\/v2\/product_cat?post=55123"},{"taxonomy":"product_tag","embeddable":true,"href":"https:\/\/nautical.store\/fi\/wp-json\/wp\/v2\/product_tag?post=55123"},{"taxonomy":"woo-feed-brand","embeddable":true,"href":"https:\/\/nautical.store\/fi\/wp-json\/wp\/v2\/woo-feed-brand?post=55123"}],"curies":[{"name":"wp","href":"https:\/\/api.w.org\/{rel}","templated":true}]}}