{"id":56531,"date":"2023-03-18T10:12:42","date_gmt":"2023-03-18T08:12:42","guid":{"rendered":"https:\/\/www.nautical.store\/toode\/prudence-linnen\/"},"modified":"2025-08-02T17:24:09","modified_gmt":"2025-08-02T14:24:09","slug":"prudence-linnen","status":"publish","type":"product","link":"https:\/\/nautical.store\/fi\/tuote\/prudence-linnen\/","title":{"rendered":"Prudence Linnen"},"content":{"rendered":"<p><!--StartFragment --><\/p>\n<p>Kevyt kes\u00e4toppi olkaimilla \u2013 just passeli l\u00e4mpimiin p\u00e4iviin.<\/p>\n<p>Materiaali: 80 % lyocelli\u00e4, 20 % puuvillaa \u2013 pehme\u00e4 ja hengitt\u00e4v\u00e4 yhdistelm\u00e4, tuntuu mukavalta p\u00e4\u00e4ll\u00e4. <!--EndFragment --><\/p>\n","protected":false},"excerpt":{"rendered":"<p>Kevyt kes\u00e4toppi olkaimilla \u2013 just passeli l\u00e4mpimiin p\u00e4iviin. Materiaali: 80 % lyocelli\u00e4, 20 % puuvillaa \u2013 pehme\u00e4 ja hengitt\u00e4v\u00e4 yhdistelm\u00e4, tuntuu mukavalta p\u00e4\u00e4ll\u00e4.<\/p>\n","protected":false},"featured_media":39843,"template":"","meta":{"_acf_changed":false},"pwb-brand":[838],"product_brand":[],"product_cat":[877,827,590],"product_tag":[],"woo-feed-brand":[],"class_list":{"0":"post-56531","1":"product","2":"type-product","3":"status-publish","4":"has-post-thumbnail","6":"pwb-brand-pelle-petterson-fi","7":"product_cat-edullinen-hinta-naiset","8":"product_cat-naiset","9":"product_cat-paidat","11":"first","12":"instock","13":"sale","14":"taxable","15":"shipping-taxable","16":"purchasable","17":"product-type-variable","18":"wvs-archive-product-wrapper"},"acf":[],"brands":[{"id":838,"name":"Pelle Petterson","slug":"pelle-petterson-fi"}],"_links":{"self":[{"href":"https:\/\/nautical.store\/fi\/wp-json\/wp\/v2\/product\/56531","targetHints":{"allow":["GET"]}}],"collection":[{"href":"https:\/\/nautical.store\/fi\/wp-json\/wp\/v2\/product"}],"about":[{"href":"https:\/\/nautical.store\/fi\/wp-json\/wp\/v2\/types\/product"}],"wp:featuredmedia":[{"embeddable":true,"href":"https:\/\/nautical.store\/fi\/wp-json\/wp\/v2\/media\/39843"}],"wp:attachment":[{"href":"https:\/\/nautical.store\/fi\/wp-json\/wp\/v2\/media?parent=56531"}],"wp:term":[{"taxonomy":"pwb-brand","embeddable":true,"href":"https:\/\/nautical.store\/fi\/wp-json\/wp\/v2\/pwb-brand?post=56531"},{"taxonomy":"product_brand","embeddable":true,"href":"https:\/\/nautical.store\/fi\/wp-json\/wp\/v2\/product_brand?post=56531"},{"taxonomy":"product_cat","embeddable":true,"href":"https:\/\/nautical.store\/fi\/wp-json\/wp\/v2\/product_cat?post=56531"},{"taxonomy":"product_tag","embeddable":true,"href":"https:\/\/nautical.store\/fi\/wp-json\/wp\/v2\/product_tag?post=56531"},{"taxonomy":"woo-feed-brand","embeddable":true,"href":"https:\/\/nautical.store\/fi\/wp-json\/wp\/v2\/woo-feed-brand?post=56531"}],"curies":[{"name":"wp","href":"https:\/\/api.w.org\/{rel}","templated":true}]}}