{"id":56828,"date":"2023-12-14T16:22:40","date_gmt":"2023-12-14T14:22:40","guid":{"rendered":"https:\/\/www.nautical.store\/toode\/turville-weekender\/"},"modified":"2025-05-30T10:53:20","modified_gmt":"2025-05-30T07:53:20","slug":"turville-weekender","status":"publish","type":"product","link":"https:\/\/nautical.store\/fi\/tuote\/turville-weekender\/","title":{"rendered":"TURVILLE WEEKENDER"},"content":{"rendered":"<p>Tyylik\u00e4s ja tilava matkalaukku.<\/p>\n<ul>\n<li>s\u00e4\u00e4dett\u00e4v\u00e4 ja irrotettava nahkahihna<\/li>\n<li>nahkakahvat<\/li>\n<li>kuviollinen kangasvuori<\/li>\n<li>yksi suuri lokero<\/li>\n<li>lukittava<\/li>\n<li>laukun pohjassa metalliset suppilot<\/li>\n<li>sis\u00e4inen vetoketjullinen tasku + matkapuhelintasku + 2 kyn\u00e4taskua<\/li>\n<li>vetoketjullinen ulkotasku<\/li>\n<li>pehmustettu 17&#8243; kannettavan tietokoneen tasku<\/li>\n<li>mitat: korkeus 29 cm, leveys 50 cm, syvyys 22 cm.<\/li>\n<li>paino: 2 kg<\/li>\n<\/ul>\n","protected":false},"excerpt":{"rendered":"<p>Tyylik\u00e4s ja tilava matkalaukku. s\u00e4\u00e4dett\u00e4v\u00e4 ja irrotettava nahkahihna nahkakahvat kuviollinen kangasvuori yksi suuri lokero lukittava laukun pohjassa metalliset suppilot sis\u00e4inen vetoketjullinen tasku + matkapuhelintasku + 2 kyn\u00e4taskua vetoketjullinen ulkotasku pehmustettu 17&#8243; kannettavan tietokoneen tasku mitat: korkeus 29 cm, leveys 50 cm, syvyys 22 cm. paino: 2 kg<\/p>\n","protected":false},"featured_media":56373,"template":"","meta":{"_acf_changed":false},"pwb-brand":[1178],"product_brand":[],"product_cat":[628,629,777,827],"product_tag":[],"woo-feed-brand":[],"class_list":{"0":"post-56828","1":"product","2":"type-product","3":"status-publish","4":"has-post-thumbnail","6":"pwb-brand-orca-bay-fi","7":"product_cat-asusteet","8":"product_cat-asusteet-naiset","9":"product_cat-miehet","10":"product_cat-naiset","12":"first","13":"outofstock","14":"taxable","15":"shipping-taxable","16":"purchasable","17":"product-type-simple"},"acf":[],"brands":[{"id":1178,"name":"Orca Bay","slug":"orca-bay-fi"}],"_links":{"self":[{"href":"https:\/\/nautical.store\/fi\/wp-json\/wp\/v2\/product\/56828","targetHints":{"allow":["GET"]}}],"collection":[{"href":"https:\/\/nautical.store\/fi\/wp-json\/wp\/v2\/product"}],"about":[{"href":"https:\/\/nautical.store\/fi\/wp-json\/wp\/v2\/types\/product"}],"wp:featuredmedia":[{"embeddable":true,"href":"https:\/\/nautical.store\/fi\/wp-json\/wp\/v2\/media\/56373"}],"wp:attachment":[{"href":"https:\/\/nautical.store\/fi\/wp-json\/wp\/v2\/media?parent=56828"}],"wp:term":[{"taxonomy":"pwb-brand","embeddable":true,"href":"https:\/\/nautical.store\/fi\/wp-json\/wp\/v2\/pwb-brand?post=56828"},{"taxonomy":"product_brand","embeddable":true,"href":"https:\/\/nautical.store\/fi\/wp-json\/wp\/v2\/product_brand?post=56828"},{"taxonomy":"product_cat","embeddable":true,"href":"https:\/\/nautical.store\/fi\/wp-json\/wp\/v2\/product_cat?post=56828"},{"taxonomy":"product_tag","embeddable":true,"href":"https:\/\/nautical.store\/fi\/wp-json\/wp\/v2\/product_tag?post=56828"},{"taxonomy":"woo-feed-brand","embeddable":true,"href":"https:\/\/nautical.store\/fi\/wp-json\/wp\/v2\/woo-feed-brand?post=56828"}],"curies":[{"name":"wp","href":"https:\/\/api.w.org\/{rel}","templated":true}]}}