{"id":56830,"date":"2023-12-14T16:21:16","date_gmt":"2023-12-14T14:21:16","guid":{"rendered":"https:\/\/www.nautical.store\/toode\/missendon-overnight\/"},"modified":"2024-05-06T16:18:45","modified_gmt":"2024-05-06T13:18:45","slug":"missendon-overnight","status":"publish","type":"product","link":"https:\/\/nautical.store\/fi\/tuote\/missendon-overnight\/","title":{"rendered":"MISSENDON OVERNIGHT"},"content":{"rendered":"<p>Tyylik\u00e4s ja tilava matkalaukku.<\/p>\n<ul>\n<li>nahkakahvat<\/li>\n<li>kuviollinen kangasvuori<\/li>\n<li>yksi suuri lokero<\/li>\n<li>lukittava<\/li>\n<li>laukun pohjassa metalliset l\u00e4p\u00e4t<\/li>\n<li>sis\u00e4inen vetoketjullinen tasku + matkapuhelintasku + 2 kyn\u00e4taskua<\/li>\n<li>vetoketjullinen ulkotasku<\/li>\n<li>mitat: korkeus 23 cm, leveys 48 cm, syvyys 22 cm.<\/li>\n<li>paino: 1,2 kg<\/li>\n<\/ul>\n","protected":false},"excerpt":{"rendered":"<p>Tyylik\u00e4s ja tilava matkalaukku. nahkakahvat kuviollinen kangasvuori yksi suuri lokero lukittava laukun pohjassa metalliset l\u00e4p\u00e4t sis\u00e4inen vetoketjullinen tasku + matkapuhelintasku + 2 kyn\u00e4taskua vetoketjullinen ulkotasku mitat: korkeus 23 cm, leveys 48 cm, syvyys 22 cm. paino: 1,2 kg<\/p>\n","protected":false},"featured_media":56360,"template":"","meta":{"_acf_changed":false},"pwb-brand":[1178],"product_brand":[],"product_cat":[629,628,777,827],"product_tag":[],"woo-feed-brand":[],"class_list":{"0":"post-56830","1":"product","2":"type-product","3":"status-publish","4":"has-post-thumbnail","6":"pwb-brand-orca-bay-fi","7":"product_cat-asusteet-naiset","8":"product_cat-asusteet","9":"product_cat-miehet","10":"product_cat-naiset","12":"first","13":"instock","14":"taxable","15":"shipping-taxable","16":"purchasable","17":"product-type-variable","18":"wvs-archive-product-wrapper"},"acf":[],"brands":[{"id":1178,"name":"Orca Bay","slug":"orca-bay-fi"}],"_links":{"self":[{"href":"https:\/\/nautical.store\/fi\/wp-json\/wp\/v2\/product\/56830","targetHints":{"allow":["GET"]}}],"collection":[{"href":"https:\/\/nautical.store\/fi\/wp-json\/wp\/v2\/product"}],"about":[{"href":"https:\/\/nautical.store\/fi\/wp-json\/wp\/v2\/types\/product"}],"wp:featuredmedia":[{"embeddable":true,"href":"https:\/\/nautical.store\/fi\/wp-json\/wp\/v2\/media\/56360"}],"wp:attachment":[{"href":"https:\/\/nautical.store\/fi\/wp-json\/wp\/v2\/media?parent=56830"}],"wp:term":[{"taxonomy":"pwb-brand","embeddable":true,"href":"https:\/\/nautical.store\/fi\/wp-json\/wp\/v2\/pwb-brand?post=56830"},{"taxonomy":"product_brand","embeddable":true,"href":"https:\/\/nautical.store\/fi\/wp-json\/wp\/v2\/product_brand?post=56830"},{"taxonomy":"product_cat","embeddable":true,"href":"https:\/\/nautical.store\/fi\/wp-json\/wp\/v2\/product_cat?post=56830"},{"taxonomy":"product_tag","embeddable":true,"href":"https:\/\/nautical.store\/fi\/wp-json\/wp\/v2\/product_tag?post=56830"},{"taxonomy":"woo-feed-brand","embeddable":true,"href":"https:\/\/nautical.store\/fi\/wp-json\/wp\/v2\/woo-feed-brand?post=56830"}],"curies":[{"name":"wp","href":"https:\/\/api.w.org\/{rel}","templated":true}]}}