{"id":56856,"date":"2023-12-02T13:19:41","date_gmt":"2023-12-02T11:19:41","guid":{"rendered":"https:\/\/www.nautical.store\/toode\/w-crew-paita\/"},"modified":"2025-12-01T23:58:31","modified_gmt":"2025-12-01T21:58:31","slug":"w-crew-paita","status":"publish","type":"product","link":"https:\/\/nautical.store\/fi\/tuote\/w-crew-paita\/","title":{"rendered":"PelleP Naisten Crew\u2011paita"},"content":{"rendered":"<p><!--StartFragment --><\/p>\n<p>Klassinen Oxford\u2011paita, valmistettu 100 % pehme\u00e4st\u00e4 puuvillasta \u2013 t\u00e4ydellinen regattaillalliselle tai kaupunkik\u00e4ytt\u00f6\u00f6n. Ajaton muotoilu, jossa kaksi selk\u00e4saumaan lis\u00e4tty\u00e4 laskosta, luo kauniin ja r\u00e4\u00e4t\u00e4l\u00f6idyn istuvuuden.<\/p>\n<p>Materiaali: 100 % puuvilla<\/p>\n<p><!--EndFragment --><\/p>\n","protected":false},"excerpt":{"rendered":"<p>Naisten klassinen valkoinen paita<\/p>\n","protected":false},"featured_media":55917,"template":"","meta":{"_acf_changed":false},"pwb-brand":[838],"product_brand":[],"product_cat":[877,827,2183,590],"product_tag":[],"woo-feed-brand":[],"class_list":{"0":"post-56856","1":"product","2":"type-product","3":"status-publish","4":"has-post-thumbnail","6":"pwb-brand-pelle-petterson-fi","7":"product_cat-edullinen-hinta-naiset","8":"product_cat-naiset","9":"product_cat-outlet-fi","10":"product_cat-paidat","12":"first","13":"instock","14":"sale","15":"taxable","16":"shipping-taxable","17":"purchasable","18":"product-type-variable","19":"wvs-archive-product-wrapper"},"acf":[],"brands":[{"id":838,"name":"Pelle Petterson","slug":"pelle-petterson-fi"}],"_links":{"self":[{"href":"https:\/\/nautical.store\/fi\/wp-json\/wp\/v2\/product\/56856","targetHints":{"allow":["GET"]}}],"collection":[{"href":"https:\/\/nautical.store\/fi\/wp-json\/wp\/v2\/product"}],"about":[{"href":"https:\/\/nautical.store\/fi\/wp-json\/wp\/v2\/types\/product"}],"wp:featuredmedia":[{"embeddable":true,"href":"https:\/\/nautical.store\/fi\/wp-json\/wp\/v2\/media\/55917"}],"wp:attachment":[{"href":"https:\/\/nautical.store\/fi\/wp-json\/wp\/v2\/media?parent=56856"}],"wp:term":[{"taxonomy":"pwb-brand","embeddable":true,"href":"https:\/\/nautical.store\/fi\/wp-json\/wp\/v2\/pwb-brand?post=56856"},{"taxonomy":"product_brand","embeddable":true,"href":"https:\/\/nautical.store\/fi\/wp-json\/wp\/v2\/product_brand?post=56856"},{"taxonomy":"product_cat","embeddable":true,"href":"https:\/\/nautical.store\/fi\/wp-json\/wp\/v2\/product_cat?post=56856"},{"taxonomy":"product_tag","embeddable":true,"href":"https:\/\/nautical.store\/fi\/wp-json\/wp\/v2\/product_tag?post=56856"},{"taxonomy":"woo-feed-brand","embeddable":true,"href":"https:\/\/nautical.store\/fi\/wp-json\/wp\/v2\/woo-feed-brand?post=56856"}],"curies":[{"name":"wp","href":"https:\/\/api.w.org\/{rel}","templated":true}]}}