{"id":56867,"date":"2023-11-21T17:00:58","date_gmt":"2023-11-21T15:00:58","guid":{"rendered":"https:\/\/www.nautical.store\/toode\/cabane-hattu\/"},"modified":"2025-11-05T22:57:44","modified_gmt":"2025-11-05T20:57:44","slug":"cabane-hattu","status":"publish","type":"product","link":"https:\/\/nautical.store\/fi\/tuote\/cabane-hattu\/","title":{"rendered":"PelleP Cabane Neulepipo"},"content":{"rendered":"<p>L\u00e4mmin ja tyylik\u00e4s palmikkoneulepipo.<\/p>\n<ul>\n<li>Materiaali: 50 % villaa, 50 % akryyli\u00e4<\/li>\n<li>Neulos: 3gge<\/li>\n<li>Yhdistetty palmikkoneulos ja 1&#215;1 joustinneulos<\/li>\n<li>Kaksinkertainen k\u00e4\u00e4nnett\u00e4v\u00e4 reuna 2&#215;2 joustinneuloksella<\/li>\n<li>Keskell\u00e4 edess\u00e4 kuminen P-logo<\/li>\n<\/ul>\n<p>&nbsp;<\/p>\n","protected":false},"excerpt":{"rendered":"<p>Neulepipo klassisilla palmikkokuvioilla<\/p>\n","protected":false},"featured_media":55802,"template":"","meta":{"_acf_changed":false},"pwb-brand":[838],"product_brand":[],"product_cat":[629,827],"product_tag":[],"woo-feed-brand":[],"class_list":{"0":"post-56867","1":"product","2":"type-product","3":"status-publish","4":"has-post-thumbnail","6":"pwb-brand-pelle-petterson-fi","7":"product_cat-asusteet-naiset","8":"product_cat-naiset","10":"first","11":"instock","12":"taxable","13":"shipping-taxable","14":"purchasable","15":"product-type-variable","16":"wvs-archive-product-wrapper"},"acf":[],"brands":[{"id":838,"name":"Pelle Petterson","slug":"pelle-petterson-fi"}],"_links":{"self":[{"href":"https:\/\/nautical.store\/fi\/wp-json\/wp\/v2\/product\/56867","targetHints":{"allow":["GET"]}}],"collection":[{"href":"https:\/\/nautical.store\/fi\/wp-json\/wp\/v2\/product"}],"about":[{"href":"https:\/\/nautical.store\/fi\/wp-json\/wp\/v2\/types\/product"}],"wp:featuredmedia":[{"embeddable":true,"href":"https:\/\/nautical.store\/fi\/wp-json\/wp\/v2\/media\/55802"}],"wp:attachment":[{"href":"https:\/\/nautical.store\/fi\/wp-json\/wp\/v2\/media?parent=56867"}],"wp:term":[{"taxonomy":"pwb-brand","embeddable":true,"href":"https:\/\/nautical.store\/fi\/wp-json\/wp\/v2\/pwb-brand?post=56867"},{"taxonomy":"product_brand","embeddable":true,"href":"https:\/\/nautical.store\/fi\/wp-json\/wp\/v2\/product_brand?post=56867"},{"taxonomy":"product_cat","embeddable":true,"href":"https:\/\/nautical.store\/fi\/wp-json\/wp\/v2\/product_cat?post=56867"},{"taxonomy":"product_tag","embeddable":true,"href":"https:\/\/nautical.store\/fi\/wp-json\/wp\/v2\/product_tag?post=56867"},{"taxonomy":"woo-feed-brand","embeddable":true,"href":"https:\/\/nautical.store\/fi\/wp-json\/wp\/v2\/woo-feed-brand?post=56867"}],"curies":[{"name":"wp","href":"https:\/\/api.w.org\/{rel}","templated":true}]}}