{"id":56871,"date":"2023-11-08T16:40:24","date_gmt":"2023-11-08T14:40:24","guid":{"rendered":"https:\/\/www.nautical.store\/toode\/w-crew-takki\/"},"modified":"2025-12-01T12:23:27","modified_gmt":"2025-12-01T10:23:27","slug":"w-crew-takki","status":"publish","type":"product","link":"https:\/\/nautical.store\/fi\/tuote\/w-crew-takki\/","title":{"rendered":"PelleP Naisten Crew\u2011takki"},"content":{"rendered":"<p><!--StartFragment --><\/p>\n<p>Naisten Crew\u2011takki on tuulen- ja vedenpit\u00e4v\u00e4 Hi:res\u00ae 15T2L joustavasta ja hengitt\u00e4v\u00e4st\u00e4 kankaasta. Crew\u2011takki on hengitt\u00e4v\u00e4, nelj\u00e4\u00e4n suuntaan joustava ja teipatuilla saumoilla varustettu. Etuosassa ja kauluksessa on mikrofleecevuori, samoin selk\u00e4osassa. Etuvetoketju ja taskujen vetoketjut ovat vedenpit\u00e4v\u00e4t YKK AquaGuard\u2011vetoketjut. Hihansuita voi s\u00e4\u00e4t\u00e4\u00e4 tarrakiinnityksell\u00e4. T\u00e4ydellinen takki sek\u00e4 veneilyyn ett\u00e4 kaupunkik\u00e4ytt\u00f6\u00f6n.<\/p>\n<ul>\n<li>Hengitt\u00e4v\u00e4, nelj\u00e4\u00e4n suuntaan joustava ja teipatuilla saumoilla<\/li>\n<li>Mikrofleecevuori etuosassa, kauluksessa ja selk\u00e4osassa<\/li>\n<li>Vedenpit\u00e4v\u00e4t YKK AquaGuard etu- ja taskuvetoketjut<\/li>\n<li>S\u00e4\u00e4dett\u00e4v\u00e4t hihansuut<\/li>\n<\/ul>\n<p><!--EndFragment --><\/p>\n","protected":false},"excerpt":{"rendered":"<p>Naisten s\u00e4\u00e4nkest\u00e4v\u00e4 takki<\/p>\n","protected":false},"featured_media":55554,"template":"","meta":{"_acf_changed":false},"pwb-brand":[838],"product_brand":[],"product_cat":[827,1260,1262,617,726],"product_tag":[],"woo-feed-brand":[],"class_list":{"0":"post-56871","1":"product","2":"type-product","3":"status-publish","4":"has-post-thumbnail","6":"pwb-brand-pelle-petterson-fi","7":"product_cat-naiset","8":"product_cat-naisten-golfvaatteet","9":"product_cat-naisten-purjehdusvaatteet","10":"product_cat-paallysvaatteet","11":"product_cat-tekniset-vaatteet-naiset","13":"first","14":"instock","15":"taxable","16":"shipping-taxable","17":"purchasable","18":"product-type-variable","19":"wvs-archive-product-wrapper"},"acf":[],"brands":[{"id":838,"name":"Pelle Petterson","slug":"pelle-petterson-fi"}],"_links":{"self":[{"href":"https:\/\/nautical.store\/fi\/wp-json\/wp\/v2\/product\/56871","targetHints":{"allow":["GET"]}}],"collection":[{"href":"https:\/\/nautical.store\/fi\/wp-json\/wp\/v2\/product"}],"about":[{"href":"https:\/\/nautical.store\/fi\/wp-json\/wp\/v2\/types\/product"}],"wp:featuredmedia":[{"embeddable":true,"href":"https:\/\/nautical.store\/fi\/wp-json\/wp\/v2\/media\/55554"}],"wp:attachment":[{"href":"https:\/\/nautical.store\/fi\/wp-json\/wp\/v2\/media?parent=56871"}],"wp:term":[{"taxonomy":"pwb-brand","embeddable":true,"href":"https:\/\/nautical.store\/fi\/wp-json\/wp\/v2\/pwb-brand?post=56871"},{"taxonomy":"product_brand","embeddable":true,"href":"https:\/\/nautical.store\/fi\/wp-json\/wp\/v2\/product_brand?post=56871"},{"taxonomy":"product_cat","embeddable":true,"href":"https:\/\/nautical.store\/fi\/wp-json\/wp\/v2\/product_cat?post=56871"},{"taxonomy":"product_tag","embeddable":true,"href":"https:\/\/nautical.store\/fi\/wp-json\/wp\/v2\/product_tag?post=56871"},{"taxonomy":"woo-feed-brand","embeddable":true,"href":"https:\/\/nautical.store\/fi\/wp-json\/wp\/v2\/woo-feed-brand?post=56871"}],"curies":[{"name":"wp","href":"https:\/\/api.w.org\/{rel}","templated":true}]}}