{"id":57190,"date":"2024-01-31T20:27:53","date_gmt":"2024-01-31T18:27:53","guid":{"rendered":"https:\/\/www.nautical.store\/toode\/bobby-farkut\/"},"modified":"2025-10-16T09:41:15","modified_gmt":"2025-10-16T06:41:15","slug":"bobby-farkut","status":"publish","type":"product","link":"https:\/\/nautical.store\/fi\/tuote\/bobby-farkut\/","title":{"rendered":"Bobby Farkut"},"content":{"rendered":"<p><!--StartFragment --><\/p>\n<p>Korkeavy\u00f6t\u00e4r\u00f6iset, rennot farkut<\/p>\n<p>Mukavasti joustavat ja laadukkaasta materiaalista valmistetut.<br \/>\nHousuissa on vetoketju- ja nappikiinnitys sek\u00e4 viisi taskua.<br \/>\nKoko 38: sis\u00e4lahkeen pituus 76 cm. <!--EndFragment --><\/p>\n","protected":false},"excerpt":{"rendered":"<p>Korkeavy\u00f6t\u00e4r\u00f6iset, rennot farkut Mukavasti joustavat ja laadukkaasta materiaalista valmistetut. Housuissa on vetoketju- ja nappikiinnitys sek\u00e4 viisi taskua. Koko 38: sis\u00e4lahkeen pituus 76 cm.<\/p>\n","protected":false},"featured_media":57129,"template":"","meta":{"_acf_changed":false},"pwb-brand":[959],"product_brand":[],"product_cat":[640,827],"product_tag":[],"woo-feed-brand":[],"class_list":{"0":"post-57190","1":"product","2":"type-product","3":"status-publish","4":"has-post-thumbnail","6":"pwb-brand-para-mi-fi","7":"product_cat-housut-fi","8":"product_cat-naiset","10":"first","11":"instock","12":"taxable","13":"shipping-taxable","14":"purchasable","15":"product-type-variable","16":"wvs-archive-product-wrapper"},"acf":[],"brands":[{"id":959,"name":"Para Mi","slug":"para-mi-fi"}],"_links":{"self":[{"href":"https:\/\/nautical.store\/fi\/wp-json\/wp\/v2\/product\/57190","targetHints":{"allow":["GET"]}}],"collection":[{"href":"https:\/\/nautical.store\/fi\/wp-json\/wp\/v2\/product"}],"about":[{"href":"https:\/\/nautical.store\/fi\/wp-json\/wp\/v2\/types\/product"}],"wp:featuredmedia":[{"embeddable":true,"href":"https:\/\/nautical.store\/fi\/wp-json\/wp\/v2\/media\/57129"}],"wp:attachment":[{"href":"https:\/\/nautical.store\/fi\/wp-json\/wp\/v2\/media?parent=57190"}],"wp:term":[{"taxonomy":"pwb-brand","embeddable":true,"href":"https:\/\/nautical.store\/fi\/wp-json\/wp\/v2\/pwb-brand?post=57190"},{"taxonomy":"product_brand","embeddable":true,"href":"https:\/\/nautical.store\/fi\/wp-json\/wp\/v2\/product_brand?post=57190"},{"taxonomy":"product_cat","embeddable":true,"href":"https:\/\/nautical.store\/fi\/wp-json\/wp\/v2\/product_cat?post=57190"},{"taxonomy":"product_tag","embeddable":true,"href":"https:\/\/nautical.store\/fi\/wp-json\/wp\/v2\/product_tag?post=57190"},{"taxonomy":"woo-feed-brand","embeddable":true,"href":"https:\/\/nautical.store\/fi\/wp-json\/wp\/v2\/woo-feed-brand?post=57190"}],"curies":[{"name":"wp","href":"https:\/\/api.w.org\/{rel}","templated":true}]}}