{"id":57215,"date":"2024-01-31T20:26:06","date_gmt":"2024-01-31T18:26:06","guid":{"rendered":"https:\/\/www.nautical.store\/toode\/celine-farkut\/"},"modified":"2025-10-16T12:26:44","modified_gmt":"2025-10-16T09:26:44","slug":"celine-farkut","status":"publish","type":"product","link":"https:\/\/nautical.store\/fi\/tuote\/celine-farkut\/","title":{"rendered":"Celine Farkut"},"content":{"rendered":"<p><!--StartFragment --><\/p>\n<p>Naisten korkeavy\u00f6t\u00e4r\u00f6iset kapeat farkut \u2013 joustavat ja mukavat p\u00e4\u00e4ll\u00e4.<\/p>\n<p>Klassinen viisitaskuinen malli, jossa vetoketju ja nappikiinnitys.<br \/>\nKoko 38: lahkeen sis\u00e4pituus 82 cm. <!--EndFragment --><\/p>\n","protected":false},"excerpt":{"rendered":"<p>Naisten<b> <\/b>klassiset slim fit -farkut<\/p>\n<p>&nbsp;<\/p>\n<p><!--EndFragment --><\/p>\n","protected":false},"featured_media":57105,"template":"","meta":{"_acf_changed":false},"pwb-brand":[959],"product_brand":[],"product_cat":[640,827],"product_tag":[],"woo-feed-brand":[],"class_list":{"0":"post-57215","1":"product","2":"type-product","3":"status-publish","4":"has-post-thumbnail","6":"pwb-brand-para-mi-fi","7":"product_cat-housut-fi","8":"product_cat-naiset","10":"first","11":"instock","12":"taxable","13":"shipping-taxable","14":"purchasable","15":"product-type-variable","16":"wvs-archive-product-wrapper"},"acf":[],"brands":[{"id":959,"name":"Para Mi","slug":"para-mi-fi"}],"_links":{"self":[{"href":"https:\/\/nautical.store\/fi\/wp-json\/wp\/v2\/product\/57215","targetHints":{"allow":["GET"]}}],"collection":[{"href":"https:\/\/nautical.store\/fi\/wp-json\/wp\/v2\/product"}],"about":[{"href":"https:\/\/nautical.store\/fi\/wp-json\/wp\/v2\/types\/product"}],"wp:featuredmedia":[{"embeddable":true,"href":"https:\/\/nautical.store\/fi\/wp-json\/wp\/v2\/media\/57105"}],"wp:attachment":[{"href":"https:\/\/nautical.store\/fi\/wp-json\/wp\/v2\/media?parent=57215"}],"wp:term":[{"taxonomy":"pwb-brand","embeddable":true,"href":"https:\/\/nautical.store\/fi\/wp-json\/wp\/v2\/pwb-brand?post=57215"},{"taxonomy":"product_brand","embeddable":true,"href":"https:\/\/nautical.store\/fi\/wp-json\/wp\/v2\/product_brand?post=57215"},{"taxonomy":"product_cat","embeddable":true,"href":"https:\/\/nautical.store\/fi\/wp-json\/wp\/v2\/product_cat?post=57215"},{"taxonomy":"product_tag","embeddable":true,"href":"https:\/\/nautical.store\/fi\/wp-json\/wp\/v2\/product_tag?post=57215"},{"taxonomy":"woo-feed-brand","embeddable":true,"href":"https:\/\/nautical.store\/fi\/wp-json\/wp\/v2\/woo-feed-brand?post=57215"}],"curies":[{"name":"wp","href":"https:\/\/api.w.org\/{rel}","templated":true}]}}