{"id":57241,"date":"2024-02-01T14:12:35","date_gmt":"2024-02-01T12:12:35","guid":{"rendered":"https:\/\/www.nautical.store\/toode\/celine-asky-housut-navy\/"},"modified":"2026-03-30T10:07:27","modified_gmt":"2026-03-30T07:07:27","slug":"celine-asky-housut-navy","status":"publish","type":"product","link":"https:\/\/nautical.store\/fi\/tuote\/celine-asky-housut-navy\/","title":{"rendered":"Celine Asky Housut"},"content":{"rendered":"<p>Celine on Para Mi \u2011malliston klassinen malli. Housut ovat korkeavy\u00f6t\u00e4r\u00f6iset ja vartaloa my\u00f6t\u00e4ilev\u00e4t. Joustava materiaali tekee istuvuudesta miellytt\u00e4v\u00e4n ja antaa hyvin liikkumatilaa. Kiinnitys on vetoketjulla ja napilla. Housuissa on viisi taskua, ja takataskuissa on kaunis kirjailu. Koon 38 sis\u00e4sauman pituus on 84 cm.<\/p>\n","protected":false},"excerpt":{"rendered":"<p>Celine on Para Mi \u2011malliston klassinen malli. Housut ovat korkeavy\u00f6t\u00e4r\u00f6iset ja vartaloa my\u00f6t\u00e4ilev\u00e4t. Joustava materiaali tekee istuvuudesta miellytt\u00e4v\u00e4n ja antaa hyvin liikkumatilaa. Kiinnitys on vetoketjulla ja napilla. Housuissa on viisi taskua, ja takataskuissa on kaunis kirjailu. Koon 38 sis\u00e4sauman pituus on 84 cm.<\/p>\n","protected":false},"featured_media":57157,"template":"","meta":{"_acf_changed":false},"pwb-brand":[959],"product_brand":[],"product_cat":[640,827],"product_tag":[],"woo-feed-brand":[],"class_list":{"0":"post-57241","1":"product","2":"type-product","3":"status-publish","4":"has-post-thumbnail","6":"pwb-brand-para-mi-fi","7":"product_cat-housut-fi","8":"product_cat-naiset","10":"first","11":"instock","12":"sale","13":"taxable","14":"shipping-taxable","15":"purchasable","16":"product-type-variable","17":"wvs-archive-product-wrapper"},"acf":[],"brands":[{"id":959,"name":"Para Mi","slug":"para-mi-fi"}],"_links":{"self":[{"href":"https:\/\/nautical.store\/fi\/wp-json\/wp\/v2\/product\/57241","targetHints":{"allow":["GET"]}}],"collection":[{"href":"https:\/\/nautical.store\/fi\/wp-json\/wp\/v2\/product"}],"about":[{"href":"https:\/\/nautical.store\/fi\/wp-json\/wp\/v2\/types\/product"}],"wp:featuredmedia":[{"embeddable":true,"href":"https:\/\/nautical.store\/fi\/wp-json\/wp\/v2\/media\/57157"}],"wp:attachment":[{"href":"https:\/\/nautical.store\/fi\/wp-json\/wp\/v2\/media?parent=57241"}],"wp:term":[{"taxonomy":"pwb-brand","embeddable":true,"href":"https:\/\/nautical.store\/fi\/wp-json\/wp\/v2\/pwb-brand?post=57241"},{"taxonomy":"product_brand","embeddable":true,"href":"https:\/\/nautical.store\/fi\/wp-json\/wp\/v2\/product_brand?post=57241"},{"taxonomy":"product_cat","embeddable":true,"href":"https:\/\/nautical.store\/fi\/wp-json\/wp\/v2\/product_cat?post=57241"},{"taxonomy":"product_tag","embeddable":true,"href":"https:\/\/nautical.store\/fi\/wp-json\/wp\/v2\/product_tag?post=57241"},{"taxonomy":"woo-feed-brand","embeddable":true,"href":"https:\/\/nautical.store\/fi\/wp-json\/wp\/v2\/woo-feed-brand?post=57241"}],"curies":[{"name":"wp","href":"https:\/\/api.w.org\/{rel}","templated":true}]}}