{"id":57254,"date":"2024-01-31T20:27:03","date_gmt":"2024-01-31T18:27:03","guid":{"rendered":"https:\/\/www.nautical.store\/toode\/nova-asky-housut\/"},"modified":"2026-03-30T11:44:26","modified_gmt":"2026-03-30T08:44:26","slug":"nova-asky-housut","status":"publish","type":"product","link":"https:\/\/nautical.store\/fi\/tuote\/nova-asky-housut\/","title":{"rendered":"Nova Asky Housut"},"content":{"rendered":"<p>Nova Asky -housut korkealla joustavalla vy\u00f6t\u00e4r\u00f6ll\u00e4.<\/p>\n<ul>\n<li>Housuissa on hieman v\u00e4ljempi lahje reisien kohdalta ja kapeampi nilkka<\/li>\n<li>Housut on valmistettu polyamidin ja elastaanin sekoituksesta<\/li>\n<li>Etutaskut vetoketjulla<\/li>\n<li>Kiristysnauha edess\u00e4<\/li>\n<li>Koko 38 sis\u00e4pituus 76 cm.<\/li>\n<\/ul>\n","protected":false},"excerpt":{"rendered":"<p>Nova Asky -housut korkealla joustavalla vy\u00f6t\u00e4r\u00f6ll\u00e4. Housuissa on hieman v\u00e4ljempi lahje reisien kohdalta ja kapeampi nilkka Housut on valmistettu polyamidin ja elastaanin sekoituksesta Etutaskut vetoketjulla Kiristysnauha edess\u00e4 Koko 38 sis\u00e4pituus 76 cm.<\/p>\n","protected":false},"featured_media":57067,"template":"","meta":{"_acf_changed":false},"pwb-brand":[959],"product_brand":[],"product_cat":[877,640,827],"product_tag":[],"woo-feed-brand":[],"class_list":{"0":"post-57254","1":"product","2":"type-product","3":"status-publish","4":"has-post-thumbnail","6":"pwb-brand-para-mi-fi","7":"product_cat-edullinen-hinta-naiset","8":"product_cat-housut-fi","9":"product_cat-naiset","11":"first","12":"instock","13":"sale","14":"taxable","15":"shipping-taxable","16":"purchasable","17":"product-type-variable","18":"wvs-archive-product-wrapper"},"acf":[],"brands":[{"id":959,"name":"Para Mi","slug":"para-mi-fi"}],"_links":{"self":[{"href":"https:\/\/nautical.store\/fi\/wp-json\/wp\/v2\/product\/57254","targetHints":{"allow":["GET"]}}],"collection":[{"href":"https:\/\/nautical.store\/fi\/wp-json\/wp\/v2\/product"}],"about":[{"href":"https:\/\/nautical.store\/fi\/wp-json\/wp\/v2\/types\/product"}],"wp:featuredmedia":[{"embeddable":true,"href":"https:\/\/nautical.store\/fi\/wp-json\/wp\/v2\/media\/57067"}],"wp:attachment":[{"href":"https:\/\/nautical.store\/fi\/wp-json\/wp\/v2\/media?parent=57254"}],"wp:term":[{"taxonomy":"pwb-brand","embeddable":true,"href":"https:\/\/nautical.store\/fi\/wp-json\/wp\/v2\/pwb-brand?post=57254"},{"taxonomy":"product_brand","embeddable":true,"href":"https:\/\/nautical.store\/fi\/wp-json\/wp\/v2\/product_brand?post=57254"},{"taxonomy":"product_cat","embeddable":true,"href":"https:\/\/nautical.store\/fi\/wp-json\/wp\/v2\/product_cat?post=57254"},{"taxonomy":"product_tag","embeddable":true,"href":"https:\/\/nautical.store\/fi\/wp-json\/wp\/v2\/product_tag?post=57254"},{"taxonomy":"woo-feed-brand","embeddable":true,"href":"https:\/\/nautical.store\/fi\/wp-json\/wp\/v2\/woo-feed-brand?post=57254"}],"curies":[{"name":"wp","href":"https:\/\/api.w.org\/{rel}","templated":true}]}}