{"id":57635,"date":"2024-02-21T17:13:38","date_gmt":"2024-02-21T15:13:38","guid":{"rendered":"https:\/\/www.nautical.store\/?post_type=product&#038;p=57635"},"modified":"2024-05-27T23:55:48","modified_gmt":"2024-05-27T20:55:48","slug":"cruz-bucket-hattu","status":"publish","type":"product","link":"https:\/\/nautical.store\/fi\/tuote\/cruz-bucket-hattu\/","title":{"rendered":"Cruz Bucket Hattu"},"content":{"rendered":"<p>Cruz-hattu on valmistettu kevyest\u00e4, vett\u00e4 hylkiv\u00e4st\u00e4 kankaasta.<\/p>\n<ul>\n<li>Hatussa on leve\u00e4 lieri, joka antaa viile\u00e4n suojan auringolta<\/li>\n<li>Hatussa on my\u00f6s s\u00e4\u00e4dett\u00e4v\u00e4 kiristysnauha, joka takaa mukavan istuvuuden<\/li>\n<\/ul>\n","protected":false},"excerpt":{"rendered":"<p>Cruz-hattu on valmistettu kevyest\u00e4, vett\u00e4 hylkiv\u00e4st\u00e4 kankaasta. Hatussa on leve\u00e4 lieri, joka antaa viile\u00e4n suojan auringolta Hatussa on my\u00f6s s\u00e4\u00e4dett\u00e4v\u00e4 kiristysnauha, joka takaa mukavan istuvuuden<\/p>\n","protected":false},"featured_media":57528,"template":"","meta":{"_acf_changed":false},"pwb-brand":[1744],"product_brand":[],"product_cat":[628,629,777,827],"product_tag":[],"woo-feed-brand":[],"class_list":{"0":"post-57635","1":"product","2":"type-product","3":"status-publish","4":"has-post-thumbnail","6":"pwb-brand-save-the-duck-fi","7":"product_cat-asusteet","8":"product_cat-asusteet-naiset","9":"product_cat-miehet","10":"product_cat-naiset","12":"first","13":"instock","14":"taxable","15":"shipping-taxable","16":"purchasable","17":"product-type-variable","18":"wvs-archive-product-wrapper"},"acf":[],"brands":[{"id":1744,"name":"Save the Duck","slug":"save-the-duck-fi"}],"_links":{"self":[{"href":"https:\/\/nautical.store\/fi\/wp-json\/wp\/v2\/product\/57635","targetHints":{"allow":["GET"]}}],"collection":[{"href":"https:\/\/nautical.store\/fi\/wp-json\/wp\/v2\/product"}],"about":[{"href":"https:\/\/nautical.store\/fi\/wp-json\/wp\/v2\/types\/product"}],"wp:featuredmedia":[{"embeddable":true,"href":"https:\/\/nautical.store\/fi\/wp-json\/wp\/v2\/media\/57528"}],"wp:attachment":[{"href":"https:\/\/nautical.store\/fi\/wp-json\/wp\/v2\/media?parent=57635"}],"wp:term":[{"taxonomy":"pwb-brand","embeddable":true,"href":"https:\/\/nautical.store\/fi\/wp-json\/wp\/v2\/pwb-brand?post=57635"},{"taxonomy":"product_brand","embeddable":true,"href":"https:\/\/nautical.store\/fi\/wp-json\/wp\/v2\/product_brand?post=57635"},{"taxonomy":"product_cat","embeddable":true,"href":"https:\/\/nautical.store\/fi\/wp-json\/wp\/v2\/product_cat?post=57635"},{"taxonomy":"product_tag","embeddable":true,"href":"https:\/\/nautical.store\/fi\/wp-json\/wp\/v2\/product_tag?post=57635"},{"taxonomy":"woo-feed-brand","embeddable":true,"href":"https:\/\/nautical.store\/fi\/wp-json\/wp\/v2\/woo-feed-brand?post=57635"}],"curies":[{"name":"wp","href":"https:\/\/api.w.org\/{rel}","templated":true}]}}