{"id":57644,"date":"2024-02-21T17:19:56","date_gmt":"2024-02-21T15:19:56","guid":{"rendered":"https:\/\/www.nautical.store\/?post_type=product&#038;p=57644"},"modified":"2024-03-12T16:28:48","modified_gmt":"2024-03-12T14:28:48","slug":"wren-bucket-hattu","status":"publish","type":"product","link":"https:\/\/nautical.store\/fi\/tuote\/wren-bucket-hattu\/","title":{"rendered":"Wren Bucket Hattu"},"content":{"rendered":"<p>Wren-hattu on valmistettu kierr\u00e4tetyist\u00e4 muovipulloista mattapintaisesta polyesterikankaasta.<\/p>\n<ul>\n<li>Vett\u00e4 hylkiv\u00e4, mutta kevyt ja hengitt\u00e4v\u00e4<\/li>\n<li>Hyv\u00e4 valinta sek\u00e4 tuulisille ett\u00e4 aurinkoisille p\u00e4iville<\/li>\n<li>Py\u00f6re\u00e4 logo hatun keskell\u00e4<\/li>\n<\/ul>\n","protected":false},"excerpt":{"rendered":"<p>Wren-hattu on valmistettu kierr\u00e4tetyist\u00e4 muovipulloista mattapintaisesta polyesterikankaasta. Vett\u00e4 hylkiv\u00e4, mutta kevyt ja hengitt\u00e4v\u00e4 Hyv\u00e4 valinta sek\u00e4 tuulisille ett\u00e4 aurinkoisille p\u00e4iville Py\u00f6re\u00e4 logo hatun keskell\u00e4<\/p>\n","protected":false},"featured_media":57476,"template":"","meta":{"_acf_changed":false},"pwb-brand":[1744],"product_brand":[],"product_cat":[629,628,777,827],"product_tag":[],"woo-feed-brand":[],"class_list":{"0":"post-57644","1":"product","2":"type-product","3":"status-publish","4":"has-post-thumbnail","6":"pwb-brand-save-the-duck-fi","7":"product_cat-asusteet-naiset","8":"product_cat-asusteet","9":"product_cat-miehet","10":"product_cat-naiset","12":"first","13":"instock","14":"taxable","15":"shipping-taxable","16":"purchasable","17":"product-type-variable","18":"wvs-archive-product-wrapper"},"acf":[],"brands":[{"id":1744,"name":"Save the Duck","slug":"save-the-duck-fi"}],"_links":{"self":[{"href":"https:\/\/nautical.store\/fi\/wp-json\/wp\/v2\/product\/57644","targetHints":{"allow":["GET"]}}],"collection":[{"href":"https:\/\/nautical.store\/fi\/wp-json\/wp\/v2\/product"}],"about":[{"href":"https:\/\/nautical.store\/fi\/wp-json\/wp\/v2\/types\/product"}],"wp:featuredmedia":[{"embeddable":true,"href":"https:\/\/nautical.store\/fi\/wp-json\/wp\/v2\/media\/57476"}],"wp:attachment":[{"href":"https:\/\/nautical.store\/fi\/wp-json\/wp\/v2\/media?parent=57644"}],"wp:term":[{"taxonomy":"pwb-brand","embeddable":true,"href":"https:\/\/nautical.store\/fi\/wp-json\/wp\/v2\/pwb-brand?post=57644"},{"taxonomy":"product_brand","embeddable":true,"href":"https:\/\/nautical.store\/fi\/wp-json\/wp\/v2\/product_brand?post=57644"},{"taxonomy":"product_cat","embeddable":true,"href":"https:\/\/nautical.store\/fi\/wp-json\/wp\/v2\/product_cat?post=57644"},{"taxonomy":"product_tag","embeddable":true,"href":"https:\/\/nautical.store\/fi\/wp-json\/wp\/v2\/product_tag?post=57644"},{"taxonomy":"woo-feed-brand","embeddable":true,"href":"https:\/\/nautical.store\/fi\/wp-json\/wp\/v2\/woo-feed-brand?post=57644"}],"curies":[{"name":"wp","href":"https:\/\/api.w.org\/{rel}","templated":true}]}}