{"id":57662,"date":"2024-02-21T17:12:37","date_gmt":"2024-02-21T15:12:37","guid":{"rendered":"https:\/\/www.nautical.store\/?post_type=product&#038;p=57662"},"modified":"2026-01-22T20:27:18","modified_gmt":"2026-01-22T18:27:18","slug":"cole-valikausitakki","status":"publish","type":"product","link":"https:\/\/nautical.store\/fi\/tuote\/cole-valikausitakki\/","title":{"rendered":"Cole-takki"},"content":{"rendered":"<p><!--StartFragment --><\/p>\n<p>Tikatttu Cole-takki on kevyt ja l\u00e4mmin valinta viile\u00e4mpiin p\u00e4iviin. Helppo ottaa matkalle mukaan, sill\u00e4 takki mahtuu mukana tulevaan pussiin ja vie vain v\u00e4h\u00e4n tilaa.<\/p>\n<ul>\n<li>Korotettu kaulus<\/li>\n<li>Kaksisuuntainen vetoketju<\/li>\n<li>Vetoketjulliset sivutaskut<\/li>\n<li>Rintatasku<\/li>\n<li>Py\u00f6re\u00e4 logomerkki hihassa<\/li>\n<li>Mukana s\u00e4ilytyspussi (24 \u00d7 20 cm), johon takki mahtuu<\/li>\n<\/ul>\n<p><!--EndFragment --><\/p>\n","protected":false},"excerpt":{"rendered":"<p>Tyylik\u00e4s, kevyt ja l\u00e4mmin takki<\/p>\n","protected":false},"featured_media":57426,"template":"","meta":{"_acf_changed":false},"pwb-brand":[1744],"product_brand":[],"product_cat":[876,777,702],"product_tag":[],"woo-feed-brand":[],"class_list":{"0":"post-57662","1":"product","2":"type-product","3":"status-publish","4":"has-post-thumbnail","6":"pwb-brand-save-the-duck-fi","7":"product_cat-edullinen-hinta-miehet-fi","8":"product_cat-miehet","9":"product_cat-paallysvaatteet-miehet","11":"first","12":"instock","13":"sale","14":"taxable","15":"shipping-taxable","16":"purchasable","17":"product-type-variable","18":"wvs-archive-product-wrapper"},"acf":[],"brands":[{"id":1744,"name":"Save the Duck","slug":"save-the-duck-fi"}],"_links":{"self":[{"href":"https:\/\/nautical.store\/fi\/wp-json\/wp\/v2\/product\/57662","targetHints":{"allow":["GET"]}}],"collection":[{"href":"https:\/\/nautical.store\/fi\/wp-json\/wp\/v2\/product"}],"about":[{"href":"https:\/\/nautical.store\/fi\/wp-json\/wp\/v2\/types\/product"}],"wp:featuredmedia":[{"embeddable":true,"href":"https:\/\/nautical.store\/fi\/wp-json\/wp\/v2\/media\/57426"}],"wp:attachment":[{"href":"https:\/\/nautical.store\/fi\/wp-json\/wp\/v2\/media?parent=57662"}],"wp:term":[{"taxonomy":"pwb-brand","embeddable":true,"href":"https:\/\/nautical.store\/fi\/wp-json\/wp\/v2\/pwb-brand?post=57662"},{"taxonomy":"product_brand","embeddable":true,"href":"https:\/\/nautical.store\/fi\/wp-json\/wp\/v2\/product_brand?post=57662"},{"taxonomy":"product_cat","embeddable":true,"href":"https:\/\/nautical.store\/fi\/wp-json\/wp\/v2\/product_cat?post=57662"},{"taxonomy":"product_tag","embeddable":true,"href":"https:\/\/nautical.store\/fi\/wp-json\/wp\/v2\/product_tag?post=57662"},{"taxonomy":"woo-feed-brand","embeddable":true,"href":"https:\/\/nautical.store\/fi\/wp-json\/wp\/v2\/woo-feed-brand?post=57662"}],"curies":[{"name":"wp","href":"https:\/\/api.w.org\/{rel}","templated":true}]}}