{"id":59214,"date":"2024-03-07T12:21:53","date_gmt":"2024-03-07T10:21:53","guid":{"rendered":"https:\/\/www.nautical.store\/toode\/brassie-polo\/"},"modified":"2026-04-06T11:34:33","modified_gmt":"2026-04-06T08:34:33","slug":"brassie-polo","status":"publish","type":"product","link":"https:\/\/nautical.store\/fi\/tuote\/brassie-polo\/","title":{"rendered":"PelleP Brassie Polo"},"content":{"rendered":"<p>Lyhythihainen unisex\u2011tyylinen kes\u00e4pikeepaita, joka sopii erinomaisesti l\u00e4mpimien p\u00e4ivien rennoksi asuksi. Brassie Polo kuuluu suosittuun juhlavuosimallistoomme, joka on kunnianosoitus Pellelle ja h\u00e4nen ajattomalle muotokielelleen. Regular\u2011mitoituksinen paita on koristeltu ohuilla vaakaraidoilla, ja siin\u00e4 on p\u00e4\u00e4lle ommeltu rintatasku Pelle P \u2011napilla, tuoden asuun persoonallisen yksityiskohdan. Yhdist\u00e4 Brassie Shorts \u2011shortseihin saadaksesi t\u00e4ydellisen retrohenkisen kokonaisuuden kaikkiin kes\u00e4n hetkiin.<\/p>\n<ul>\n<li>Materiaali: 75 % polyesteri, 15 % puuvilla, 10 % viskoosi<\/li>\n<li>Rakenteellinen polyesteri\u2011puuvillakangas<\/li>\n<li>Kaulus p\u00e4\u00e4materiaalista<\/li>\n<li>Etulista Pelle P \u2011nappeilla<\/li>\n<li>P\u00e4\u00e4lle ommeltu rintatasku Pelle P \u2011napilla<\/li>\n<li>Sivuhalkiot<\/li>\n<li>Kontrastiv\u00e4riset bartack\u2011ompeleet<\/li>\n<li>Kudottu Pelle P \u2011merkki hihassa<\/li>\n<li>Regular\u2011mitoitus<\/li>\n<\/ul>\n","protected":false},"excerpt":{"rendered":"<p>Tyylik\u00e4s kes\u00e4polo<\/p>\n","protected":false},"featured_media":94438,"template":"","meta":{"_acf_changed":false},"pwb-brand":[838],"product_brand":[],"product_cat":[777,633,609],"product_tag":[],"woo-feed-brand":[],"class_list":{"0":"post-59214","1":"product","2":"type-product","3":"status-publish","4":"has-post-thumbnail","6":"pwb-brand-pelle-petterson-fi","7":"product_cat-miehet","8":"product_cat-paidat-fi","9":"product_cat-uutuudet-miehet","11":"first","12":"instock","13":"taxable","14":"shipping-taxable","15":"purchasable","16":"product-type-variable","17":"wvs-archive-product-wrapper"},"acf":[],"brands":[{"id":838,"name":"Pelle Petterson","slug":"pelle-petterson-fi"}],"_links":{"self":[{"href":"https:\/\/nautical.store\/fi\/wp-json\/wp\/v2\/product\/59214","targetHints":{"allow":["GET"]}}],"collection":[{"href":"https:\/\/nautical.store\/fi\/wp-json\/wp\/v2\/product"}],"about":[{"href":"https:\/\/nautical.store\/fi\/wp-json\/wp\/v2\/types\/product"}],"wp:featuredmedia":[{"embeddable":true,"href":"https:\/\/nautical.store\/fi\/wp-json\/wp\/v2\/media\/94438"}],"wp:attachment":[{"href":"https:\/\/nautical.store\/fi\/wp-json\/wp\/v2\/media?parent=59214"}],"wp:term":[{"taxonomy":"pwb-brand","embeddable":true,"href":"https:\/\/nautical.store\/fi\/wp-json\/wp\/v2\/pwb-brand?post=59214"},{"taxonomy":"product_brand","embeddable":true,"href":"https:\/\/nautical.store\/fi\/wp-json\/wp\/v2\/product_brand?post=59214"},{"taxonomy":"product_cat","embeddable":true,"href":"https:\/\/nautical.store\/fi\/wp-json\/wp\/v2\/product_cat?post=59214"},{"taxonomy":"product_tag","embeddable":true,"href":"https:\/\/nautical.store\/fi\/wp-json\/wp\/v2\/product_tag?post=59214"},{"taxonomy":"woo-feed-brand","embeddable":true,"href":"https:\/\/nautical.store\/fi\/wp-json\/wp\/v2\/woo-feed-brand?post=59214"}],"curies":[{"name":"wp","href":"https:\/\/api.w.org\/{rel}","templated":true}]}}