{"id":59222,"date":"2024-03-06T13:39:32","date_gmt":"2024-03-06T11:39:32","guid":{"rendered":"https:\/\/www.nautical.store\/toode\/defender-iii-spray-purjehdustakki\/"},"modified":"2024-10-19T20:46:28","modified_gmt":"2024-10-19T17:46:28","slug":"defender-iii-spray-purjehdustakki","status":"publish","type":"product","link":"https:\/\/nautical.store\/fi\/tuote\/defender-iii-spray-purjehdustakki\/","title":{"rendered":"Defender III Spray Purjehdustakki"},"content":{"rendered":"<p>Defender III Spray on 4-kerroksinen miesten purjehdustakki, jossa on Hi:res\u00ae SW4L -kalvo.<\/p>\n<ul>\n<li>Defender III Spray -takki on tuulen- ja vedenpit\u00e4v\u00e4, ja siin\u00e4 on teipatut saumat, ja sen kangas on hengitt\u00e4v\u00e4<\/li>\n<li>Nivelletyt hihat takaavat t\u00e4yden liikkuvuuden<\/li>\n<li>Hihansuiden p\u00e4\u00e4t ovat s\u00e4\u00e4dett\u00e4viss\u00e4 takin kiinnityksell\u00e4<\/li>\n<li>Vetoketjullinen rintatasku edess\u00e4<\/li>\n<li>S\u00e4\u00e4dett\u00e4v\u00e4t hihansuiden p\u00e4\u00e4t tarranauhakiinnityksell\u00e4, jotta tuuli ja vesi pysyv\u00e4t turvassa<\/li>\n<li>Aquaguard-vetoketjut<\/li>\n<li>Heijastavat yksityiskohdat sel\u00e4ss\u00e4<\/li>\n<li>Neopreenikaulus, hihat ja vy\u00f6t\u00e4r\u00f6 optimaalista istuvuutta varten ja s\u00e4\u00e4dett\u00e4viss\u00e4 ep\u00e4miellytt\u00e4vien sadekuurojen v\u00e4ltt\u00e4miseksi<\/li>\n<li>Vedenpit\u00e4vyys 30.000mm<\/li>\n<\/ul>\n","protected":false},"excerpt":{"rendered":"<p>Defender III Spray on 4-kerroksinen miesten purjehdustakki, jossa on Hi:res\u00ae SW4L -kalvo. Defender III Spray -takki on tuulen- ja vedenpit\u00e4v\u00e4, ja siin\u00e4 on teipatut saumat, ja sen kangas on hengitt\u00e4v\u00e4 Nivelletyt hihat takaavat t\u00e4yden liikkuvuuden Hihansuiden p\u00e4\u00e4t ovat s\u00e4\u00e4dett\u00e4viss\u00e4 takin kiinnityksell\u00e4 Vetoketjullinen rintatasku edess\u00e4 S\u00e4\u00e4dett\u00e4v\u00e4t hihansuiden p\u00e4\u00e4t tarranauhakiinnityksell\u00e4, jotta tuuli ja vesi pysyv\u00e4t turvassa Aquaguard-vetoketjut [&hellip;]<\/p>\n","protected":false},"featured_media":58752,"template":"","meta":{"_acf_changed":false},"pwb-brand":[838],"product_brand":[],"product_cat":[1261,1262,1269,682,726],"product_tag":[],"woo-feed-brand":[],"class_list":{"0":"post-59222","1":"product","2":"type-product","3":"status-publish","4":"has-post-thumbnail","6":"pwb-brand-pelle-petterson-fi","7":"product_cat-miesten-purjehdusvaatteet","8":"product_cat-naisten-purjehdusvaatteet","9":"product_cat-purjehdus","10":"product_cat-tekniset-vaatteet","11":"product_cat-tekniset-vaatteet-naiset","13":"first","14":"instock","15":"taxable","16":"shipping-taxable","17":"purchasable","18":"product-type-variable","19":"wvs-archive-product-wrapper"},"acf":[],"brands":[{"id":838,"name":"Pelle Petterson","slug":"pelle-petterson-fi"}],"_links":{"self":[{"href":"https:\/\/nautical.store\/fi\/wp-json\/wp\/v2\/product\/59222","targetHints":{"allow":["GET"]}}],"collection":[{"href":"https:\/\/nautical.store\/fi\/wp-json\/wp\/v2\/product"}],"about":[{"href":"https:\/\/nautical.store\/fi\/wp-json\/wp\/v2\/types\/product"}],"wp:featuredmedia":[{"embeddable":true,"href":"https:\/\/nautical.store\/fi\/wp-json\/wp\/v2\/media\/58752"}],"wp:attachment":[{"href":"https:\/\/nautical.store\/fi\/wp-json\/wp\/v2\/media?parent=59222"}],"wp:term":[{"taxonomy":"pwb-brand","embeddable":true,"href":"https:\/\/nautical.store\/fi\/wp-json\/wp\/v2\/pwb-brand?post=59222"},{"taxonomy":"product_brand","embeddable":true,"href":"https:\/\/nautical.store\/fi\/wp-json\/wp\/v2\/product_brand?post=59222"},{"taxonomy":"product_cat","embeddable":true,"href":"https:\/\/nautical.store\/fi\/wp-json\/wp\/v2\/product_cat?post=59222"},{"taxonomy":"product_tag","embeddable":true,"href":"https:\/\/nautical.store\/fi\/wp-json\/wp\/v2\/product_tag?post=59222"},{"taxonomy":"woo-feed-brand","embeddable":true,"href":"https:\/\/nautical.store\/fi\/wp-json\/wp\/v2\/woo-feed-brand?post=59222"}],"curies":[{"name":"wp","href":"https:\/\/api.w.org\/{rel}","templated":true}]}}