{"id":59227,"date":"2024-03-06T12:28:42","date_gmt":"2024-03-06T10:28:42","guid":{"rendered":"https:\/\/www.nautical.store\/toode\/jr-mori-monde-t-paita\/"},"modified":"2024-07-30T12:38:13","modified_gmt":"2024-07-30T09:38:13","slug":"jr-mori-monde-t-paita","status":"publish","type":"product","link":"https:\/\/nautical.store\/fi\/tuote\/jr-mori-monde-t-paita\/","title":{"rendered":"JR Mori Monde T-Paita"},"content":{"rendered":"<p>Mukava ja pehme\u00e4 puuvillaa ja bambuviskoosia sis\u00e4lt\u00e4v\u00e4 t-paita.<\/p>\n<ul>\n<li>Pelle P -logo takana kaula-aukossa<\/li>\n<li>Kangas: 52% puuvillaa, 43% bambuviskoosia, 5% elastaania<\/li>\n<\/ul>\n","protected":false},"excerpt":{"rendered":"<p>Mukava ja pehme\u00e4 puuvillaa ja bambuviskoosia sis\u00e4lt\u00e4v\u00e4 t-paita. Pelle P -logo takana kaula-aukossa Kangas: 52% puuvillaa, 43% bambuviskoosia, 5% elastaania<\/p>\n","protected":false},"featured_media":58705,"template":"","meta":{"_acf_changed":false},"pwb-brand":[838],"product_brand":[],"product_cat":[826],"product_tag":[],"woo-feed-brand":[],"class_list":{"0":"post-59227","1":"product","2":"type-product","3":"status-publish","4":"has-post-thumbnail","6":"pwb-brand-pelle-petterson-fi","7":"product_cat-lapset","9":"first","10":"instock","11":"taxable","12":"shipping-taxable","13":"purchasable","14":"product-type-variable","15":"wvs-archive-product-wrapper"},"acf":[],"brands":[{"id":838,"name":"Pelle Petterson","slug":"pelle-petterson-fi"}],"_links":{"self":[{"href":"https:\/\/nautical.store\/fi\/wp-json\/wp\/v2\/product\/59227","targetHints":{"allow":["GET"]}}],"collection":[{"href":"https:\/\/nautical.store\/fi\/wp-json\/wp\/v2\/product"}],"about":[{"href":"https:\/\/nautical.store\/fi\/wp-json\/wp\/v2\/types\/product"}],"wp:featuredmedia":[{"embeddable":true,"href":"https:\/\/nautical.store\/fi\/wp-json\/wp\/v2\/media\/58705"}],"wp:attachment":[{"href":"https:\/\/nautical.store\/fi\/wp-json\/wp\/v2\/media?parent=59227"}],"wp:term":[{"taxonomy":"pwb-brand","embeddable":true,"href":"https:\/\/nautical.store\/fi\/wp-json\/wp\/v2\/pwb-brand?post=59227"},{"taxonomy":"product_brand","embeddable":true,"href":"https:\/\/nautical.store\/fi\/wp-json\/wp\/v2\/product_brand?post=59227"},{"taxonomy":"product_cat","embeddable":true,"href":"https:\/\/nautical.store\/fi\/wp-json\/wp\/v2\/product_cat?post=59227"},{"taxonomy":"product_tag","embeddable":true,"href":"https:\/\/nautical.store\/fi\/wp-json\/wp\/v2\/product_tag?post=59227"},{"taxonomy":"woo-feed-brand","embeddable":true,"href":"https:\/\/nautical.store\/fi\/wp-json\/wp\/v2\/woo-feed-brand?post=59227"}],"curies":[{"name":"wp","href":"https:\/\/api.w.org\/{rel}","templated":true}]}}