{"id":59234,"date":"2024-03-05T16:52:17","date_gmt":"2024-03-05T14:52:17","guid":{"rendered":"https:\/\/www.nautical.store\/toode\/loft-fleece\/"},"modified":"2024-08-10T21:40:08","modified_gmt":"2024-08-10T18:40:08","slug":"loft-fleece","status":"publish","type":"product","link":"https:\/\/nautical.store\/fi\/tuote\/loft-fleece\/","title":{"rendered":"Loft Fleece"},"content":{"rendered":"<p>Pehme ja mukava miesten fleece, joka on valmistettu 100% kierr\u00e4tetyst\u00e4 polyesterist\u00e4. Korkea kaulus tarjoaa lis\u00e4l\u00e4mp\u00f6\u00e4. Fleecess\u00e4 on kaksi vetoketjullista sivutaskua, jotka pit\u00e4v\u00e4t k\u00e4det l\u00e4mpimin\u00e4. Lis\u00e4ksi tyylikk\u00e4\u00e4t kontrastiv\u00e4riset vetoketjut antavat sille modernin ilmeen.<\/p>\n<ul>\n<li>Rintatasku<\/li>\n<li>Brodeerattu P-logo rintataskussa ja sel\u00e4ss\u00e4<\/li>\n<\/ul>\n","protected":false},"excerpt":{"rendered":"<p>Pehme ja mukava miesten fleece, joka on valmistettu 100% kierr\u00e4tetyst\u00e4 polyesterist\u00e4. Korkea kaulus tarjoaa lis\u00e4l\u00e4mp\u00f6\u00e4. Fleecess\u00e4 on kaksi vetoketjullista sivutaskua, jotka pit\u00e4v\u00e4t k\u00e4det l\u00e4mpimin\u00e4. Lis\u00e4ksi tyylikk\u00e4\u00e4t kontrastiv\u00e4riset vetoketjut antavat sille modernin ilmeen. Rintatasku Brodeerattu P-logo rintataskussa ja sel\u00e4ss\u00e4<\/p>\n","protected":false},"featured_media":66930,"template":"","meta":{"_acf_changed":false},"pwb-brand":[838],"product_brand":[],"product_cat":[716,777],"product_tag":[],"woo-feed-brand":[],"class_list":{"0":"post-59234","1":"product","2":"type-product","3":"status-publish","4":"has-post-thumbnail","6":"pwb-brand-pelle-petterson-fi","7":"product_cat-hupparit-ja-fleecet-miehet","8":"product_cat-miehet","10":"first","11":"instock","12":"sale","13":"taxable","14":"shipping-taxable","15":"purchasable","16":"product-type-variable","17":"wvs-archive-product-wrapper"},"acf":[],"brands":[{"id":838,"name":"Pelle Petterson","slug":"pelle-petterson-fi"}],"_links":{"self":[{"href":"https:\/\/nautical.store\/fi\/wp-json\/wp\/v2\/product\/59234","targetHints":{"allow":["GET"]}}],"collection":[{"href":"https:\/\/nautical.store\/fi\/wp-json\/wp\/v2\/product"}],"about":[{"href":"https:\/\/nautical.store\/fi\/wp-json\/wp\/v2\/types\/product"}],"wp:featuredmedia":[{"embeddable":true,"href":"https:\/\/nautical.store\/fi\/wp-json\/wp\/v2\/media\/66930"}],"wp:attachment":[{"href":"https:\/\/nautical.store\/fi\/wp-json\/wp\/v2\/media?parent=59234"}],"wp:term":[{"taxonomy":"pwb-brand","embeddable":true,"href":"https:\/\/nautical.store\/fi\/wp-json\/wp\/v2\/pwb-brand?post=59234"},{"taxonomy":"product_brand","embeddable":true,"href":"https:\/\/nautical.store\/fi\/wp-json\/wp\/v2\/product_brand?post=59234"},{"taxonomy":"product_cat","embeddable":true,"href":"https:\/\/nautical.store\/fi\/wp-json\/wp\/v2\/product_cat?post=59234"},{"taxonomy":"product_tag","embeddable":true,"href":"https:\/\/nautical.store\/fi\/wp-json\/wp\/v2\/product_tag?post=59234"},{"taxonomy":"woo-feed-brand","embeddable":true,"href":"https:\/\/nautical.store\/fi\/wp-json\/wp\/v2\/woo-feed-brand?post=59234"}],"curies":[{"name":"wp","href":"https:\/\/api.w.org\/{rel}","templated":true}]}}