{"id":59240,"date":"2024-03-05T16:40:08","date_gmt":"2024-03-05T14:40:08","guid":{"rendered":"https:\/\/www.nautical.store\/toode\/loft-liivi\/"},"modified":"2026-01-22T14:39:21","modified_gmt":"2026-01-22T12:39:21","slug":"loft-liivi","status":"publish","type":"product","link":"https:\/\/nautical.store\/fi\/tuote\/loft-liivi\/","title":{"rendered":"pelleP Loft Liivi"},"content":{"rendered":"<p><!--StartFragment --><\/p>\n<p>Mukava, normaalisti istuva fleece-liivi on k\u00e4yt\u00e4nn\u00f6llinen lis\u00e4kerros ja sopii hyvin jokap\u00e4iv\u00e4iseen k\u00e4ytt\u00f6\u00f6n. Liivi on valmistettu 100 % kierr\u00e4tetyst\u00e4 polyesterist\u00e4, huomioiden ymp\u00e4rist\u00f6yst\u00e4v\u00e4llisyyden. Kaksi vetoketjullista sivutaskua pit\u00e4v\u00e4t k\u00e4det l\u00e4mpimin\u00e4, ja twill-kankaasta tehty rintatasku sopii pienille tavaroille. Pehme\u00e4 ja korkea kaulus l\u00e4mmitt\u00e4\u00e4 kaulaa ja tekee liivist\u00e4 miellytt\u00e4v\u00e4n k\u00e4ytt\u00e4\u00e4 koko p\u00e4iv\u00e4n ajan. Hyv\u00e4 valinta lis\u00e4l\u00e4mm\u00f6ksi tai pitk\u00e4hihaisen paidan p\u00e4\u00e4lle.<\/p>\n<ul>\n<li>Kaksi vetoketjullista sivutaskua<\/li>\n<li>Rintatasku<\/li>\n<li>100 % kierr\u00e4tetty polyesteri<\/li>\n<li>Korkea kaulus<\/li>\n<li>P-logolliset vetoketjut<\/li>\n<li>P-logo rintataskussa ja niskassa<\/li>\n<li>Sopii erinomaisesti paidan p\u00e4\u00e4lle tai lis\u00e4kerrokseksi takin alle<\/li>\n<\/ul>\n<p><!--EndFragment --><\/p>\n","protected":false},"excerpt":{"rendered":"<p>Mukava, normaalisti istuva fleece-liivi on k\u00e4yt\u00e4nn\u00f6llinen lis\u00e4kerros ja sopii hyvin jokap\u00e4iv\u00e4iseen k\u00e4ytt\u00f6\u00f6n. Liivi on valmistettu 100 % kierr\u00e4tetyst\u00e4 polyesterist\u00e4, huomioiden ymp\u00e4rist\u00f6yst\u00e4v\u00e4llisyyden. Kaksi vetoketjullista sivutaskua pit\u00e4v\u00e4t k\u00e4det l\u00e4mpimin\u00e4, ja twill-kankaasta tehty rintatasku sopii pienille tavaroille. Pehme\u00e4 ja korkea kaulus l\u00e4mmitt\u00e4\u00e4 kaulaa ja tekee liivist\u00e4 miellytt\u00e4v\u00e4n k\u00e4ytt\u00e4\u00e4 koko p\u00e4iv\u00e4n ajan. Hyv\u00e4 valinta lis\u00e4l\u00e4mm\u00f6ksi tai pitk\u00e4hihaisen paidan p\u00e4\u00e4lle. [&hellip;]<\/p>\n","protected":false},"featured_media":58665,"template":"","meta":{"_acf_changed":false},"pwb-brand":[838],"product_brand":[],"product_cat":[777,702],"product_tag":[],"woo-feed-brand":[],"class_list":{"0":"post-59240","1":"product","2":"type-product","3":"status-publish","4":"has-post-thumbnail","6":"pwb-brand-pelle-petterson-fi","7":"product_cat-miehet","8":"product_cat-paallysvaatteet-miehet","10":"first","11":"instock","12":"taxable","13":"shipping-taxable","14":"purchasable","15":"product-type-variable","16":"wvs-archive-product-wrapper"},"acf":[],"brands":[{"id":838,"name":"Pelle Petterson","slug":"pelle-petterson-fi"}],"_links":{"self":[{"href":"https:\/\/nautical.store\/fi\/wp-json\/wp\/v2\/product\/59240","targetHints":{"allow":["GET"]}}],"collection":[{"href":"https:\/\/nautical.store\/fi\/wp-json\/wp\/v2\/product"}],"about":[{"href":"https:\/\/nautical.store\/fi\/wp-json\/wp\/v2\/types\/product"}],"wp:featuredmedia":[{"embeddable":true,"href":"https:\/\/nautical.store\/fi\/wp-json\/wp\/v2\/media\/58665"}],"wp:attachment":[{"href":"https:\/\/nautical.store\/fi\/wp-json\/wp\/v2\/media?parent=59240"}],"wp:term":[{"taxonomy":"pwb-brand","embeddable":true,"href":"https:\/\/nautical.store\/fi\/wp-json\/wp\/v2\/pwb-brand?post=59240"},{"taxonomy":"product_brand","embeddable":true,"href":"https:\/\/nautical.store\/fi\/wp-json\/wp\/v2\/product_brand?post=59240"},{"taxonomy":"product_cat","embeddable":true,"href":"https:\/\/nautical.store\/fi\/wp-json\/wp\/v2\/product_cat?post=59240"},{"taxonomy":"product_tag","embeddable":true,"href":"https:\/\/nautical.store\/fi\/wp-json\/wp\/v2\/product_tag?post=59240"},{"taxonomy":"woo-feed-brand","embeddable":true,"href":"https:\/\/nautical.store\/fi\/wp-json\/wp\/v2\/woo-feed-brand?post=59240"}],"curies":[{"name":"wp","href":"https:\/\/api.w.org\/{rel}","templated":true}]}}