{"id":59244,"date":"2024-03-05T15:00:35","date_gmt":"2024-03-05T13:00:35","guid":{"rendered":"https:\/\/www.nautical.store\/toode\/rollneck-neule\/"},"modified":"2025-02-09T22:06:12","modified_gmt":"2025-02-09T20:06:12","slug":"rollneck-neule","status":"publish","type":"product","link":"https:\/\/nautical.store\/fi\/tuote\/rollneck-neule\/","title":{"rendered":"Rollneck Neule"},"content":{"rendered":"<p>Tyylik\u00e4s, l\u00e4mmin ja mukava neulepusero, joka on valmistettu puuvillan ja merinovillan sekoituksesta.<\/p>\n<ul>\n<li>Raglan-hihat<\/li>\n<li>Kylkip\u00e4\u00e4rmeet helmassa ja hihansuissa<\/li>\n<li>Materiaali: 60 % puuvillaa, 30 % polyamidia, 10 % merinovillaa<\/li>\n<li>P-logo vasemmassa hihassa<\/li>\n<\/ul>\n","protected":false},"excerpt":{"rendered":"<p>Tyylik\u00e4s, l\u00e4mmin ja mukava neulepusero, joka on valmistettu puuvillan ja merinovillan sekoituksesta. Raglan-hihat Kylkip\u00e4\u00e4rmeet helmassa ja hihansuissa Materiaali: 60 % puuvillaa, 30 % polyamidia, 10 % merinovillaa P-logo vasemmassa hihassa<\/p>\n","protected":false},"featured_media":58642,"template":"","meta":{"_acf_changed":false},"pwb-brand":[838],"product_brand":[],"product_cat":[876,777,619],"product_tag":[],"woo-feed-brand":[],"class_list":{"0":"post-59244","1":"product","2":"type-product","3":"status-publish","4":"has-post-thumbnail","6":"pwb-brand-pelle-petterson-fi","7":"product_cat-edullinen-hinta-miehet-fi","8":"product_cat-miehet","9":"product_cat-neuleet-miehet","11":"first","12":"instock","13":"sale","14":"taxable","15":"shipping-taxable","16":"purchasable","17":"product-type-variable","18":"wvs-archive-product-wrapper"},"acf":[],"brands":[{"id":838,"name":"Pelle Petterson","slug":"pelle-petterson-fi"}],"_links":{"self":[{"href":"https:\/\/nautical.store\/fi\/wp-json\/wp\/v2\/product\/59244","targetHints":{"allow":["GET"]}}],"collection":[{"href":"https:\/\/nautical.store\/fi\/wp-json\/wp\/v2\/product"}],"about":[{"href":"https:\/\/nautical.store\/fi\/wp-json\/wp\/v2\/types\/product"}],"wp:featuredmedia":[{"embeddable":true,"href":"https:\/\/nautical.store\/fi\/wp-json\/wp\/v2\/media\/58642"}],"wp:attachment":[{"href":"https:\/\/nautical.store\/fi\/wp-json\/wp\/v2\/media?parent=59244"}],"wp:term":[{"taxonomy":"pwb-brand","embeddable":true,"href":"https:\/\/nautical.store\/fi\/wp-json\/wp\/v2\/pwb-brand?post=59244"},{"taxonomy":"product_brand","embeddable":true,"href":"https:\/\/nautical.store\/fi\/wp-json\/wp\/v2\/product_brand?post=59244"},{"taxonomy":"product_cat","embeddable":true,"href":"https:\/\/nautical.store\/fi\/wp-json\/wp\/v2\/product_cat?post=59244"},{"taxonomy":"product_tag","embeddable":true,"href":"https:\/\/nautical.store\/fi\/wp-json\/wp\/v2\/product_tag?post=59244"},{"taxonomy":"woo-feed-brand","embeddable":true,"href":"https:\/\/nautical.store\/fi\/wp-json\/wp\/v2\/woo-feed-brand?post=59244"}],"curies":[{"name":"wp","href":"https:\/\/api.w.org\/{rel}","templated":true}]}}