{"id":59249,"date":"2024-03-05T14:21:24","date_gmt":"2024-03-05T12:21:24","guid":{"rendered":"https:\/\/www.nautical.store\/toode\/tactic-spray-purjehdustakki\/"},"modified":"2025-05-27T15:40:08","modified_gmt":"2025-05-27T12:40:08","slug":"tactic-spray-purjehdustakki","status":"publish","type":"product","link":"https:\/\/nautical.store\/fi\/tuote\/tactic-spray-purjehdustakki\/","title":{"rendered":"Tactic Spray Purjehdustakki"},"content":{"rendered":"<p>Tactic Spray on miesten purjehdustakki, jossa on 2-kerroksinen Hi:res\u00ae 20T2L -kalvo.<\/p>\n<ul>\n<li>Spray-takki on vedenpit\u00e4v\u00e4 teipatuilla saumoilla, kun taas kangas on hengitt\u00e4v\u00e4<\/li>\n<li>Hihat ovat nivelletyt t\u00e4yden liikkuvuuden takaamiseksi ja hihansuut ovat joustavaa PU:ta, joka pit\u00e4\u00e4 tuulen ja veden turvassa<\/li>\n<li>Hihansuiden p\u00e4\u00e4t ovat s\u00e4\u00e4dett\u00e4viss\u00e4 tarrakiinnityksell\u00e4<\/li>\n<li>Vetoketjullinen etutasku vatsan p\u00e4\u00e4ll\u00e4<\/li>\n<li>Sis\u00e4tasku<\/li>\n<li>Aquaguard-vetoketjut<\/li>\n<\/ul>\n","protected":false},"excerpt":{"rendered":"<p>Tactic Spray on miesten purjehdustakki, jossa on 2-kerroksinen Hi:res\u00ae 20T2L -kalvo. Spray-takki on vedenpit\u00e4v\u00e4 teipatuilla saumoilla, kun taas kangas on hengitt\u00e4v\u00e4 Hihat ovat nivelletyt t\u00e4yden liikkuvuuden takaamiseksi ja hihansuut ovat joustavaa PU:ta, joka pit\u00e4\u00e4 tuulen ja veden turvassa Hihansuiden p\u00e4\u00e4t ovat s\u00e4\u00e4dett\u00e4viss\u00e4 tarrakiinnityksell\u00e4 Vetoketjullinen etutasku vatsan p\u00e4\u00e4ll\u00e4 Sis\u00e4tasku Aquaguard-vetoketjut<\/p>\n","protected":false},"featured_media":58579,"template":"","meta":{"_acf_changed":false},"pwb-brand":[838],"product_brand":[],"product_cat":[777,1261,1262,1269,682,726],"product_tag":[],"woo-feed-brand":[],"class_list":{"0":"post-59249","1":"product","2":"type-product","3":"status-publish","4":"has-post-thumbnail","6":"pwb-brand-pelle-petterson-fi","7":"product_cat-miehet","8":"product_cat-miesten-purjehdusvaatteet","9":"product_cat-naisten-purjehdusvaatteet","10":"product_cat-purjehdus","11":"product_cat-tekniset-vaatteet","12":"product_cat-tekniset-vaatteet-naiset","14":"first","15":"instock","16":"taxable","17":"shipping-taxable","18":"purchasable","19":"product-type-variable","20":"wvs-archive-product-wrapper"},"acf":[],"brands":[{"id":838,"name":"Pelle Petterson","slug":"pelle-petterson-fi"}],"_links":{"self":[{"href":"https:\/\/nautical.store\/fi\/wp-json\/wp\/v2\/product\/59249","targetHints":{"allow":["GET"]}}],"collection":[{"href":"https:\/\/nautical.store\/fi\/wp-json\/wp\/v2\/product"}],"about":[{"href":"https:\/\/nautical.store\/fi\/wp-json\/wp\/v2\/types\/product"}],"wp:featuredmedia":[{"embeddable":true,"href":"https:\/\/nautical.store\/fi\/wp-json\/wp\/v2\/media\/58579"}],"wp:attachment":[{"href":"https:\/\/nautical.store\/fi\/wp-json\/wp\/v2\/media?parent=59249"}],"wp:term":[{"taxonomy":"pwb-brand","embeddable":true,"href":"https:\/\/nautical.store\/fi\/wp-json\/wp\/v2\/pwb-brand?post=59249"},{"taxonomy":"product_brand","embeddable":true,"href":"https:\/\/nautical.store\/fi\/wp-json\/wp\/v2\/product_brand?post=59249"},{"taxonomy":"product_cat","embeddable":true,"href":"https:\/\/nautical.store\/fi\/wp-json\/wp\/v2\/product_cat?post=59249"},{"taxonomy":"product_tag","embeddable":true,"href":"https:\/\/nautical.store\/fi\/wp-json\/wp\/v2\/product_tag?post=59249"},{"taxonomy":"woo-feed-brand","embeddable":true,"href":"https:\/\/nautical.store\/fi\/wp-json\/wp\/v2\/woo-feed-brand?post=59249"}],"curies":[{"name":"wp","href":"https:\/\/api.w.org\/{rel}","templated":true}]}}