{"id":59261,"date":"2024-03-04T16:35:25","date_gmt":"2024-03-04T14:35:25","guid":{"rendered":"https:\/\/www.nautical.store\/toode\/w-hex-housut\/"},"modified":"2025-07-27T21:56:57","modified_gmt":"2025-07-27T18:56:57","slug":"w-hex-housut","status":"publish","type":"product","link":"https:\/\/nautical.store\/fi\/tuote\/w-hex-housut\/","title":{"rendered":"PelleP Naisten Hex-housut"},"content":{"rendered":"<p><!--StartFragment --><\/p>\n<p>Kevyet ja nopeasti kuivuvat naisten Hex-housut \u2014 n\u00e4ist\u00e4 tulee sun uusi lemppari sporttivaatteissa!<br \/>\nN\u00e4iss\u00e4 housuissa on vett\u00e4 hylkiv\u00e4 pinta ja vahvikkeet just niiss\u00e4 kohdissa, miss\u00e4 niit\u00e4 eniten tarvitaan \u2013 polvissa ja takana.<br \/>\nK\u00e4yt\u00e4nn\u00f6lliset vetoketjulliset sivu- ja takataskut tekee n\u00e4ist\u00e4 tosi mukavat ja toimivat. Sopii loistavasti vaellukselle, merelle tai mets\u00e4lenkille.<\/p>\n<ul>\n<li>Vetoketjulliset lahjetaskut ja takataskut<\/li>\n<li>Pelle P -logo vasemmassa lahkeessa ja takana vy\u00f6t\u00e4r\u00f6ll\u00e4<\/li>\n<li>Vahvistettu kangas polvissa<\/li>\n<li>Normaali istuvuus<\/li>\n<\/ul>\n<p><!--EndFragment --><\/p>\n","protected":false},"excerpt":{"rendered":"<p>Naisten kevyet tekniset housut<\/p>\n","protected":false},"featured_media":58491,"template":"","meta":{"_acf_changed":false},"pwb-brand":[838],"product_brand":[],"product_cat":[877,640,827,1262,1269,726],"product_tag":[],"woo-feed-brand":[],"class_list":{"0":"post-59261","1":"product","2":"type-product","3":"status-publish","4":"has-post-thumbnail","6":"pwb-brand-pelle-petterson-fi","7":"product_cat-edullinen-hinta-naiset","8":"product_cat-housut-fi","9":"product_cat-naiset","10":"product_cat-naisten-purjehdusvaatteet","11":"product_cat-purjehdus","12":"product_cat-tekniset-vaatteet-naiset","14":"first","15":"instock","16":"sale","17":"taxable","18":"shipping-taxable","19":"purchasable","20":"product-type-variable","21":"wvs-archive-product-wrapper"},"acf":[],"brands":[{"id":838,"name":"Pelle Petterson","slug":"pelle-petterson-fi"}],"_links":{"self":[{"href":"https:\/\/nautical.store\/fi\/wp-json\/wp\/v2\/product\/59261","targetHints":{"allow":["GET"]}}],"collection":[{"href":"https:\/\/nautical.store\/fi\/wp-json\/wp\/v2\/product"}],"about":[{"href":"https:\/\/nautical.store\/fi\/wp-json\/wp\/v2\/types\/product"}],"wp:featuredmedia":[{"embeddable":true,"href":"https:\/\/nautical.store\/fi\/wp-json\/wp\/v2\/media\/58491"}],"wp:attachment":[{"href":"https:\/\/nautical.store\/fi\/wp-json\/wp\/v2\/media?parent=59261"}],"wp:term":[{"taxonomy":"pwb-brand","embeddable":true,"href":"https:\/\/nautical.store\/fi\/wp-json\/wp\/v2\/pwb-brand?post=59261"},{"taxonomy":"product_brand","embeddable":true,"href":"https:\/\/nautical.store\/fi\/wp-json\/wp\/v2\/product_brand?post=59261"},{"taxonomy":"product_cat","embeddable":true,"href":"https:\/\/nautical.store\/fi\/wp-json\/wp\/v2\/product_cat?post=59261"},{"taxonomy":"product_tag","embeddable":true,"href":"https:\/\/nautical.store\/fi\/wp-json\/wp\/v2\/product_tag?post=59261"},{"taxonomy":"woo-feed-brand","embeddable":true,"href":"https:\/\/nautical.store\/fi\/wp-json\/wp\/v2\/woo-feed-brand?post=59261"}],"curies":[{"name":"wp","href":"https:\/\/api.w.org\/{rel}","templated":true}]}}