{"id":59266,"date":"2024-03-04T16:11:33","date_gmt":"2024-03-04T14:11:33","guid":{"rendered":"https:\/\/www.nautical.store\/toode\/w-loft-huppari\/"},"modified":"2024-05-27T23:52:57","modified_gmt":"2024-05-27T20:52:57","slug":"w-loft-huppari","status":"publish","type":"product","link":"https:\/\/nautical.store\/fi\/tuote\/w-loft-huppari\/","title":{"rendered":"N Loft Huppari"},"content":{"rendered":"<p>Pehme\u00e4 ja mukava naisten fleece hupulla.<\/p>\n<ul>\n<li>100 % kierr\u00e4tetty\u00e4 polyesteri\u00e4<\/li>\n<li>Huppu on vuorattu tuulenpit\u00e4v\u00e4ll\u00e4 kankaalla, joka suojaa viile\u00e4lt\u00e4 tuulelta<\/li>\n<li>Kaksi vetoketjulla varustettua sivutaskua<\/li>\n<li>Vetoketjut Pelle P -logolla<\/li>\n<li>Pelle P -logo rintataskussa ja selk\u00e4kauluksessa<\/li>\n<\/ul>\n","protected":false},"excerpt":{"rendered":"<p>Pehme\u00e4 ja mukava naisten fleece hupulla. 100 % kierr\u00e4tetty\u00e4 polyesteri\u00e4 Huppu on vuorattu tuulenpit\u00e4v\u00e4ll\u00e4 kankaalla, joka suojaa viile\u00e4lt\u00e4 tuulelta Kaksi vetoketjulla varustettua sivutaskua Vetoketjut Pelle P -logolla Pelle P -logo rintataskussa ja selk\u00e4kauluksessa<\/p>\n","protected":false},"featured_media":58483,"template":"","meta":{"_acf_changed":false},"pwb-brand":[838],"product_brand":[],"product_cat":[688,827],"product_tag":[],"woo-feed-brand":[],"class_list":{"0":"post-59266","1":"product","2":"type-product","3":"status-publish","4":"has-post-thumbnail","6":"pwb-brand-pelle-petterson-fi","7":"product_cat-hupparit-ja-fleecet","8":"product_cat-naiset","10":"first","11":"instock","12":"sale","13":"taxable","14":"shipping-taxable","15":"purchasable","16":"product-type-variable","17":"wvs-archive-product-wrapper"},"acf":[],"brands":[{"id":838,"name":"Pelle Petterson","slug":"pelle-petterson-fi"}],"_links":{"self":[{"href":"https:\/\/nautical.store\/fi\/wp-json\/wp\/v2\/product\/59266","targetHints":{"allow":["GET"]}}],"collection":[{"href":"https:\/\/nautical.store\/fi\/wp-json\/wp\/v2\/product"}],"about":[{"href":"https:\/\/nautical.store\/fi\/wp-json\/wp\/v2\/types\/product"}],"wp:featuredmedia":[{"embeddable":true,"href":"https:\/\/nautical.store\/fi\/wp-json\/wp\/v2\/media\/58483"}],"wp:attachment":[{"href":"https:\/\/nautical.store\/fi\/wp-json\/wp\/v2\/media?parent=59266"}],"wp:term":[{"taxonomy":"pwb-brand","embeddable":true,"href":"https:\/\/nautical.store\/fi\/wp-json\/wp\/v2\/pwb-brand?post=59266"},{"taxonomy":"product_brand","embeddable":true,"href":"https:\/\/nautical.store\/fi\/wp-json\/wp\/v2\/product_brand?post=59266"},{"taxonomy":"product_cat","embeddable":true,"href":"https:\/\/nautical.store\/fi\/wp-json\/wp\/v2\/product_cat?post=59266"},{"taxonomy":"product_tag","embeddable":true,"href":"https:\/\/nautical.store\/fi\/wp-json\/wp\/v2\/product_tag?post=59266"},{"taxonomy":"woo-feed-brand","embeddable":true,"href":"https:\/\/nautical.store\/fi\/wp-json\/wp\/v2\/woo-feed-brand?post=59266"}],"curies":[{"name":"wp","href":"https:\/\/api.w.org\/{rel}","templated":true}]}}